{"id":695,"date":"2023-06-19T01:38:53","date_gmt":"2023-06-19T01:38:53","guid":{"rendered":"https:\/\/estarmachinery.com\/?post_type=product&#038;p=695"},"modified":"2023-07-13T08:54:40","modified_gmt":"2023-07-13T08:54:40","slug":"es-yh958-high-speed-paper-creasing-machine","status":"publish","type":"product","link":"https:\/\/estarmachinery.com\/pt\/produto\/es-yh958-high-speed-paper-creasing-machine\/","title":{"rendered":"M\u00e1quina de vincar papel de alta velocidade ES-YH958"},"content":{"rendered":"<p style=\"text-align: center;\"><strong><b>M\u00e1quina de vincar papel de alta velocidade ES-YH958<\/b><\/strong><strong><b>\u00a0<\/b><\/strong><\/p>\n<p><img fetchpriority=\"high\" decoding=\"async\" class=\"alignnone size-full wp-image-699 aligncenter\" src=\"https:\/\/estarmachinery.com\/wp-content\/uploads\/2023\/06\/\u4e3b\u56fe1-4.jpg\" alt=\"High Speed Paper Creasing Machine\" width=\"800\" height=\"800\" srcset=\"https:\/\/estarmachinery.com\/wp-content\/uploads\/2023\/06\/\u4e3b\u56fe1-4.jpg 800w, https:\/\/estarmachinery.com\/wp-content\/uploads\/2023\/06\/\u4e3b\u56fe1-4-300x300.jpg 300w, https:\/\/estarmachinery.com\/wp-content\/uploads\/2023\/06\/\u4e3b\u56fe1-4-150x150.jpg 150w, https:\/\/estarmachinery.com\/wp-content\/uploads\/2023\/06\/\u4e3b\u56fe1-4-768x768.jpg 768w, https:\/\/estarmachinery.com\/wp-content\/uploads\/2023\/06\/\u4e3b\u56fe1-4-600x600.jpg 600w, https:\/\/estarmachinery.com\/wp-content\/uploads\/2023\/06\/\u4e3b\u56fe1-4-100x100.jpg 100w\" sizes=\"(max-width: 800px) 100vw, 800px\" \/><\/p>\n<p>Estamos muito gratos a voc\u00ea pelo seu interesse em nossa m\u00e1quina de vincar papel. Com base nos nossos termos e condi\u00e7\u00f5es gerais de venda, temos o prazer de cit\u00e1-lo da seguinte forma:<\/p>\n<table>\n<tbody>\n<tr>\n<td colspan=\"2\" width=\"1486\">Especifica\u00e7\u00e3o:<\/td>\n<\/tr>\n<tr>\n<td width=\"579\">Modelo<\/td>\n<td width=\"907\"><strong><b>ES-YH958<\/b><\/strong><\/td>\n<\/tr>\n<tr>\n<td width=\"579\">Espessura do papel<\/td>\n<td width=\"907\">108 ~ 350g (vincos) 108 ~ 300g (linha pontilhada)<\/td>\n<\/tr>\n<tr>\n<td width=\"579\">N\u00fameros de vincos por cada papel<\/td>\n<td width=\"907\">0~32 vezes<\/td>\n<\/tr>\n<tr>\n<td width=\"579\">M\u00e9todo de exibi\u00e7\u00e3o<\/td>\n<td width=\"907\">Tela sens\u00edvel ao toque de 7 polegadas<\/td>\n<\/tr>\n<tr>\n<td width=\"579\">Quantidade de papel(\u653e\u7eb8\u91cf\uff09<\/td>\n<td width=\"907\">100 mm<\/td>\n<\/tr>\n<tr>\n<td width=\"579\">Comprimento do papel<\/td>\n<td width=\"907\">150~900mm<\/td>\n<\/tr>\n<tr>\n<td width=\"579\">Alimenta\u00e7\u00e3o de papel<\/td>\n<td width=\"907\">Alimenta\u00e7\u00e3o de papel por suc\u00e7\u00e3o superior<\/td>\n<\/tr>\n<tr>\n<td width=\"579\">Largura do papel<\/td>\n<td width=\"907\">140~330mm<\/td>\n<\/tr>\n<tr>\n<td width=\"579\">Arm\u00e1rio baixo m\u00f3vel<\/td>\n<td width=\"907\">sim<\/td>\n<\/tr>\n<tr>\n<td width=\"579\">Velocidade de vinco (uma vez em papel A4)<\/td>\n<td width=\"907\">8200 unidades\/hora<\/td>\n<\/tr>\n<tr>\n<td width=\"579\">Poder<\/td>\n<td width=\"907\">220 V\/50 Hz ou 110 V\/60 Hz 600 W<\/td>\n<\/tr>\n<tr>\n<td width=\"579\">Dist\u00e2ncia m\u00ednima do vinco<\/td>\n<td width=\"907\">1 mm<\/td>\n<\/tr>\n<tr>\n<td width=\"579\">Dist\u00e2ncia m\u00ednima do primeiro vinco at\u00e9 o topo do papel<\/td>\n<td width=\"907\">3mm<\/td>\n<\/tr>\n<tr>\n<td width=\"579\">Dist\u00e2ncia m\u00ednima do primeiro vinco at\u00e9 a parte inferior do papel<\/td>\n<td width=\"907\">3mm<\/td>\n<\/tr>\n<tr>\n<td width=\"579\">Precis\u00e3o de recuo<\/td>\n<td width=\"907\">\u00b13 mm<\/td>\n<\/tr>\n<tr>\n<td width=\"579\">Dimens\u00e3o da m\u00e1quina<\/td>\n<td width=\"907\">2040*560*1140mm<\/td>\n<\/tr>\n<tr>\n<td width=\"579\">Tamanho da embalagem<\/td>\n<td width=\"907\">76*68*53cm<\/td>\n<\/tr>\n<tr>\n<td width=\"579\">NG\/GW<\/td>\n<td width=\"907\">120kg\/140kg<\/td>\n<\/tr>\n<\/tbody>\n<\/table>","protected":false},"excerpt":{"rendered":"<p>ES-YH958 High Speed Paper Creasing Machine\u00a0 We are highly thankful to you for your interested in our\u00a0paper creasing machine. On the basis of our general terms and conditions of sale, we have pleasure to quote you as followings: Specification: Model ES-YH958 Paper thickness 108~350g(creasing) 108~300g(dotted line) Numbers of creasing per every paper 0~32 times Display [&hellip;]<\/p>","protected":false},"featured_media":696,"template":"","meta":{"site-sidebar-layout":"default","site-content-layout":"default","ast-site-content-layout":"default","site-content-style":"default","site-sidebar-style":"default","ast-global-header-display":"","ast-banner-title-visibility":"","ast-main-header-display":"","ast-hfb-above-header-display":"","ast-hfb-below-header-display":"","ast-hfb-mobile-header-display":"","site-post-title":"","ast-breadcrumbs-content":"","ast-featured-img":"","footer-sml-layout":"","theme-transparent-header-meta":"default","adv-header-id-meta":"","stick-header-meta":"","header-above-stick-meta":"","header-main-stick-meta":"","header-below-stick-meta":"","astra-migrate-meta-layouts":"default","ast-page-background-enabled":"default","ast-page-background-meta":{"desktop":{"background-color":"","background-image":"","background-repeat":"repeat","background-position":"center center","background-size":"auto","background-attachment":"scroll","background-type":"","background-media":"","overlay-type":"","overlay-color":"","overlay-opacity":"","overlay-gradient":""},"tablet":{"background-color":"","background-image":"","background-repeat":"repeat","background-position":"center center","background-size":"auto","background-attachment":"scroll","background-type":"","background-media":"","overlay-type":"","overlay-color":"","overlay-opacity":"","overlay-gradient":""},"mobile":{"background-color":"","background-image":"","background-repeat":"repeat","background-position":"center center","background-size":"auto","background-attachment":"scroll","background-type":"","background-media":"","overlay-type":"","overlay-color":"","overlay-opacity":"","overlay-gradient":""}},"ast-content-background-meta":{"desktop":{"background-color":"var(--ast-global-color-5)","background-image":"","background-repeat":"repeat","background-position":"center center","background-size":"auto","background-attachment":"scroll","background-type":"","background-media":"","overlay-type":"","overlay-color":"","overlay-opacity":"","overlay-gradient":""},"tablet":{"background-color":"var(--ast-global-color-5)","background-image":"","background-repeat":"repeat","background-position":"center center","background-size":"auto","background-attachment":"scroll","background-type":"","background-media":"","overlay-type":"","overlay-color":"","overlay-opacity":"","overlay-gradient":""},"mobile":{"background-color":"var(--ast-global-color-5)","background-image":"","background-repeat":"repeat","background-position":"center center","background-size":"auto","background-attachment":"scroll","background-type":"","background-media":"","overlay-type":"","overlay-color":"","overlay-opacity":"","overlay-gradient":""}}},"product_brand":[],"product_cat":[53,60],"product_tag":[],"class_list":{"0":"post-695","1":"product","2":"type-product","3":"status-publish","4":"has-post-thumbnail","6":"product_cat-creasing-machine","7":"product_cat-hot-machine","8":"desktop-align-center","9":"tablet-align-left","10":"mobile-align-left","12":"first","13":"instock","14":"shipping-taxable","15":"product-type-simple"},"_links":{"self":[{"href":"https:\/\/estarmachinery.com\/pt\/wp-json\/wp\/v2\/product\/695","targetHints":{"allow":["GET"]}}],"collection":[{"href":"https:\/\/estarmachinery.com\/pt\/wp-json\/wp\/v2\/product"}],"about":[{"href":"https:\/\/estarmachinery.com\/pt\/wp-json\/wp\/v2\/types\/product"}],"wp:featuredmedia":[{"embeddable":true,"href":"https:\/\/estarmachinery.com\/pt\/wp-json\/wp\/v2\/media\/696"}],"wp:attachment":[{"href":"https:\/\/estarmachinery.com\/pt\/wp-json\/wp\/v2\/media?parent=695"}],"wp:term":[{"taxonomy":"product_brand","embeddable":true,"href":"https:\/\/estarmachinery.com\/pt\/wp-json\/wp\/v2\/product_brand?post=695"},{"taxonomy":"product_cat","embeddable":true,"href":"https:\/\/estarmachinery.com\/pt\/wp-json\/wp\/v2\/product_cat?post=695"},{"taxonomy":"product_tag","embeddable":true,"href":"https:\/\/estarmachinery.com\/pt\/wp-json\/wp\/v2\/product_tag?post=695"}],"curies":[{"name":"wp","href":"https:\/\/api.w.org\/{rel}","templated":true}]}}