{"id":704,"date":"2023-06-19T01:41:59","date_gmt":"2023-06-19T01:41:59","guid":{"rendered":"https:\/\/estarmachinery.com\/?post_type=product&#038;p=704"},"modified":"2023-07-06T07:15:29","modified_gmt":"2023-07-06T07:15:29","slug":"es-yh350a-automatic-digital-paper-creasing-machine","status":"publish","type":"product","link":"https:\/\/estarmachinery.com\/pt\/produto\/es-yh350a-automatic-digital-paper-creasing-machine\/","title":{"rendered":"M\u00e1quina autom\u00e1tica de vinco de papel digital ES-YH350A"},"content":{"rendered":"<p style=\"text-align: center;\"><strong><b>M\u00e1quina autom\u00e1tica de vinco de papel digital ES-YH350A<\/b><\/strong><\/p>\n<p><img fetchpriority=\"high\" decoding=\"async\" class=\"size-full wp-image-701 aligncenter\" src=\"https:\/\/estarmachinery.com\/wp-content\/uploads\/2023\/06\/\u4e3b\u56fe3-2.jpg\" alt=\"ES-YH350A  Automatic Digital Paper Creasing Machine \" width=\"800\" height=\"800\" srcset=\"https:\/\/estarmachinery.com\/wp-content\/uploads\/2023\/06\/\u4e3b\u56fe3-2.jpg 800w, https:\/\/estarmachinery.com\/wp-content\/uploads\/2023\/06\/\u4e3b\u56fe3-2-300x300.jpg 300w, https:\/\/estarmachinery.com\/wp-content\/uploads\/2023\/06\/\u4e3b\u56fe3-2-150x150.jpg 150w, https:\/\/estarmachinery.com\/wp-content\/uploads\/2023\/06\/\u4e3b\u56fe3-2-768x768.jpg 768w, https:\/\/estarmachinery.com\/wp-content\/uploads\/2023\/06\/\u4e3b\u56fe3-2-600x600.jpg 600w, https:\/\/estarmachinery.com\/wp-content\/uploads\/2023\/06\/\u4e3b\u56fe3-2-100x100.jpg 100w\" sizes=\"(max-width: 800px) 100vw, 800px\" \/><\/p>\n<p>Estamos muito gratos a voc\u00ea pelo seu interesse em nossa m\u00e1quina de vincar papel. Com base nos nossos termos e condi\u00e7\u00f5es gerais de venda, temos o prazer de cit\u00e1-lo da seguinte forma:<\/p>\n<table>\n<tbody>\n<tr>\n<td colspan=\"2\" width=\"1486\"><strong>Especifica\u00e7\u00e3o:<\/strong><\/td>\n<\/tr>\n<tr>\n<td width=\"579\">Modelo<\/td>\n<td width=\"907\"><strong>ES-YH350A<\/strong><\/td>\n<\/tr>\n<tr>\n<td width=\"579\">M\u00e9todo de trabalho<\/td>\n<td width=\"907\">Vinco e linha pontilhada<\/td>\n<\/tr>\n<tr>\n<td width=\"579\">Espessura do papel<\/td>\n<td width=\"907\">60 ~ 450g (vincos) 60 ~ 300g (linha pontilhada)<\/td>\n<\/tr>\n<tr>\n<td width=\"579\">N\u00fameros de vincos por cada papel<\/td>\n<td width=\"907\">0~32 vezes<\/td>\n<\/tr>\n<tr>\n<td width=\"579\">Comprimento do papel<\/td>\n<td width=\"907\">150-660 mm<\/td>\n<\/tr>\n<tr>\n<td width=\"579\">Largura do papel<\/td>\n<td width=\"907\">210-320mm<\/td>\n<\/tr>\n<tr>\n<td width=\"579\">Dist\u00e2ncia m\u00ednima do vinco<\/td>\n<td width=\"907\">1 mm<\/td>\n<\/tr>\n<tr>\n<td width=\"579\">Programa de trabalho<\/td>\n<td width=\"907\">30 grupos<\/td>\n<\/tr>\n<tr>\n<td width=\"579\">Arm\u00e1rio inferior m\u00f3vel<\/td>\n<td width=\"907\">encomendar separadamente<\/td>\n<\/tr>\n<tr>\n<td width=\"579\">Velocidade de vinco (uma vez em papel A4)<\/td>\n<td width=\"907\">3000 unidades\/hora<\/td>\n<\/tr>\n<tr>\n<td width=\"579\">Precis\u00e3o de vinco<\/td>\n<td width=\"907\">\u00b10,2 mm<\/td>\n<\/tr>\n<tr>\n<td width=\"579\">Poder<\/td>\n<td width=\"907\">220 V\/50 Hz ou 110 V\/60 Hz 200 W<\/td>\n<\/tr>\n<tr>\n<td width=\"579\">Dimens\u00e3o da m\u00e1quina<\/td>\n<td width=\"907\">1640*560*430mm<\/td>\n<\/tr>\n<tr>\n<td width=\"579\">Tamanho da embalagem<\/td>\n<td width=\"907\">67*65*51cm<\/td>\n<\/tr>\n<tr>\n<td width=\"579\">GW<\/td>\n<td width=\"907\">75kg<\/td>\n<\/tr>\n<tr>\n<td width=\"579\">Vinco vari\u00e1vel<\/td>\n<td width=\"907\">sim<\/td>\n<\/tr>\n<tr>\n<td width=\"579\">Fun\u00e7\u00e3o de contagem<\/td>\n<td width=\"907\">positivo e negativo<\/td>\n<\/tr>\n<\/tbody>\n<\/table>","protected":false},"excerpt":{"rendered":"<p>ES-YH350A \u00a0Automatic Digital Paper Creasing Machine We are highly thankful to you for your interested in our\u00a0paper creasing machine. On the basis of our general terms and conditions of sale, we have pleasure to quote you as followings: Specification: Model ES-YH350A Working Method Creasing and dotted line Paper thickness 60~450g(creasing) 60~300g(dotted line) Numbers of creasing [&hellip;]<\/p>","protected":false},"featured_media":696,"template":"","meta":{"site-sidebar-layout":"default","site-content-layout":"default","ast-site-content-layout":"default","site-content-style":"default","site-sidebar-style":"default","ast-global-header-display":"","ast-banner-title-visibility":"","ast-main-header-display":"","ast-hfb-above-header-display":"","ast-hfb-below-header-display":"","ast-hfb-mobile-header-display":"","site-post-title":"","ast-breadcrumbs-content":"","ast-featured-img":"","footer-sml-layout":"","ast-disable-related-posts":"","theme-transparent-header-meta":"default","adv-header-id-meta":"","stick-header-meta":"","header-above-stick-meta":"","header-main-stick-meta":"","header-below-stick-meta":"","astra-migrate-meta-layouts":"default","ast-page-background-enabled":"default","ast-page-background-meta":{"desktop":{"background-color":"","background-image":"","background-repeat":"repeat","background-position":"center center","background-size":"auto","background-attachment":"scroll","background-type":"","background-media":"","overlay-type":"","overlay-color":"","overlay-opacity":"","overlay-gradient":""},"tablet":{"background-color":"","background-image":"","background-repeat":"repeat","background-position":"center center","background-size":"auto","background-attachment":"scroll","background-type":"","background-media":"","overlay-type":"","overlay-color":"","overlay-opacity":"","overlay-gradient":""},"mobile":{"background-color":"","background-image":"","background-repeat":"repeat","background-position":"center center","background-size":"auto","background-attachment":"scroll","background-type":"","background-media":"","overlay-type":"","overlay-color":"","overlay-opacity":"","overlay-gradient":""}},"ast-content-background-meta":{"desktop":{"background-color":"var(--ast-global-color-5)","background-image":"","background-repeat":"repeat","background-position":"center center","background-size":"auto","background-attachment":"scroll","background-type":"","background-media":"","overlay-type":"","overlay-color":"","overlay-opacity":"","overlay-gradient":""},"tablet":{"background-color":"var(--ast-global-color-5)","background-image":"","background-repeat":"repeat","background-position":"center center","background-size":"auto","background-attachment":"scroll","background-type":"","background-media":"","overlay-type":"","overlay-color":"","overlay-opacity":"","overlay-gradient":""},"mobile":{"background-color":"var(--ast-global-color-5)","background-image":"","background-repeat":"repeat","background-position":"center center","background-size":"auto","background-attachment":"scroll","background-type":"","background-media":"","overlay-type":"","overlay-color":"","overlay-opacity":"","overlay-gradient":""}}},"product_brand":[],"product_cat":[53],"product_tag":[],"class_list":{"0":"post-704","1":"product","2":"type-product","3":"status-publish","4":"has-post-thumbnail","6":"product_cat-creasing-machine","7":"desktop-align-center","8":"tablet-align-left","9":"mobile-align-left","11":"first","12":"instock","13":"shipping-taxable","14":"product-type-simple"},"_links":{"self":[{"href":"https:\/\/estarmachinery.com\/pt\/wp-json\/wp\/v2\/product\/704","targetHints":{"allow":["GET"]}}],"collection":[{"href":"https:\/\/estarmachinery.com\/pt\/wp-json\/wp\/v2\/product"}],"about":[{"href":"https:\/\/estarmachinery.com\/pt\/wp-json\/wp\/v2\/types\/product"}],"wp:featuredmedia":[{"embeddable":true,"href":"https:\/\/estarmachinery.com\/pt\/wp-json\/wp\/v2\/media\/696"}],"wp:attachment":[{"href":"https:\/\/estarmachinery.com\/pt\/wp-json\/wp\/v2\/media?parent=704"}],"wp:term":[{"taxonomy":"product_brand","embeddable":true,"href":"https:\/\/estarmachinery.com\/pt\/wp-json\/wp\/v2\/product_brand?post=704"},{"taxonomy":"product_cat","embeddable":true,"href":"https:\/\/estarmachinery.com\/pt\/wp-json\/wp\/v2\/product_cat?post=704"},{"taxonomy":"product_tag","embeddable":true,"href":"https:\/\/estarmachinery.com\/pt\/wp-json\/wp\/v2\/product_tag?post=704"}],"curies":[{"name":"wp","href":"https:\/\/api.w.org\/{rel}","templated":true}]}}