{"id":712,"date":"2023-06-19T01:53:40","date_gmt":"2023-06-19T01:53:40","guid":{"rendered":"https:\/\/estarmachinery.com\/?post_type=product&#038;p=712"},"modified":"2023-07-06T07:13:17","modified_gmt":"2023-07-06T07:13:17","slug":"auto-drawing-folding-machine","status":"publish","type":"product","link":"https:\/\/estarmachinery.com\/pt\/produto\/auto-drawing-folding-machine\/","title":{"rendered":"M\u00e1quina dobr\u00e1vel de desenho autom\u00e1tico"},"content":{"rendered":"<p style=\"text-align: center;\"><strong><b>M\u00e1quina dobr\u00e1vel de desenho autom\u00e1tico<\/b><\/strong><\/p>\n<p><img fetchpriority=\"high\" decoding=\"async\" class=\"size-full wp-image-716 aligncenter\" src=\"https:\/\/estarmachinery.com\/wp-content\/uploads\/2023\/06\/\u4e3b\u56fe6-3.jpg\" alt=\"Auto Drawing Folding Machine\" width=\"800\" height=\"800\" srcset=\"https:\/\/estarmachinery.com\/wp-content\/uploads\/2023\/06\/\u4e3b\u56fe6-3.jpg 800w, https:\/\/estarmachinery.com\/wp-content\/uploads\/2023\/06\/\u4e3b\u56fe6-3-300x300.jpg 300w, https:\/\/estarmachinery.com\/wp-content\/uploads\/2023\/06\/\u4e3b\u56fe6-3-150x150.jpg 150w, https:\/\/estarmachinery.com\/wp-content\/uploads\/2023\/06\/\u4e3b\u56fe6-3-768x768.jpg 768w, https:\/\/estarmachinery.com\/wp-content\/uploads\/2023\/06\/\u4e3b\u56fe6-3-600x600.jpg 600w, https:\/\/estarmachinery.com\/wp-content\/uploads\/2023\/06\/\u4e3b\u56fe6-3-100x100.jpg 100w\" sizes=\"(max-width: 800px) 100vw, 800px\" \/><\/p>\n<p>Estamos muito gratos a voc\u00ea pelo seu interesse em nossa m\u00e1quina de desenho autom\u00e1tico. Com base nos nossos termos e condi\u00e7\u00f5es gerais de venda, temos o prazer de cit\u00e1-lo da seguinte forma:<\/p>\n<table>\n<tbody>\n<tr>\n<td colspan=\"2\" width=\"1486\"><strong>Especifica\u00e7\u00e3o:<\/strong><\/td>\n<\/tr>\n<tr>\n<td width=\"559\">Modelo<\/td>\n<td width=\"926\"><strong><b>ES-A0<\/b><\/strong><\/td>\n<\/tr>\n<tr>\n<td width=\"559\">Painel de operacoes<\/td>\n<td width=\"926\">Controle de tela de toque industrial de alta precis\u00e3o<\/td>\n<\/tr>\n<tr>\n<td width=\"559\">Velocidade de dobramento<\/td>\n<td width=\"926\">26m\/min, ajust\u00e1vel<\/td>\n<\/tr>\n<tr>\n<td width=\"559\">Largura m\u00e1xima de dobramento<\/td>\n<td width=\"926\">Desenho tamanho A0<\/td>\n<\/tr>\n<tr>\n<td width=\"559\">Comprimento m\u00e1ximo de dobramento<\/td>\n<td width=\"926\">M\u00e1x.3,5 metros (comprimento ilimitado apenas quando dobrado horizontalmente)<\/td>\n<\/tr>\n<tr>\n<td width=\"559\">Espessura do papel<\/td>\n<td width=\"926\">60~90gsm<\/td>\n<\/tr>\n<tr>\n<td width=\"559\">Tipo de papel<\/td>\n<td width=\"926\">Papel de c\u00f3pia de engenharia, papel de planta, desenho padr\u00e3o, papel de camada, papel de desenho colorido<\/td>\n<\/tr>\n<tr>\n<td width=\"559\">Fonte de energia<\/td>\n<td width=\"926\">AC220V\u00b110, 50\/60 Hz<\/td>\n<\/tr>\n<tr>\n<td width=\"559\">Poder<\/td>\n<td width=\"926\">2500 W<\/td>\n<\/tr>\n<tr>\n<td width=\"559\">Temperatura de trabalho<\/td>\n<td width=\"926\">5-38\u00b0C<\/td>\n<\/tr>\n<tr>\n<td width=\"559\">Dimens\u00f5es<\/td>\n<td width=\"926\">1145*1180*1060mm<\/td>\n<\/tr>\n<tr>\n<td width=\"559\">Peso<\/td>\n<td width=\"926\">330kg<\/td>\n<\/tr>\n<\/tbody>\n<\/table>","protected":false},"excerpt":{"rendered":"<p>Auto Drawing Folding Machine We are highly thankful to you for your interested in our\u00a0auto drawing machine. On the basis of our general terms and conditions of sale, we have pleasure to quote you as followings: Specification: Model ES-A0 Operation panel High precision industrial touch screen control Folding speed 26m\/min, adjustable Max.folding width A0 size [&hellip;]<\/p>","protected":false},"featured_media":715,"template":"","meta":{"site-sidebar-layout":"default","site-content-layout":"default","ast-site-content-layout":"default","site-content-style":"default","site-sidebar-style":"default","ast-global-header-display":"","ast-banner-title-visibility":"","ast-main-header-display":"","ast-hfb-above-header-display":"","ast-hfb-below-header-display":"","ast-hfb-mobile-header-display":"","site-post-title":"","ast-breadcrumbs-content":"","ast-featured-img":"","footer-sml-layout":"","ast-disable-related-posts":"","theme-transparent-header-meta":"default","adv-header-id-meta":"","stick-header-meta":"","header-above-stick-meta":"","header-main-stick-meta":"","header-below-stick-meta":"","astra-migrate-meta-layouts":"default","ast-page-background-enabled":"default","ast-page-background-meta":{"desktop":{"background-color":"","background-image":"","background-repeat":"repeat","background-position":"center center","background-size":"auto","background-attachment":"scroll","background-type":"","background-media":"","overlay-type":"","overlay-color":"","overlay-opacity":"","overlay-gradient":""},"tablet":{"background-color":"","background-image":"","background-repeat":"repeat","background-position":"center center","background-size":"auto","background-attachment":"scroll","background-type":"","background-media":"","overlay-type":"","overlay-color":"","overlay-opacity":"","overlay-gradient":""},"mobile":{"background-color":"","background-image":"","background-repeat":"repeat","background-position":"center center","background-size":"auto","background-attachment":"scroll","background-type":"","background-media":"","overlay-type":"","overlay-color":"","overlay-opacity":"","overlay-gradient":""}},"ast-content-background-meta":{"desktop":{"background-color":"var(--ast-global-color-5)","background-image":"","background-repeat":"repeat","background-position":"center center","background-size":"auto","background-attachment":"scroll","background-type":"","background-media":"","overlay-type":"","overlay-color":"","overlay-opacity":"","overlay-gradient":""},"tablet":{"background-color":"var(--ast-global-color-5)","background-image":"","background-repeat":"repeat","background-position":"center center","background-size":"auto","background-attachment":"scroll","background-type":"","background-media":"","overlay-type":"","overlay-color":"","overlay-opacity":"","overlay-gradient":""},"mobile":{"background-color":"var(--ast-global-color-5)","background-image":"","background-repeat":"repeat","background-position":"center center","background-size":"auto","background-attachment":"scroll","background-type":"","background-media":"","overlay-type":"","overlay-color":"","overlay-opacity":"","overlay-gradient":""}}},"product_brand":[],"product_cat":[47],"product_tag":[],"class_list":{"0":"post-712","1":"product","2":"type-product","3":"status-publish","4":"has-post-thumbnail","6":"product_cat-folding-machine","7":"desktop-align-center","8":"tablet-align-left","9":"mobile-align-left","11":"first","12":"instock","13":"shipping-taxable","14":"product-type-simple"},"_links":{"self":[{"href":"https:\/\/estarmachinery.com\/pt\/wp-json\/wp\/v2\/product\/712","targetHints":{"allow":["GET"]}}],"collection":[{"href":"https:\/\/estarmachinery.com\/pt\/wp-json\/wp\/v2\/product"}],"about":[{"href":"https:\/\/estarmachinery.com\/pt\/wp-json\/wp\/v2\/types\/product"}],"wp:featuredmedia":[{"embeddable":true,"href":"https:\/\/estarmachinery.com\/pt\/wp-json\/wp\/v2\/media\/715"}],"wp:attachment":[{"href":"https:\/\/estarmachinery.com\/pt\/wp-json\/wp\/v2\/media?parent=712"}],"wp:term":[{"taxonomy":"product_brand","embeddable":true,"href":"https:\/\/estarmachinery.com\/pt\/wp-json\/wp\/v2\/product_brand?post=712"},{"taxonomy":"product_cat","embeddable":true,"href":"https:\/\/estarmachinery.com\/pt\/wp-json\/wp\/v2\/product_cat?post=712"},{"taxonomy":"product_tag","embeddable":true,"href":"https:\/\/estarmachinery.com\/pt\/wp-json\/wp\/v2\/product_tag?post=712"}],"curies":[{"name":"wp","href":"https:\/\/api.w.org\/{rel}","templated":true}]}}