{"id":733,"date":"2023-06-19T02:13:28","date_gmt":"2023-06-19T02:13:28","guid":{"rendered":"https:\/\/estarmachinery.com\/?post_type=product&#038;p=733"},"modified":"2023-07-06T07:10:41","modified_gmt":"2023-07-06T07:10:41","slug":"6-trays-10-trays-12-trays-digital-paper-collator-machine","status":"publish","type":"product","link":"https:\/\/estarmachinery.com\/pt\/produto\/6-trays-10-trays-12-trays-digital-paper-collator-machine\/","title":{"rendered":"6 bandejas\/10 bandejas\/12 bandejas M\u00e1quina ordenadora de papel digital"},"content":{"rendered":"<p style=\"text-align: center;\"><strong><b>6 bandejas\/10 bandejas\/12 bandejas <\/b><\/strong><strong><b>M\u00e1quina classificadora de papel digital<\/b><\/strong><\/p>\n<p><img fetchpriority=\"high\" decoding=\"async\" class=\"size-full wp-image-738 aligncenter\" src=\"https:\/\/estarmachinery.com\/wp-content\/uploads\/2023\/06\/\u5fae\u4fe1\u622a\u56fe_20230619101142.png\" alt=\"6 trays\/10 trays\/12 trays Digital Paper Collator Machine \" width=\"776\" height=\"399\" srcset=\"https:\/\/estarmachinery.com\/wp-content\/uploads\/2023\/06\/\u5fae\u4fe1\u622a\u56fe_20230619101142.png 776w, https:\/\/estarmachinery.com\/wp-content\/uploads\/2023\/06\/\u5fae\u4fe1\u622a\u56fe_20230619101142-300x154.png 300w, https:\/\/estarmachinery.com\/wp-content\/uploads\/2023\/06\/\u5fae\u4fe1\u622a\u56fe_20230619101142-768x395.png 768w, https:\/\/estarmachinery.com\/wp-content\/uploads\/2023\/06\/\u5fae\u4fe1\u622a\u56fe_20230619101142-600x309.png 600w\" sizes=\"(max-width: 776px) 100vw, 776px\" \/><\/p>\n<table>\n<tbody>\n<tr>\n<td width=\"229\">Modelo<\/td>\n<td width=\"415\">ES-P6<\/td>\n<td width=\"434\">ES-P10<\/td>\n<td width=\"431\">ES-P12<\/td>\n<\/tr>\n<tr>\n<td width=\"229\">Esta\u00e7\u00e3o<\/td>\n<td width=\"415\">6<\/td>\n<td width=\"434\">10<\/td>\n<td width=\"431\">12<\/td>\n<\/tr>\n<tr>\n<td width=\"229\">Velocidade<\/td>\n<td width=\"415\">2800 folhas\/hora (papel tamanho A4)<\/p>\n<p>2.200 folhas\/hora (papel tamanho A3)<\/td>\n<td width=\"434\">3.000 folhas\/hora (papel tamanho A4)<\/p>\n<p>2.500 folhas\/hora (papel tamanho A3)<\/td>\n<td width=\"431\">3800 folhas\/hora (papel tamanho A4)<\/p>\n<p>3.000 folhas\/hora (papel tamanho A3)<\/td>\n<\/tr>\n<tr>\n<td width=\"229\">Tamanho do papel<\/td>\n<td colspan=\"3\" width=\"1282\">A3-A5<\/td>\n<\/tr>\n<tr>\n<td width=\"229\">Qualidade do papel<\/td>\n<td colspan=\"3\" width=\"1282\">40-210g\/m\u00b2 (a primeira folha e a \u00faltima folha)<\/p>\n<p>55 \u2013 120 g\/m2 (as folhas do meio)<\/td>\n<\/tr>\n<tr>\n<td width=\"229\">Capacidade da esta\u00e7\u00e3o<\/td>\n<td colspan=\"3\" width=\"1282\">250 folhas<\/td>\n<\/tr>\n<tr>\n<td width=\"229\">Capacidade de empilhamento<\/td>\n<td colspan=\"3\" width=\"1282\">600 folhas<\/td>\n<\/tr>\n<tr>\n<td width=\"229\">Dispositivo de empilhamento<\/td>\n<td colspan=\"3\" width=\"1282\">agrupamento cruzado<\/td>\n<\/tr>\n<tr>\n<td width=\"229\">Exibi\u00e7\u00e3o de erro<\/td>\n<td colspan=\"3\" width=\"1282\">Alimenta\u00e7\u00e3o dupla de papel, atolamento de papel, sem papel, sem papel, bandeja de sa\u00edda cheia, falha na alimenta\u00e7\u00e3o de papel, porta traseira aberta.<\/td>\n<\/tr>\n<tr>\n<td width=\"229\">Poder<\/td>\n<td colspan=\"3\" width=\"1282\">AC220V 180W<\/td>\n<\/tr>\n<tr>\n<td width=\"229\">Peso l\u00edquido<\/td>\n<td width=\"415\">aprox.63kg<\/td>\n<td width=\"434\">73kg<\/td>\n<td width=\"431\">90kg<\/td>\n<\/tr>\n<tr>\n<td width=\"229\">Peso bruto<\/td>\n<td width=\"415\">aprox.78kg<\/td>\n<td width=\"434\">93kg<\/td>\n<td width=\"431\">110kg<\/td>\n<\/tr>\n<tr>\n<td width=\"229\">Volume<\/td>\n<td colspan=\"3\" width=\"1282\">\u00a0\u00a0900*710*970mm(XH-C6) 1270*710*970mm(XH-C10) 1300*710*970mm(XH-C12)<\/td>\n<\/tr>\n<tr>\n<td colspan=\"4\" width=\"1512\"><strong>DESEMPENHO E RECURSOS <\/strong><\/p>\n<p>A predefini\u00e7\u00e3o do n\u00famero de c\u00f3pias est\u00e1 dispon\u00edvel.<\/p>\n<p>Exibi\u00e7\u00e3o de desligamento autom\u00e1tico para erros, como alimenta\u00e7\u00e3o de folhas duplas, atolamento de papel, falta de papel, bandeja de papel cheia, etc.<\/p>\n<p>Fornece dois modos de empilhamento: modo de empilhamento cruzado, modo de empilhamento direto<\/p>\n<p><strong>INTERFACE \u00daNICA<\/strong><\/p>\n<p>O ordenador de papel digital XSHEEN est\u00e1 equipado com tela de cristal l\u00edquido de toque suave, f\u00e1cil e simples de operar<\/p>\n<p><strong>MODO DE CONTAGEM FLEX\u00cdVEL <\/strong><\/p>\n<p>O ordenador de papel digital XSHEEN oferece dois modos de contagem:<\/p>\n<p>Modo de contagem regressiva e modo de contagem progressiva<\/p>\n<p>Modo de contagem regressiva: defina o n\u00famero de agrupamento desejado antes de iniciar. A m\u00e1quina de agrupamento faz a contagem regressiva. A m\u00e1quina para automaticamente quando o n\u00famero chega a zero.<\/p>\n<p>Modo de contagem progressiva: A m\u00e1quina de agrupamento faz a contagem progressiva at\u00e9 que todas as folhas impressas sejam completamente agrupadas.<\/td>\n<\/tr>\n<\/tbody>\n<\/table>","protected":false},"excerpt":{"rendered":"<p>6 trays\/10 trays\/12 trays Digital Paper Collator Machine Model ES-P6 ES-P10 ES-P12 Station 6 10 12 Speed 2800shets\/hour\u00a0(A4\u00a0size paper) 2200sheets\/hour (A3 size paper) 3000shets\/hour\u00a0(A4\u00a0size paper) 2500sheets\/hour (A3 size paper) 3800shets\/hour\u00a0(A4\u00a0size paper) 3000sheets\/hour (A3 size paper) Paper size A3-A5 Paper\u00a0quality 40-210g\/m\u00b2 \uff08the first sheet and the last sheet \uff09 55 \u2013 120 gsm ( the middle [&hellip;]<\/p>","protected":false},"featured_media":736,"template":"","meta":{"site-sidebar-layout":"default","site-content-layout":"default","ast-site-content-layout":"default","site-content-style":"default","site-sidebar-style":"default","ast-global-header-display":"","ast-banner-title-visibility":"","ast-main-header-display":"","ast-hfb-above-header-display":"","ast-hfb-below-header-display":"","ast-hfb-mobile-header-display":"","site-post-title":"","ast-breadcrumbs-content":"","ast-featured-img":"","footer-sml-layout":"","ast-disable-related-posts":"","theme-transparent-header-meta":"default","adv-header-id-meta":"","stick-header-meta":"","header-above-stick-meta":"","header-main-stick-meta":"","header-below-stick-meta":"","astra-migrate-meta-layouts":"default","ast-page-background-enabled":"default","ast-page-background-meta":{"desktop":{"background-color":"","background-image":"","background-repeat":"repeat","background-position":"center center","background-size":"auto","background-attachment":"scroll","background-type":"","background-media":"","overlay-type":"","overlay-color":"","overlay-opacity":"","overlay-gradient":""},"tablet":{"background-color":"","background-image":"","background-repeat":"repeat","background-position":"center center","background-size":"auto","background-attachment":"scroll","background-type":"","background-media":"","overlay-type":"","overlay-color":"","overlay-opacity":"","overlay-gradient":""},"mobile":{"background-color":"","background-image":"","background-repeat":"repeat","background-position":"center center","background-size":"auto","background-attachment":"scroll","background-type":"","background-media":"","overlay-type":"","overlay-color":"","overlay-opacity":"","overlay-gradient":""}},"ast-content-background-meta":{"desktop":{"background-color":"var(--ast-global-color-5)","background-image":"","background-repeat":"repeat","background-position":"center center","background-size":"auto","background-attachment":"scroll","background-type":"","background-media":"","overlay-type":"","overlay-color":"","overlay-opacity":"","overlay-gradient":""},"tablet":{"background-color":"var(--ast-global-color-5)","background-image":"","background-repeat":"repeat","background-position":"center center","background-size":"auto","background-attachment":"scroll","background-type":"","background-media":"","overlay-type":"","overlay-color":"","overlay-opacity":"","overlay-gradient":""},"mobile":{"background-color":"var(--ast-global-color-5)","background-image":"","background-repeat":"repeat","background-position":"center center","background-size":"auto","background-attachment":"scroll","background-type":"","background-media":"","overlay-type":"","overlay-color":"","overlay-opacity":"","overlay-gradient":""}}},"product_brand":[],"product_cat":[46],"product_tag":[],"class_list":{"0":"post-733","1":"product","2":"type-product","3":"status-publish","4":"has-post-thumbnail","6":"product_cat-paper-collator","7":"desktop-align-center","8":"tablet-align-left","9":"mobile-align-left","11":"first","12":"instock","13":"shipping-taxable","14":"product-type-simple"},"_links":{"self":[{"href":"https:\/\/estarmachinery.com\/pt\/wp-json\/wp\/v2\/product\/733","targetHints":{"allow":["GET"]}}],"collection":[{"href":"https:\/\/estarmachinery.com\/pt\/wp-json\/wp\/v2\/product"}],"about":[{"href":"https:\/\/estarmachinery.com\/pt\/wp-json\/wp\/v2\/types\/product"}],"wp:featuredmedia":[{"embeddable":true,"href":"https:\/\/estarmachinery.com\/pt\/wp-json\/wp\/v2\/media\/736"}],"wp:attachment":[{"href":"https:\/\/estarmachinery.com\/pt\/wp-json\/wp\/v2\/media?parent=733"}],"wp:term":[{"taxonomy":"product_brand","embeddable":true,"href":"https:\/\/estarmachinery.com\/pt\/wp-json\/wp\/v2\/product_brand?post=733"},{"taxonomy":"product_cat","embeddable":true,"href":"https:\/\/estarmachinery.com\/pt\/wp-json\/wp\/v2\/product_cat?post=733"},{"taxonomy":"product_tag","embeddable":true,"href":"https:\/\/estarmachinery.com\/pt\/wp-json\/wp\/v2\/product_tag?post=733"}],"curies":[{"name":"wp","href":"https:\/\/api.w.org\/{rel}","templated":true}]}}