{"id":775,"date":"2023-06-19T02:43:17","date_gmt":"2023-06-19T02:43:17","guid":{"rendered":"https:\/\/estarmachinery.com\/?post_type=product&#038;p=775"},"modified":"2023-07-06T07:01:38","modified_gmt":"2023-07-06T07:01:38","slug":"hydraulic-paper-cutter-size-495520mm","status":"publish","type":"product","link":"https:\/\/estarmachinery.com\/pt\/produto\/hydraulic-paper-cutter-size-495520mm\/","title":{"rendered":"Tamanho hidr\u00e1ulico do cortador de papel: 495*520mm"},"content":{"rendered":"<p style=\"text-align: center;\"><strong>Tamanho hidr\u00e1ulico do cortador de papel: <\/strong><strong>495*520mm<\/strong><\/p>\n<p><img fetchpriority=\"high\" decoding=\"async\" class=\"alignnone size-large wp-image-782\" src=\"https:\/\/estarmachinery.com\/wp-content\/uploads\/2023\/06\/51-1024x492.png\" alt=\"Hydraulic Paper Cutter size: 495*520mm\" width=\"1024\" height=\"492\" srcset=\"https:\/\/estarmachinery.com\/wp-content\/uploads\/2023\/06\/51-1024x492.png 1024w, https:\/\/estarmachinery.com\/wp-content\/uploads\/2023\/06\/51-300x144.png 300w, https:\/\/estarmachinery.com\/wp-content\/uploads\/2023\/06\/51-768x369.png 768w, https:\/\/estarmachinery.com\/wp-content\/uploads\/2023\/06\/51-600x288.png 600w, https:\/\/estarmachinery.com\/wp-content\/uploads\/2023\/06\/51.png 1503w\" sizes=\"(max-width: 1024px) 100vw, 1024px\" \/><\/p>\n<table>\n<tbody>\n<tr>\n<td colspan=\"2\" width=\"1486\"><strong><b>Especifica\u00e7\u00e3o:<\/b><\/strong><\/td>\n<\/tr>\n<tr>\n<td width=\"681\">Modelo<\/td>\n<td width=\"804\"><strong>Cortador de papel hidr\u00e1ulico ES-580Y \u00a0\u00a0<\/strong><\/td>\n<\/tr>\n<tr>\n<td width=\"681\">Tamanho m\u00e1ximo de corte<\/td>\n<td width=\"804\">495x520mm<\/td>\n<\/tr>\n<tr>\n<td width=\"681\">Tamanho m\u00ednimo de corte<\/td>\n<td width=\"804\">30mm<\/td>\n<\/tr>\n<tr>\n<td width=\"681\">Espessura de corte<\/td>\n<td width=\"804\">80mm<\/td>\n<\/tr>\n<tr>\n<td width=\"681\">Precis\u00e3o de corte<\/td>\n<td width=\"804\">\u00b10,3 mm<\/td>\n<\/tr>\n<tr>\n<td width=\"681\">Poder<\/td>\n<td width=\"804\">220V\/50Hz\/1,8KW<\/td>\n<\/tr>\n<tr>\n<td width=\"681\">Tamanho da m\u00e1quina<\/td>\n<td width=\"804\">1280x850x1360mm<\/td>\n<\/tr>\n<tr>\n<td width=\"681\">Peso<\/td>\n<td width=\"804\">350kg<\/td>\n<\/tr>\n<tr>\n<td colspan=\"2\" width=\"1486\"><strong><b>Caracter\u00edsticas:<\/b><\/strong><\/p>\n<p>A barra guia dupla empurra o papel com mais suavidade.<\/p>\n<p>Prote\u00e7\u00e3o de seguran\u00e7a de grade de 8 vias<\/p>\n<p>Exibi\u00e7\u00e3o do c\u00f3digo de falha<\/p>\n<p>Fun\u00e7\u00e3o de compensa\u00e7\u00e3o de erro de papel push<\/p>\n<p>Sistema de energia silencioso de alta pot\u00eancia<\/p>\n<p>Plataformas dianteiras e traseiras em a\u00e7o inoxid\u00e1vel, dur\u00e1veis<\/p>\n<p>Cal\u00e7o em forma de cobra, n\u00e3o \u00e9 f\u00e1cil de quebrar e f\u00e1cil de substituir<\/td>\n<\/tr>\n<\/tbody>\n<\/table>\n<p>&nbsp;<\/p>","protected":false},"excerpt":{"rendered":"<p>Hydraulic Paper Cutter size: 495*520mm Specification: Model ES-580Y hydraulic paper cutter \u00a0\u00a0 Max.Cutting size 495x520mm Min.cutting size 30mm Cutting thickness 80mm Cutting precision \u00b10.3mm Power 220V\/50HZ\/1.8KW Machine size 1280x850x1360mm Weight 350kg Features: Double guide bar pushes paper more smoothly. 8 way grating safety protection Fault code display Push paper error compensation function High power silent [&hellip;]<\/p>","protected":false},"featured_media":776,"template":"","meta":{"site-sidebar-layout":"default","site-content-layout":"default","ast-site-content-layout":"default","site-content-style":"default","site-sidebar-style":"default","ast-global-header-display":"","ast-banner-title-visibility":"","ast-main-header-display":"","ast-hfb-above-header-display":"","ast-hfb-below-header-display":"","ast-hfb-mobile-header-display":"","site-post-title":"","ast-breadcrumbs-content":"","ast-featured-img":"","footer-sml-layout":"","ast-disable-related-posts":"","theme-transparent-header-meta":"default","adv-header-id-meta":"","stick-header-meta":"","header-above-stick-meta":"","header-main-stick-meta":"","header-below-stick-meta":"","astra-migrate-meta-layouts":"default","ast-page-background-enabled":"default","ast-page-background-meta":{"desktop":{"background-color":"","background-image":"","background-repeat":"repeat","background-position":"center center","background-size":"auto","background-attachment":"scroll","background-type":"","background-media":"","overlay-type":"","overlay-color":"","overlay-opacity":"","overlay-gradient":""},"tablet":{"background-color":"","background-image":"","background-repeat":"repeat","background-position":"center center","background-size":"auto","background-attachment":"scroll","background-type":"","background-media":"","overlay-type":"","overlay-color":"","overlay-opacity":"","overlay-gradient":""},"mobile":{"background-color":"","background-image":"","background-repeat":"repeat","background-position":"center center","background-size":"auto","background-attachment":"scroll","background-type":"","background-media":"","overlay-type":"","overlay-color":"","overlay-opacity":"","overlay-gradient":""}},"ast-content-background-meta":{"desktop":{"background-color":"var(--ast-global-color-5)","background-image":"","background-repeat":"repeat","background-position":"center center","background-size":"auto","background-attachment":"scroll","background-type":"","background-media":"","overlay-type":"","overlay-color":"","overlay-opacity":"","overlay-gradient":""},"tablet":{"background-color":"var(--ast-global-color-5)","background-image":"","background-repeat":"repeat","background-position":"center center","background-size":"auto","background-attachment":"scroll","background-type":"","background-media":"","overlay-type":"","overlay-color":"","overlay-opacity":"","overlay-gradient":""},"mobile":{"background-color":"var(--ast-global-color-5)","background-image":"","background-repeat":"repeat","background-position":"center center","background-size":"auto","background-attachment":"scroll","background-type":"","background-media":"","overlay-type":"","overlay-color":"","overlay-opacity":"","overlay-gradient":""}}},"product_brand":[],"product_cat":[45],"product_tag":[],"class_list":{"0":"post-775","1":"product","2":"type-product","3":"status-publish","4":"has-post-thumbnail","6":"product_cat-cutting-machine","7":"desktop-align-center","8":"tablet-align-left","9":"mobile-align-left","11":"first","12":"instock","13":"shipping-taxable","14":"product-type-simple"},"_links":{"self":[{"href":"https:\/\/estarmachinery.com\/pt\/wp-json\/wp\/v2\/product\/775","targetHints":{"allow":["GET"]}}],"collection":[{"href":"https:\/\/estarmachinery.com\/pt\/wp-json\/wp\/v2\/product"}],"about":[{"href":"https:\/\/estarmachinery.com\/pt\/wp-json\/wp\/v2\/types\/product"}],"wp:featuredmedia":[{"embeddable":true,"href":"https:\/\/estarmachinery.com\/pt\/wp-json\/wp\/v2\/media\/776"}],"wp:attachment":[{"href":"https:\/\/estarmachinery.com\/pt\/wp-json\/wp\/v2\/media?parent=775"}],"wp:term":[{"taxonomy":"product_brand","embeddable":true,"href":"https:\/\/estarmachinery.com\/pt\/wp-json\/wp\/v2\/product_brand?post=775"},{"taxonomy":"product_cat","embeddable":true,"href":"https:\/\/estarmachinery.com\/pt\/wp-json\/wp\/v2\/product_cat?post=775"},{"taxonomy":"product_tag","embeddable":true,"href":"https:\/\/estarmachinery.com\/pt\/wp-json\/wp\/v2\/product_tag?post=775"}],"curies":[{"name":"wp","href":"https:\/\/api.w.org\/{rel}","templated":true}]}}