{"id":1060,"date":"2023-06-29T09:07:57","date_gmt":"2023-06-29T09:07:57","guid":{"rendered":"https:\/\/estarmachinery.com\/environmental-protection-program-copy\/"},"modified":"2023-06-29T09:44:23","modified_gmt":"2023-06-29T09:44:23","slug":"industry-field","status":"publish","type":"page","link":"https:\/\/estarmachinery.com\/vi\/industry-field\/","title":{"rendered":"Ng\u00e0nh \/ L\u0129nh v\u1ef1c"},"content":{"rendered":"<div data-elementor-type=\"wp-page\" data-elementor-id=\"1060\" class=\"elementor elementor-1060\" data-elementor-post-type=\"page\">\n\t\t\t\t\t\t<section class=\"elementor-section elementor-top-section elementor-element elementor-element-6d2dc94 elementor-section-boxed elementor-section-height-default elementor-section-height-default\" data-id=\"6d2dc94\" data-element_type=\"section\" data-e-type=\"section\" data-settings=\"{&quot;background_background&quot;:&quot;classic&quot;}\">\n\t\t\t\t\t\t\t<div class=\"elementor-background-overlay\"><\/div>\n\t\t\t\t\t\t\t<div class=\"elementor-container elementor-column-gap-no\">\n\t\t\t\t\t<div class=\"elementor-column elementor-col-100 elementor-top-column elementor-element elementor-element-659f007\" data-id=\"659f007\" data-element_type=\"column\" data-e-type=\"column\">\n\t\t\t<div class=\"elementor-widget-wrap elementor-element-populated\">\n\t\t\t\t\t\t<div class=\"elementor-element elementor-element-643376d elementor-widget-divider--view-line elementor-widget elementor-widget-divider\" data-id=\"643376d\" data-element_type=\"widget\" data-e-type=\"widget\" data-widget_type=\"divider.default\">\n\t\t\t\t<div class=\"elementor-widget-container\">\n\t\t\t\t\t\t\t<div class=\"elementor-divider\">\n\t\t\t<span class=\"elementor-divider-separator\">\n\t\t\t\t\t\t<\/span>\n\t\t<\/div>\n\t\t\t\t\t\t<\/div>\n\t\t\t\t<\/div>\n\t\t\t\t<div class=\"elementor-element elementor-element-2cc000c elementor-widget elementor-widget-heading\" data-id=\"2cc000c\" data-element_type=\"widget\" data-e-type=\"widget\" data-widget_type=\"heading.default\">\n\t\t\t\t<div class=\"elementor-widget-container\">\n\t\t\t\t\t<h2 class=\"elementor-heading-title elementor-size-default\">Ng\u00e0nh \/ L\u0129nh v\u1ef1c<\/h2>\t\t\t\t<\/div>\n\t\t\t\t<\/div>\n\t\t\t\t\t<\/div>\n\t\t<\/div>\n\t\t\t\t\t<\/div>\n\t\t<\/section>\n\t\t\t\t<section class=\"elementor-section elementor-top-section elementor-element elementor-element-50ng0pq elementor-section-boxed elementor-section-height-default elementor-section-height-default\" data-id=\"50ng0pq\" data-element_type=\"section\" data-e-type=\"section\" data-settings=\"{&quot;background_background&quot;:&quot;classic&quot;}\">\n\t\t\t\t\t\t<div class=\"elementor-container elementor-column-gap-default\">\n\t\t\t\t\t<div class=\"elementor-column elementor-col-100 elementor-top-column elementor-element elementor-element-6dbaeeb\" data-id=\"6dbaeeb\" data-element_type=\"column\" data-e-type=\"column\">\n\t\t\t<div class=\"elementor-widget-wrap elementor-element-populated\">\n\t\t\t\t\t\t<div class=\"elementor-element elementor-element-9c6ad29 elementor-widget elementor-widget-heading\" data-id=\"9c6ad29\" data-element_type=\"widget\" data-e-type=\"widget\" data-widget_type=\"heading.default\">\n\t\t\t\t<div class=\"elementor-widget-container\">\n\t\t\t\t\t<h2 class=\"elementor-heading-title elementor-size-default\">Ng\u00e0nh \/ L\u0129nh v\u1ef1c<\/h2>\t\t\t\t<\/div>\n\t\t\t\t<\/div>\n\t\t\t\t<div class=\"elementor-element elementor-element-56c35a0 elementor-widget elementor-widget-text-editor\" data-id=\"56c35a0\" data-element_type=\"widget\" data-e-type=\"widget\" data-widget_type=\"text-editor.default\">\n\t\t\t\t<div class=\"elementor-widget-container\">\n\t\t\t\t\t\t\t\t\t<p>Th\u01b0\u1ee3ng H\u1ea3i Easystar M\u00e1y m\u00f3c C\u00f4ng ty TNHH<\/p>\t\t\t\t\t\t\t\t<\/div>\n\t\t\t\t<\/div>\n\t\t\t\t\t<\/div>\n\t\t<\/div>\n\t\t\t\t\t<\/div>\n\t\t<\/section>\n\t\t\t\t<section class=\"elementor-section elementor-top-section elementor-element elementor-element-hdwr9qb elementor-section-boxed elementor-section-height-default elementor-section-height-default\" data-id=\"hdwr9qb\" data-element_type=\"section\" data-e-type=\"section\" data-settings=\"{&quot;background_background&quot;:&quot;classic&quot;}\">\n\t\t\t\t\t\t<div class=\"elementor-container elementor-column-gap-no\">\n\t\t\t\t\t<div class=\"elementor-column elementor-col-100 elementor-top-column elementor-element elementor-element-04e94c9\" data-id=\"04e94c9\" data-element_type=\"column\" data-e-type=\"column\">\n\t\t\t<div class=\"elementor-widget-wrap elementor-element-populated\">\n\t\t\t\t\t\t<section class=\"elementor-section elementor-inner-section elementor-element elementor-element-b4fdc35 elementor-section-boxed elementor-section-height-default elementor-section-height-default\" data-id=\"b4fdc35\" data-element_type=\"section\" data-e-type=\"section\" data-settings=\"{&quot;background_background&quot;:&quot;classic&quot;}\">\n\t\t\t\t\t\t<div class=\"elementor-container elementor-column-gap-wider\">\n\t\t\t\t\t<div class=\"elementor-column elementor-col-33 elementor-inner-column elementor-element elementor-element-ec391be\" data-id=\"ec391be\" data-element_type=\"column\" data-e-type=\"column\" data-settings=\"{&quot;background_background&quot;:&quot;classic&quot;}\">\n\t\t\t<div class=\"elementor-widget-wrap elementor-element-populated\">\n\t\t\t\t\t\t<div class=\"elementor-element elementor-element-6701227 elementor-view-default elementor-widget elementor-widget-icon\" data-id=\"6701227\" data-element_type=\"widget\" data-e-type=\"widget\" data-widget_type=\"icon.default\">\n\t\t\t\t<div class=\"elementor-widget-container\">\n\t\t\t\t\t\t\t<div class=\"elementor-icon-wrapper\">\n\t\t\t<div class=\"elementor-icon\">\n\t\t\t<i aria-hidden=\"true\" class=\"fas fa-quote-left\"><\/i>\t\t\t<\/div>\n\t\t<\/div>\n\t\t\t\t\t\t<\/div>\n\t\t\t\t<\/div>\n\t\t\t\t<div class=\"elementor-element elementor-element-2e353cf elementor-widget elementor-widget-heading\" data-id=\"2e353cf\" data-element_type=\"widget\" data-e-type=\"widget\" data-widget_type=\"heading.default\">\n\t\t\t\t<div class=\"elementor-widget-container\">\n\t\t\t\t\t<h6 class=\"elementor-heading-title elementor-size-default\">Mua s\u1eafm nguy\u00ean v\u1eadt li\u1ec7u<\/h6>\t\t\t\t<\/div>\n\t\t\t\t<\/div>\n\t\t\t\t<div class=\"elementor-element elementor-element-f88d14e elementor-widget elementor-widget-text-editor\" data-id=\"f88d14e\" data-element_type=\"widget\" data-e-type=\"widget\" data-widget_type=\"text-editor.default\">\n\t\t\t\t<div class=\"elementor-widget-container\">\n\t\t\t\t\t\t\t\t\t<div class=\"qualify_ul_li_right_top\"><div class=\"backstage-blocksEditor-wrap\" data-wrap-type=\"1\" data-storage=\"0\" data-blockseditor-type=\"phoenix_blocks_text\" data-auto_uuid=\"b2a875f8-e5e4-4756-b153-fde44b497703\"><span style=\"font-size: 16px;\">C\u00f4ng ty ki\u00ean quy\u1ebft tu\u00e2n th\u1ee7 nguy\u00ean t\u1eafc \u201cki\u1ec3m so\u00e1t ngu\u1ed3n g\u1ed1c\u201d, ngay t\u1eeb b\u01b0\u1edbc mua h\u00e0ng \u0111\u1ea7u ti\u00ean, ch\u1ea5t l\u01b0\u1ee3ng \u0111\u01b0\u1ee3c gi\u00e1m s\u00e1t ch\u1eb7t ch\u1ebd, nh\u00e0 cung c\u1ea5p \u0111\u01b0\u1ee3c \u0111\u00e1nh gi\u00e1 to\u00e0n di\u1ec7n v\u1ec1 ch\u1ea5t l\u01b0\u1ee3ng, gi\u00e1 th\u00e0nh, giao h\u00e0ng\u2026 th\u00f4ng qua qu\u00e1 tr\u00ecnh test m\u1eabu, \u0111\u00e1nh gi\u00e1 ch\u1ea5t l\u01b0\u1ee3ng v\u00e0 d\u00f9ng th\u1eed nguy\u00ean li\u1ec7u th\u00f4 C\u00e1c nh\u00e0 cung c\u1ea5p ti\u1ebfn h\u00e0nh s\u00e0ng l\u1ecdc v\u00e0 qu\u1ea3n l\u00fd \u0111\u1ec3 \u0111\u1ea3m b\u1ea3o vi\u1ec7c mua nguy\u00ean li\u1ec7u th\u00f4 an to\u00e0n, \u0111\u00e1ng tin c\u1eady v\u00e0 k\u1ecbp th\u1eddi.<\/span><\/div><\/div>\t\t\t\t\t\t\t\t<\/div>\n\t\t\t\t<\/div>\n\t\t\t\t<div class=\"elementor-element elementor-element-4c97fda elementor-widget-divider--view-line elementor-widget elementor-widget-divider\" data-id=\"4c97fda\" data-element_type=\"widget\" data-e-type=\"widget\" data-widget_type=\"divider.default\">\n\t\t\t\t<div class=\"elementor-widget-container\">\n\t\t\t\t\t\t\t<div class=\"elementor-divider\">\n\t\t\t<span class=\"elementor-divider-separator\">\n\t\t\t\t\t\t<\/span>\n\t\t<\/div>\n\t\t\t\t\t\t<\/div>\n\t\t\t\t<\/div>\n\t\t\t\t\t<\/div>\n\t\t<\/div>\n\t\t\t\t<div class=\"elementor-column elementor-col-33 elementor-inner-column elementor-element elementor-element-299de99\" data-id=\"299de99\" data-element_type=\"column\" data-e-type=\"column\" data-settings=\"{&quot;background_background&quot;:&quot;classic&quot;}\">\n\t\t\t<div class=\"elementor-widget-wrap elementor-element-populated\">\n\t\t\t\t\t\t<div class=\"elementor-element elementor-element-126723c elementor-view-default elementor-widget elementor-widget-icon\" data-id=\"126723c\" data-element_type=\"widget\" data-e-type=\"widget\" data-widget_type=\"icon.default\">\n\t\t\t\t<div class=\"elementor-widget-container\">\n\t\t\t\t\t\t\t<div class=\"elementor-icon-wrapper\">\n\t\t\t<div class=\"elementor-icon\">\n\t\t\t<i aria-hidden=\"true\" class=\"fas fa-quote-left\"><\/i>\t\t\t<\/div>\n\t\t<\/div>\n\t\t\t\t\t\t<\/div>\n\t\t\t\t<\/div>\n\t\t\t\t<div class=\"elementor-element elementor-element-501391b elementor-widget elementor-widget-heading\" data-id=\"501391b\" data-element_type=\"widget\" data-e-type=\"widget\" data-widget_type=\"heading.default\">\n\t\t\t\t<div class=\"elementor-widget-container\">\n\t\t\t\t\t<h6 class=\"elementor-heading-title elementor-size-default\">Ki\u1ec3m tra nguy\u00ean li\u1ec7u<\/h6>\t\t\t\t<\/div>\n\t\t\t\t<\/div>\n\t\t\t\t<div class=\"elementor-element elementor-element-63d184b elementor-widget elementor-widget-text-editor\" data-id=\"63d184b\" data-element_type=\"widget\" data-e-type=\"widget\" data-widget_type=\"text-editor.default\">\n\t\t\t\t<div class=\"elementor-widget-container\">\n\t\t\t\t\t\t\t\t\t<p>B\u1ed9 ph\u1eadn qu\u1ea3n l\u00fd ch\u1ea5t l\u01b0\u1ee3ng thi\u1ebft l\u1eadp c\u00e1c ti\u00eau chu\u1ea9n cho t\u1ea5t c\u1ea3 c\u00e1c nguy\u00ean li\u1ec7u th\u00f4 \u0111\u01b0\u1ee3c s\u1eed d\u1ee5ng trong s\u1ea3n xu\u1ea5t theo y\u00eau c\u1ea7u c\u1ee7a b\u1ed9 ph\u1eadn s\u1ea3n xu\u1ea5t v\u00e0 ch\u1ecbu tr\u00e1ch nhi\u1ec7m ki\u1ec3m tra h\u00e0ng lo\u1ea1t t\u1ea5t c\u1ea3 c\u00e1c nguy\u00ean li\u1ec7u th\u00f4 \u0111\u01b0\u1ee3c s\u1eed d\u1ee5ng \u0111\u1ec3 s\u1ea3n xu\u1ea5t trong nh\u00e0 m\u00e1y, l\u1ea5y m\u1eabu v\u00e0 th\u1eed nghi\u1ec7m khoa h\u1ecdc theo quy \u0111\u1ecbnh c\u00e1c y\u00eau c\u1ea7u ti\u00eau chu\u1ea9n \u0111\u1ec3 \u0111\u1ea3m b\u1ea3o r\u1eb1ng c\u00e1c nguy\u00ean li\u1ec7u th\u00f4 kh\u00f4ng \u0111\u1ee7 ti\u00eau chu\u1ea9n kh\u00f4ng \u0111\u01b0\u1ee3c l\u01b0u tr\u1eef trong kho.<\/p>\t\t\t\t\t\t\t\t<\/div>\n\t\t\t\t<\/div>\n\t\t\t\t<div class=\"elementor-element elementor-element-0ada8cf elementor-widget-divider--view-line elementor-widget elementor-widget-divider\" data-id=\"0ada8cf\" data-element_type=\"widget\" data-e-type=\"widget\" data-widget_type=\"divider.default\">\n\t\t\t\t<div class=\"elementor-widget-container\">\n\t\t\t\t\t\t\t<div class=\"elementor-divider\">\n\t\t\t<span class=\"elementor-divider-separator\">\n\t\t\t\t\t\t<\/span>\n\t\t<\/div>\n\t\t\t\t\t\t<\/div>\n\t\t\t\t<\/div>\n\t\t\t\t\t<\/div>\n\t\t<\/div>\n\t\t\t\t<div class=\"elementor-column elementor-col-33 elementor-inner-column elementor-element elementor-element-d8c1849\" data-id=\"d8c1849\" data-element_type=\"column\" data-e-type=\"column\" data-settings=\"{&quot;background_background&quot;:&quot;classic&quot;}\">\n\t\t\t<div class=\"elementor-widget-wrap elementor-element-populated\">\n\t\t\t\t\t\t<div class=\"elementor-element elementor-element-fff9a0d elementor-view-default elementor-widget elementor-widget-icon\" data-id=\"fff9a0d\" data-element_type=\"widget\" data-e-type=\"widget\" data-widget_type=\"icon.default\">\n\t\t\t\t<div class=\"elementor-widget-container\">\n\t\t\t\t\t\t\t<div class=\"elementor-icon-wrapper\">\n\t\t\t<div class=\"elementor-icon\">\n\t\t\t<i aria-hidden=\"true\" class=\"fas fa-quote-left\"><\/i>\t\t\t<\/div>\n\t\t<\/div>\n\t\t\t\t\t\t<\/div>\n\t\t\t\t<\/div>\n\t\t\t\t<div class=\"elementor-element elementor-element-d74df68 elementor-widget elementor-widget-heading\" data-id=\"d74df68\" data-element_type=\"widget\" data-e-type=\"widget\" data-widget_type=\"heading.default\">\n\t\t\t\t<div class=\"elementor-widget-container\">\n\t\t\t\t\t<h6 class=\"elementor-heading-title elementor-size-default\">h\u1ec7 th\u1ed1ng truy xu\u1ea5t ngu\u1ed3n g\u1ed1c<\/h6>\t\t\t\t<\/div>\n\t\t\t\t<\/div>\n\t\t\t\t<div class=\"elementor-element elementor-element-a4a4450 elementor-widget elementor-widget-text-editor\" data-id=\"a4a4450\" data-element_type=\"widget\" data-e-type=\"widget\" data-widget_type=\"text-editor.default\">\n\t\t\t\t<div class=\"elementor-widget-container\">\n\t\t\t\t\t\t\t\t\t<p>C\u00f4ng ty \u0111\u00e3 thi\u1ebft l\u1eadp m\u1ed9t b\u1ed9 ho\u00e0n ch\u1ec9nh h\u1ec7 th\u1ed1ng m\u00e3 h\u00f3a v\u00e0 h\u1ec7 th\u1ed1ng truy xu\u1ea5t ngu\u1ed3n g\u1ed1c s\u1ea3n ph\u1ea9m t\u1eeb nguy\u00ean li\u1ec7u th\u00f4 v\u00e0o nh\u00e0 m\u00e1y \u0111\u1ebfn th\u00e0nh ph\u1ea9m r\u1eddi kh\u1ecfi nh\u00e0 m\u00e1y. Ngu\u1ed3n g\u1ed1c v\u00e0 \u0111\u00edch \u0111\u1ebfn c\u1ee7a t\u1eebng l\u00f4 nguy\u00ean li\u1ec7u, s\u1ea3n ph\u1ea9m trung gian v\u00e0 th\u00e0nh ph\u1ea9m \u0111\u01b0\u1ee3c ghi l\u1ea1i chi ti\u1ebft v\u00e0 h\u1ec7 th\u1ed1ng \u0111\u01b0\u1ee3c ki\u1ec3m tra th\u01b0\u1eddng xuy\u00ean h\u00e0ng n\u0103m \u0110\u1ec3 \u0111\u1ea3m b\u1ea3o h\u1ec7 th\u1ed1ng truy xu\u1ea5t ngu\u1ed3n g\u1ed1c s\u1ea3n ph\u1ea9m ho\u1ea1t \u0111\u1ed9ng hi\u1ec7u qu\u1ea3.<\/p>\t\t\t\t\t\t\t\t<\/div>\n\t\t\t\t<\/div>\n\t\t\t\t<div class=\"elementor-element elementor-element-122b5c9 elementor-widget-divider--view-line elementor-widget elementor-widget-divider\" data-id=\"122b5c9\" data-element_type=\"widget\" data-e-type=\"widget\" data-widget_type=\"divider.default\">\n\t\t\t\t<div class=\"elementor-widget-container\">\n\t\t\t\t\t\t\t<div class=\"elementor-divider\">\n\t\t\t<span class=\"elementor-divider-separator\">\n\t\t\t\t\t\t<\/span>\n\t\t<\/div>\n\t\t\t\t\t\t<\/div>\n\t\t\t\t<\/div>\n\t\t\t\t\t<\/div>\n\t\t<\/div>\n\t\t\t\t\t<\/div>\n\t\t<\/section>\n\t\t\t\t\t<\/div>\n\t\t<\/div>\n\t\t\t\t\t<\/div>\n\t\t<\/section>\n\t\t\t\t<section class=\"elementor-section elementor-top-section elementor-element elementor-element-aad31d4 elementor-section-boxed elementor-section-height-default elementor-section-height-default\" data-id=\"aad31d4\" data-element_type=\"section\" data-e-type=\"section\" data-settings=\"{&quot;background_background&quot;:&quot;classic&quot;}\">\n\t\t\t\t\t\t<div class=\"elementor-container elementor-column-gap-no\">\n\t\t\t\t\t<div class=\"elementor-column elementor-col-100 elementor-top-column elementor-element elementor-element-04e94c9\" data-id=\"04e94c9\" data-element_type=\"column\" data-e-type=\"column\">\n\t\t\t<div class=\"elementor-widget-wrap elementor-element-populated\">\n\t\t\t\t\t\t<div class=\"elementor-element elementor-element-b041143 elementor-widget elementor-widget-heading\" data-id=\"b041143\" data-element_type=\"widget\" data-e-type=\"widget\" data-widget_type=\"heading.default\">\n\t\t\t\t<div class=\"elementor-widget-container\">\n\t\t\t\t\t<h3 class=\"elementor-heading-title elementor-size-default\">QUY TR\u00ccNH QU\u1ea2N L\u00dd NH\u00c0 CUNG C\u1ea4P<\/h3>\t\t\t\t<\/div>\n\t\t\t\t<\/div>\n\t\t\t\t<div class=\"elementor-element elementor-element-ab8fca3 elementor-widget-divider--view-line elementor-widget elementor-widget-divider\" data-id=\"ab8fca3\" data-element_type=\"widget\" data-e-type=\"widget\" data-widget_type=\"divider.default\">\n\t\t\t\t<div class=\"elementor-widget-container\">\n\t\t\t\t\t\t\t<div class=\"elementor-divider\">\n\t\t\t<span class=\"elementor-divider-separator\">\n\t\t\t\t\t\t<\/span>\n\t\t<\/div>\n\t\t\t\t\t\t<\/div>\n\t\t\t\t<\/div>\n\t\t\t\t<div class=\"elementor-element elementor-element-ea16620 elementor-widget elementor-widget-toggle\" data-id=\"ea16620\" data-element_type=\"widget\" data-e-type=\"widget\" data-widget_type=\"toggle.default\">\n\t\t\t\t<div class=\"elementor-widget-container\">\n\t\t\t\t\t\t\t<div class=\"elementor-toggle\">\n\t\t\t\t\t\t\t<div class=\"elementor-toggle-item\">\n\t\t\t\t\t<div id=\"elementor-tab-title-2451\" class=\"elementor-tab-title\" data-tab=\"1\" role=\"button\" aria-controls=\"elementor-tab-content-2451\" aria-expanded=\"false\">\n\t\t\t\t\t\t\t\t\t\t\t\t<span class=\"elementor-toggle-icon elementor-toggle-icon-left\" aria-hidden=\"true\">\n\t\t\t\t\t\t\t\t\t\t\t\t\t\t\t<span class=\"elementor-toggle-icon-closed\"><i class=\"fas fa-caret-right\"><\/i><\/span>\n\t\t\t\t\t\t\t\t<span class=\"elementor-toggle-icon-opened\"><i class=\"elementor-toggle-icon-opened fas fa-caret-up\"><\/i><\/span>\n\t\t\t\t\t\t\t\t\t\t\t\t\t<\/span>\n\t\t\t\t\t\t\t\t\t\t\t\t<a class=\"elementor-toggle-title\" tabindex=\"0\">Kh\u1ea3o s\u00e1t nh\u00e0 cung c\u1ea5p<\/a>\n\t\t\t\t\t<\/div>\n\n\t\t\t\t\t<div id=\"elementor-tab-content-2451\" class=\"elementor-tab-content elementor-clearfix\" data-tab=\"1\" role=\"region\" aria-labelledby=\"elementor-tab-title-2451\"><p>B\u1ea3ng d\u1eef li\u1ec7u c\u01a1 b\u1ea3n c\u1ee7a nh\u00e0 cung c\u1ea5p bao g\u1ed3m ba ch\u1ee9ng ch\u1ec9 v\u00e0 b\u1eb1ng c\u1ea5p<\/p><\/div>\n\t\t\t\t<\/div>\n\t\t\t\t\t\t\t<div class=\"elementor-toggle-item\">\n\t\t\t\t\t<div id=\"elementor-tab-title-2452\" class=\"elementor-tab-title\" data-tab=\"2\" role=\"button\" aria-controls=\"elementor-tab-content-2452\" aria-expanded=\"false\">\n\t\t\t\t\t\t\t\t\t\t\t\t<span class=\"elementor-toggle-icon elementor-toggle-icon-left\" aria-hidden=\"true\">\n\t\t\t\t\t\t\t\t\t\t\t\t\t\t\t<span class=\"elementor-toggle-icon-closed\"><i class=\"fas fa-caret-right\"><\/i><\/span>\n\t\t\t\t\t\t\t\t<span class=\"elementor-toggle-icon-opened\"><i class=\"elementor-toggle-icon-opened fas fa-caret-up\"><\/i><\/span>\n\t\t\t\t\t\t\t\t\t\t\t\t\t<\/span>\n\t\t\t\t\t\t\t\t\t\t\t\t<a class=\"elementor-toggle-title\" tabindex=\"0\">th\u1eed nghi\u1ec7m m\u1eabu<\/a>\n\t\t\t\t\t<\/div>\n\n\t\t\t\t\t<div id=\"elementor-tab-content-2452\" class=\"elementor-tab-content elementor-clearfix\" data-tab=\"2\" role=\"region\" aria-labelledby=\"elementor-tab-title-2452\"><p>Theo y\u00eau c\u1ea7u c\u1ee7a ch\u00fang t\u00f4i, l\u00e0m m\u1eabu. Ti\u1ebfn h\u00e0nh ki\u1ec3m tra chuy\u00ean nghi\u1ec7p tr\u00ean c\u00e1c m\u1eabu v\u00e0 \u0111\u01b0a ra k\u1ebft qu\u1ea3 ki\u1ec3m tra<\/p><\/div>\n\t\t\t\t<\/div>\n\t\t\t\t\t\t\t<div class=\"elementor-toggle-item\">\n\t\t\t\t\t<div id=\"elementor-tab-title-2453\" class=\"elementor-tab-title\" data-tab=\"3\" role=\"button\" aria-controls=\"elementor-tab-content-2453\" aria-expanded=\"false\">\n\t\t\t\t\t\t\t\t\t\t\t\t<span class=\"elementor-toggle-icon elementor-toggle-icon-left\" aria-hidden=\"true\">\n\t\t\t\t\t\t\t\t\t\t\t\t\t\t\t<span class=\"elementor-toggle-icon-closed\"><i class=\"fas fa-caret-right\"><\/i><\/span>\n\t\t\t\t\t\t\t\t<span class=\"elementor-toggle-icon-opened\"><i class=\"elementor-toggle-icon-opened fas fa-caret-up\"><\/i><\/span>\n\t\t\t\t\t\t\t\t\t\t\t\t\t<\/span>\n\t\t\t\t\t\t\t\t\t\t\t\t<a class=\"elementor-toggle-title\" tabindex=\"0\">L\u01b0\u1ee3t truy c\u1eadp trang web Nh\u00e0 cung c\u1ea5p<\/a>\n\t\t\t\t\t<\/div>\n\n\t\t\t\t\t<div id=\"elementor-tab-content-2453\" class=\"elementor-tab-content elementor-clearfix\" data-tab=\"3\" role=\"region\" aria-labelledby=\"elementor-tab-title-2453\"><p>Gh\u00e9 th\u0103m nh\u00e0 cung c\u1ea5p v\u00e0 ki\u1ec3m tra trang web. C\u00e1c nh\u00e0 cung c\u1ea5p cung c\u1ea5p kh\u1ea3 n\u0103ng v\u00e0 bi\u1ec7n ph\u00e1p \u0111\u1ed1i ph\u00f3 \u0111\u1ec3 gi\u1ea3i quy\u1ebft c\u00e1c s\u1ea3n ph\u1ea9m b\u1ecb l\u1ed7i<\/p><\/div>\n\t\t\t\t<\/div>\n\t\t\t\t\t\t\t<div class=\"elementor-toggle-item\">\n\t\t\t\t\t<div id=\"elementor-tab-title-2454\" class=\"elementor-tab-title\" data-tab=\"4\" role=\"button\" aria-controls=\"elementor-tab-content-2454\" aria-expanded=\"false\">\n\t\t\t\t\t\t\t\t\t\t\t\t<span class=\"elementor-toggle-icon elementor-toggle-icon-left\" aria-hidden=\"true\">\n\t\t\t\t\t\t\t\t\t\t\t\t\t\t\t<span class=\"elementor-toggle-icon-closed\"><i class=\"fas fa-caret-right\"><\/i><\/span>\n\t\t\t\t\t\t\t\t<span class=\"elementor-toggle-icon-opened\"><i class=\"elementor-toggle-icon-opened fas fa-caret-up\"><\/i><\/span>\n\t\t\t\t\t\t\t\t\t\t\t\t\t<\/span>\n\t\t\t\t\t\t\t\t\t\t\t\t<a class=\"elementor-toggle-title\" tabindex=\"0\">\u0110\u00e1nh gi\u00e1 hi\u1ec7u su\u1ea5t h\u00e0ng th\u00e1ng\/h\u00e0ng n\u0103m c\u1ee7a nh\u00e0 cung c\u1ea5p<\/a>\n\t\t\t\t\t<\/div>\n\n\t\t\t\t\t<div id=\"elementor-tab-content-2454\" class=\"elementor-tab-content elementor-clearfix\" data-tab=\"4\" role=\"region\" aria-labelledby=\"elementor-tab-title-2454\"><p><strong>\u0110\u1ec1 thi:<\/strong><\/p><div>1. Ch\u1ea5t l\u01b0\u1ee3ng (60 \u0111i\u1ec3m)<br \/>2. Th\u1eddi gian giao h\u00e0ng (20 ph\u00fat)<br \/>3. Kh\u1ea3 n\u0103ng ph\u1ee5c v\u1ee5 (20 \u0111i\u1ec3m)<br \/>Ti\u00eau ch\u00ed \u0111\u00e1nh gi\u00e1: 6 th\u00e1ng li\u00ean t\u1ee5c \u0111\u00e1nh gi\u00e1 to\u00e0n di\u1ec7n \u226590 \u0111i\u1ec3m, h\u1ea1ng m\u1ee5c ch\u1ea5t l\u01b0\u1ee3ng \u226558 \u0111i\u1ec3m, th\u1eddi gian giao h\u00e0ng \u226517 \u0111i\u1ec3m, c\u00f3 th\u1ec3 coi l\u00e0 h\u1ee3p t\u00e1c l\u00e2u d\u00e0i.<br \/>\u0110\u00e1nh gi\u00e1 to\u00e0n di\u1ec7n 3 th\u00e1ng li\u00ean t\u1ee5c &lt; 90 \u0111i\u1ec3m, nh\u00e0 cung c\u1ea5p ph\u1ea3i ch\u1ea5n ch\u1ec9nh theo y\u00eau c\u1ea7u<br \/>\u0110\u00e1nh gi\u00e1 to\u00e0n di\u1ec7n 6 th\u00e1ng li\u00ean t\u1ee5c &lt;90 \u0111i\u1ec3m Nh\u00e0 cung c\u1ea5p ng\u1eebng h\u1ee3p t\u00e1c<\/div><\/div>\n\t\t\t\t<\/div>\n\t\t\t\t\t\t\t\t<\/div>\n\t\t\t\t\t\t<\/div>\n\t\t\t\t<\/div>\n\t\t\t\t\t<\/div>\n\t\t<\/div>\n\t\t\t\t\t<\/div>\n\t\t<\/section>\n\t\t\t\t<\/div>","protected":false},"excerpt":{"rendered":"<p>Industry Field Industry Field Shanghai Easystar Machinery Co.,ltd. Raw Material Procurement The company firmly adheres to the principle of \u201csource control\u201d, from the first step of purchasing, the quality is closely monitored, the supplier is comprehensively evaluated for quality, cost, delivery, etc., through the process of sample testing, qualification review, and raw material trial Suppliers [&hellip;]<\/p>","protected":false},"author":1,"featured_media":0,"parent":0,"menu_order":0,"comment_status":"closed","ping_status":"closed","template":"","meta":{"site-sidebar-layout":"no-sidebar","site-content-layout":"page-builder","ast-site-content-layout":"default","site-content-style":"default","site-sidebar-style":"default","ast-global-header-display":"","ast-banner-title-visibility":"","ast-main-header-display":"","ast-hfb-above-header-display":"","ast-hfb-below-header-display":"","ast-hfb-mobile-header-display":"","site-post-title":"disabled","ast-breadcrumbs-content":"disabled","ast-featured-img":"disabled","footer-sml-layout":"","ast-disable-related-posts":"","theme-transparent-header-meta":"enabled","adv-header-id-meta":"","stick-header-meta":"","header-above-stick-meta":"","header-main-stick-meta":"","header-below-stick-meta":"","astra-migrate-meta-layouts":"default","ast-page-background-enabled":"default","ast-page-background-meta":{"desktop":{"background-color":"","background-image":"","background-repeat":"repeat","background-position":"center center","background-size":"auto","background-attachment":"scroll","background-type":"","background-media":"","overlay-type":"","overlay-color":"","overlay-opacity":"","overlay-gradient":""},"tablet":{"background-color":"","background-image":"","background-repeat":"repeat","background-position":"center center","background-size":"auto","background-attachment":"scroll","background-type":"","background-media":"","overlay-type":"","overlay-color":"","overlay-opacity":"","overlay-gradient":""},"mobile":{"background-color":"","background-image":"","background-repeat":"repeat","background-position":"center center","background-size":"auto","background-attachment":"scroll","background-type":"","background-media":"","overlay-type":"","overlay-color":"","overlay-opacity":"","overlay-gradient":""}},"ast-content-background-meta":{"desktop":{"background-color":"var(--ast-global-color-5)","background-image":"","background-repeat":"repeat","background-position":"center center","background-size":"auto","background-attachment":"scroll","background-type":"","background-media":"","overlay-type":"","overlay-color":"","overlay-opacity":"","overlay-gradient":""},"tablet":{"background-color":"var(--ast-global-color-5)","background-image":"","background-repeat":"repeat","background-position":"center center","background-size":"auto","background-attachment":"scroll","background-type":"","background-media":"","overlay-type":"","overlay-color":"","overlay-opacity":"","overlay-gradient":""},"mobile":{"background-color":"var(--ast-global-color-5)","background-image":"","background-repeat":"repeat","background-position":"center center","background-size":"auto","background-attachment":"scroll","background-type":"","background-media":"","overlay-type":"","overlay-color":"","overlay-opacity":"","overlay-gradient":""}},"footnotes":""},"class_list":["post-1060","page","type-page","status-publish","hentry"],"_links":{"self":[{"href":"https:\/\/estarmachinery.com\/vi\/wp-json\/wp\/v2\/pages\/1060","targetHints":{"allow":["GET"]}}],"collection":[{"href":"https:\/\/estarmachinery.com\/vi\/wp-json\/wp\/v2\/pages"}],"about":[{"href":"https:\/\/estarmachinery.com\/vi\/wp-json\/wp\/v2\/types\/page"}],"author":[{"embeddable":true,"href":"https:\/\/estarmachinery.com\/vi\/wp-json\/wp\/v2\/users\/1"}],"replies":[{"embeddable":true,"href":"https:\/\/estarmachinery.com\/vi\/wp-json\/wp\/v2\/comments?post=1060"}],"version-history":[{"count":0,"href":"https:\/\/estarmachinery.com\/vi\/wp-json\/wp\/v2\/pages\/1060\/revisions"}],"wp:attachment":[{"href":"https:\/\/estarmachinery.com\/vi\/wp-json\/wp\/v2\/media?parent=1060"}],"curies":[{"name":"wp","href":"https:\/\/api.w.org\/{rel}","templated":true}]}}