{"id":1357,"date":"2023-08-22T03:59:57","date_gmt":"2023-08-22T03:59:57","guid":{"rendered":"https:\/\/estarmachinery.com\/?post_type=product&#038;p=1357"},"modified":"2023-08-22T04:02:13","modified_gmt":"2023-08-22T04:02:13","slug":"automatic-high-speed-paper-counter-paper-counting-machine","status":"publish","type":"product","link":"https:\/\/estarmachinery.com\/vi\/san-pham\/automatic-high-speed-paper-counter-paper-counting-machine\/","title":{"rendered":"M\u00e1y \u0111\u1ebfm gi\u1ea5y t\u1ed1c \u0111\u1ed9 cao t\u1ef1 \u0111\u1ed9ng"},"content":{"rendered":"<p>M\u00e1y \u0111\u1ebfm gi\u1ea5y t\u1ed1c \u0111\u1ed9 cao t\u1ef1 \u0111\u1ed9ng<\/p>\n<h3 class=\"magic-2\" data-spm-anchor-id=\"a2700.details.0.i28.5bf366fcvlprgS\">\u0110\u1eb7c tr\u01b0ng:<\/h3>\n<div class=\"magic-3\">\n<div class=\"magic-4\">\n<div class=\"magic-5\" data-spm-anchor-id=\"a2700.details.0.i26.5bf366fcvlprgS\"><span data-spm-anchor-id=\"a2700.details.0.i27.5bf366fcvlprgS\">C\u00f3 2 ch\u1ebf \u0111\u1ed9 ho\u1ea1t \u0111\u1ed9ng: 1. Ch\u1ebf \u0111\u1ed9 \u0111\u1ebfm: \u1ede ch\u1ebf \u0111\u1ed9 n\u00e0y, m\u00e1y \u0111\u1ebfm ch\u1ed3ng gi\u1ea5y, kh\u00f4ng ch\u00e8n tab 2. Ch\u1ebf \u0111\u1ed9 \u0111\u1ebfm h\u00e0ng lo\u1ea1t: \u1ede ch\u1ebf \u0111\u1ed9 n\u00e0y, m\u00e1y c\u00f3 th\u1ec3 \u0111\u1ebfm m\u1ed9t s\u1ed1 t\u1edd nh\u1ea5t \u0111\u1ecbnh c\u00f3 ch\u00e8n tab. K\u00edch th\u01b0\u1edbc m\u00e1y nh\u1ecf, t\u1ed1c \u0111\u1ed9 \u0111\u1ebfm 1000 t\u1edd\/ph\u00fat, m\u00e1y ch\u1ea1y \u1ed5n \u0111\u1ecbnh, \u0111\u1ebfm ch\u00ednh x\u00e1c. \u0110i\u1ec1u khi\u1ec3n m\u00e0n h\u00ecnh c\u1ea3m \u1ee9ng, d\u1ec5 v\u1eadn h\u00e0nh.<\/span><\/div>\n<div data-spm-anchor-id=\"a2700.details.0.i26.5bf366fcvlprgS\">\n<div class=\"J_module\">\n<div class=\"icbu-pc-detailManyImage magic-7\">\n<div class=\"magic-8\"><a href=\"https:\/\/estarmachinery.com\/vi\/danh-muc-san-pham\/counting-machine\/\"><img decoding=\"async\" class=\"magic-9\" src=\"https:\/\/sc04.alicdn.com\/kf\/Hb0cf1eeb6df74cf8a7a546d480d397e7t\/268582949\/Hb0cf1eeb6df74cf8a7a546d480d397e7t.jpg\" data-src=\"\/\/sc04.alicdn.com\/kf\/Hb0cf1eeb6df74cf8a7a546d480d397e7t\/268582949\/Hb0cf1eeb6df74cf8a7a546d480d397e7t.jpg\" data-spm-anchor-id=\"a2700.details.0.i35.5bf366fcZaPXIF\" \/><\/a><\/div>\n<div class=\"magic-8\"><img decoding=\"async\" class=\"magic-9\" src=\"https:\/\/sc04.alicdn.com\/kf\/H34eb45d6c7a642cdb51a44545b4e3877u\/268582949\/H34eb45d6c7a642cdb51a44545b4e3877u.jpg\" data-src=\"\/\/sc04.alicdn.com\/kf\/H34eb45d6c7a642cdb51a44545b4e3877u\/268582949\/H34eb45d6c7a642cdb51a44545b4e3877u.jpg\" \/><\/div>\n<div class=\"magic-8\"><img decoding=\"async\" class=\"magic-9\" src=\"https:\/\/sc04.alicdn.com\/kf\/H8c7a2d46bb124d21afe838c14592ddb9O\/268582949\/H8c7a2d46bb124d21afe838c14592ddb9O.jpg\" data-src=\"\/\/sc04.alicdn.com\/kf\/H8c7a2d46bb124d21afe838c14592ddb9O\/268582949\/H8c7a2d46bb124d21afe838c14592ddb9O.jpg\" \/><\/div>\n<div class=\"magic-8\"><img decoding=\"async\" class=\"magic-9\" src=\"https:\/\/sc04.alicdn.com\/kf\/H4ae702e9d59943e480ad0325476d82c84\/268582949\/H4ae702e9d59943e480ad0325476d82c84.jpg\" data-src=\"\/\/sc04.alicdn.com\/kf\/H4ae702e9d59943e480ad0325476d82c84\/268582949\/H4ae702e9d59943e480ad0325476d82c84.jpg\" \/><\/div>\n<div class=\"magic-8\"><img decoding=\"async\" class=\"magic-9\" src=\"https:\/\/sc04.alicdn.com\/kf\/H5dc6e58c079e4cf8af3a6de80ac55cb29\/268582949\/H5dc6e58c079e4cf8af3a6de80ac55cb29.jpg\" data-src=\"\/\/sc04.alicdn.com\/kf\/H5dc6e58c079e4cf8af3a6de80ac55cb29\/268582949\/H5dc6e58c079e4cf8af3a6de80ac55cb29.jpg\" \/><\/div>\n<\/div>\n<\/div>\n<div class=\"J_module\">\n<div id=\"ali-anchor-AliMagic-g9orjj\" class=\"magic-0\" data-section=\"AliMagic-g9orjj\" data-section-title=\"PRODUCT SPECIFICATIONS\">TH\u00d4NG S\u1ed0 S\u1ea2N PH\u1ea8M<\/div>\n<\/div>\n<div class=\"J_module\">\n<div class=\"ife-detail-decorate-table\">\n<table class=\"all magic-10\">\n<tbody>\n<tr>\n<td colspan=\"1\" rowspan=\"1\">\n<div class=\"magic-11\">KH\u00d4NG.<\/div>\n<\/td>\n<td colspan=\"1\" rowspan=\"1\">\n<div class=\"magic-12\">Ng\u01b0\u1eddi m\u1eabu<\/div>\n<\/td>\n<td colspan=\"3\" rowspan=\"1\">\n<div class=\"magic-13\">ES-Y3<\/div>\n<\/td>\n<\/tr>\n<tr>\n<td colspan=\"1\" rowspan=\"1\">\n<div class=\"magic-11\">1<\/div>\n<\/td>\n<td colspan=\"1\" rowspan=\"1\">\n<div class=\"magic-12\">\u0111\u1ed9 d\u00e0y c\u1ee7a gi\u1ea5y<\/div>\n<\/td>\n<td colspan=\"3\" rowspan=\"1\">\n<div class=\"magic-13\">45-120gsm<\/div>\n<\/td>\n<\/tr>\n<tr>\n<td colspan=\"1\" rowspan=\"1\">\n<div class=\"magic-11\">2<\/div>\n<\/td>\n<td colspan=\"1\" rowspan=\"1\">\n<div class=\"magic-12\">t\u1ed1i thi\u1ec3u kh\u1ed5 gi\u1ea5y<\/div>\n<\/td>\n<td colspan=\"3\" rowspan=\"1\">\n<div class=\"magic-13\">100mm(W)*150mm(L)<\/div>\n<\/td>\n<\/tr>\n<tr>\n<td colspan=\"1\" rowspan=\"1\">\n<div class=\"magic-11\">3<\/div>\n<\/td>\n<td colspan=\"1\" rowspan=\"1\">\n<div class=\"magic-12\">t\u1ed1i \u0111a. kh\u1ed5 gi\u1ea5y<\/div>\n<\/td>\n<td colspan=\"3\" rowspan=\"1\">\n<div class=\"magic-13\">420mm(R)x297mm(D)<\/div>\n<\/td>\n<\/tr>\n<tr>\n<td colspan=\"1\" rowspan=\"1\">\n<div class=\"magic-11\">4<\/div>\n<\/td>\n<td colspan=\"1\" rowspan=\"1\">\n<div class=\"magic-12\">T\u1ed1c \u0111\u1ed9 \u0111\u1ebfm<\/div>\n<\/td>\n<td colspan=\"3\" rowspan=\"1\">\n<div class=\"magic-13\">0 ~ 1000 chi\u1ebfc \/ ph\u00fat<\/div>\n<\/td>\n<\/tr>\n<tr>\n<td colspan=\"1\" rowspan=\"1\">\n<div class=\"magic-11\">5<\/div>\n<\/td>\n<td colspan=\"1\" rowspan=\"1\">\n<div class=\"magic-12\">T\u1ed1i \u0111a. chi\u1ec1u cao t\u1ea3i<\/div>\n<\/td>\n<td colspan=\"3\" rowspan=\"1\">\n<div class=\"magic-16\">70mm<\/div>\n<\/td>\n<\/tr>\n<tr>\n<td colspan=\"1\" rowspan=\"1\">\n<div class=\"magic-11\">6<\/div>\n<\/td>\n<td colspan=\"1\" rowspan=\"1\">\n<div class=\"magic-12\">Ngu\u1ed3n c\u1ea5p<\/div>\n<\/td>\n<td colspan=\"3\" rowspan=\"1\">\n<div class=\"magic-16\">AC240VAC, 50\/60hz<\/div>\n<\/td>\n<\/tr>\n<tr>\n<td colspan=\"1\" rowspan=\"1\">\n<div class=\"magic-11\">7<\/div>\n<\/td>\n<td colspan=\"1\" rowspan=\"1\">\n<div class=\"magic-12\">\u0110ang t\u1ea3i chi\u1ec1u cao b\u1ea3ng<\/div>\n<\/td>\n<td colspan=\"3\" rowspan=\"1\">\n<div class=\"magic-16\">200mm<\/div>\n<\/td>\n<\/tr>\n<tr>\n<td colspan=\"1\" rowspan=\"1\">\n<div class=\"magic-11\">8<\/div>\n<\/td>\n<td colspan=\"1\" rowspan=\"1\">\n<div class=\"magic-12\">k\u00edch th\u01b0\u1edbc m\u00e1y<\/div>\n<\/td>\n<td colspan=\"3\" rowspan=\"1\">\n<div class=\"magic-16\">670*510*480mm<\/div>\n<\/td>\n<\/tr>\n<tr>\n<td colspan=\"1\" rowspan=\"1\">\n<div class=\"magic-11\">9<\/div>\n<\/td>\n<td colspan=\"1\" rowspan=\"1\">\n<div class=\"magic-12\">Kh\u1ed1i l\u01b0\u1ee3ng t\u1ecbnh<\/div>\n<\/td>\n<td colspan=\"3\" rowspan=\"1\">\n<div class=\"magic-16\">37kg<\/div>\n<\/td>\n<\/tr>\n<tr>\n<td colspan=\"1\" rowspan=\"1\">\n<div class=\"magic-11\">10<\/div>\n<\/td>\n<td colspan=\"1\" rowspan=\"1\">\n<div class=\"magic-12\">K\u00edch th\u01b0\u1edbc \u0111\u00f3ng g\u00f3i h\u1ed9p g\u1ed7<\/div>\n<\/td>\n<td colspan=\"3\" rowspan=\"1\">\n<div class=\"magic-16\">720*550*660mm<\/div>\n<\/td>\n<\/tr>\n<tr>\n<td colspan=\"1\" rowspan=\"1\">\n<div class=\"magic-11\">11<\/div>\n<\/td>\n<td colspan=\"1\" rowspan=\"1\">\n<div class=\"magic-12\">Tr\u1ecdng l\u01b0\u1ee3ng th\u00f4<\/div>\n<\/td>\n<td colspan=\"3\" rowspan=\"1\">\n<div class=\"magic-16\">62kg<\/div>\n<\/td>\n<\/tr>\n<\/tbody>\n<\/table>\n<\/div>\n<\/div>\n<div class=\"J_module\">\n<div id=\"ali-anchor-AliMagic-zg4wzr\" class=\"magic-0\" data-section=\"AliMagic-zg4wzr\" data-section-title=\"WORKSHOP\">X\u01af\u1edeNG<\/div>\n<\/div>\n<div class=\"J_module\">\n<div class=\"icbu-pc-images magic-18\">\n<div>\n<div class=\"flex-layout-v\">\n<div class=\"flex-layout-h magic-18\">\n<div class=\"magic-19\"><img decoding=\"async\" class=\"magic-20\" src=\"https:\/\/sc04.alicdn.com\/kf\/H53c5539da9f54fc98503099731715de19\/268582949\/H53c5539da9f54fc98503099731715de19.png\" data-src=\"\/\/sc04.alicdn.com\/kf\/H53c5539da9f54fc98503099731715de19\/268582949\/H53c5539da9f54fc98503099731715de19.png\" \/><\/div>\n<\/div>\n<\/div>\n<\/div>\n<\/div>\n<\/div>\n<div class=\"J_module\">\n<div id=\"ali-anchor-AliMagic-falkf2\" class=\"magic-0\" data-section=\"AliMagic-falkf2\" data-section-title=\"PACKAGE&amp;SHIPPING\">G\u00d3I &amp; V\u1eacN CHUY\u1ec2N<\/div>\n<\/div>\n<div class=\"J_module\">\n<div class=\"icbu-pc-images magic-18\">\n<div>\n<div class=\"flex-layout-v\">\n<div class=\"flex-layout-h magic-18\">\n<div class=\"magic-21\"><img decoding=\"async\" class=\"magic-22\" src=\"https:\/\/sc04.alicdn.com\/kf\/H8ecfd130278d427f87ab8f67ddba18f5T\/268582949\/H8ecfd130278d427f87ab8f67ddba18f5T.jpg\" data-src=\"\/\/sc04.alicdn.com\/kf\/H8ecfd130278d427f87ab8f67ddba18f5T\/268582949\/H8ecfd130278d427f87ab8f67ddba18f5T.jpg\" \/><\/div>\n<\/div>\n<\/div>\n<\/div>\n<\/div>\n<\/div>\n<div class=\"J_module\">\n<div class=\"icbu-pc-images magic-18\">\n<div>\n<div class=\"flex-layout-v\">\n<div class=\"flex-layout-h magic-18\">\n<div class=\"magic-23\"><img decoding=\"async\" class=\"magic-24\" src=\"https:\/\/sc04.alicdn.com\/kf\/H19f81f822d1b4fd296a73dab12402779B\/268582949\/H19f81f822d1b4fd296a73dab12402779B.jpg\" data-src=\"\/\/sc04.alicdn.com\/kf\/H19f81f822d1b4fd296a73dab12402779B\/268582949\/H19f81f822d1b4fd296a73dab12402779B.jpg\" \/><\/div>\n<\/div>\n<\/div>\n<\/div>\n<\/div>\n<\/div>\n<div class=\"J_module\">\n<div id=\"ali-anchor-AliMagic-b3jszr\" class=\"magic-0\" data-section=\"AliMagic-b3jszr\" data-section-title=\"FAQ\">C\u00e2u h\u1ecfi th\u01b0\u1eddng g\u1eb7p<\/div>\n<\/div>\n<div class=\"J_module\">\n<div class=\"detail-decorate-json-renderer-container\">\n<div class=\"magic-1\">\n<div class=\"magic-3\">\n<div class=\"magic-4\">\n<div class=\"magic-5\">\n<p>Q1: B\u1ea1n l\u00e0 nh\u00e0 s\u1ea3n xu\u1ea5t hay c\u00f4ng ty th\u01b0\u01a1ng m\u1ea1i?<\/p>\n<div>A1:Ch\u00fang t\u00f4i l\u00e0 nh\u00e0 s\u1ea3n xu\u1ea5t.<\/div>\n<div>C\u00e2u 2: Th\u1eddi h\u1ea1n gi\u00e1 l\u00e0 g\u00ec?<br \/>\nA2: Gi\u00e1 ni\u00eam y\u1ebft l\u00e0 FOB C\u00f3 th\u1ec3 c\u00f3 th\u00eam chi ph\u00ed giao nh\u1eadn t\u00f9y thu\u1ed9c v\u00e0o nh\u00e0 giao nh\u1eadn v\u00e0 l\u00f4 h\u00e0ng kh\u00e1c nhau<\/div>\n<div>\n<p>ph\u01b0\u01a1ng ph\u00e1p. Gi\u00e1 c\u00f3 th\u1ec3 dao \u0111\u1ed9ng do chi ph\u00ed v\u1eadt li\u1ec7u\/chi ph\u00ed nh\u00e2n c\u00f4ng\/t\u1ef7 gi\u00e1 h\u1ed1i \u0111o\u00e1i thay \u0111\u1ed5i. Vui l\u00f2ng tham kh\u1ea3o \u00fd ki\u1ebfn nh\u00e2n vi\u00ean b\u00e1n h\u00e0ng c\u1ee7a ch\u00fang t\u00f4i tr\u01b0\u1edbc khi x\u00e1c nh\u1eadn \u0111\u01a1n h\u00e0ng.<\/p>\n<p>C\u00e2u 3: B\u1ea1n c\u1ea7n s\u1ea3n xu\u1ea5t s\u1ea3n ph\u1ea9m trong bao l\u00e2u?<br \/>\nA3: Ch\u00fang t\u00f4i s\u1eafp x\u1ebfp l\u00f4 h\u00e0ng trong 7 ~ 15 ng\u00e0y.<\/p>\n<p>Q4: L\u00e0m th\u1ebf n\u00e0o \u0111\u1ec3 \u0111\u1eb7t h\u00e0ng v\u00e0 s\u1eafp x\u1ebfp thanh to\u00e1n?<br \/>\nA4: N\u1ebfu b\u1ea1n mua s\u1ea3n ph\u1ea9m RTS c\u1ee7a ch\u00fang t\u00f4i, b\u1ea1n c\u00f3 th\u1ec3 li\u00ean h\u1ec7 v\u1edbi b\u1ed9 ph\u1eadn b\u00e1n h\u00e0ng c\u1ee7a ch\u00fang t\u00f4i \u0111\u1ec3 so\u1ea1n th\u1ea3o PI ho\u1eb7c l\u1ec7nh \u0111\u1ea3m b\u1ea3o giao d\u1ecbch cho b\u1ea1n ho\u1eb7c b\u1ea1n c\u00f3 th\u1ec3 nh\u1ea5n n\u00fat &quot;b\u1eaft \u0111\u1ea7u \u0111\u1eb7t h\u00e0ng&quot; tr\u00ean Alibaba.<\/p>\n<p>C\u00e2u 5: B\u1ea1n cung c\u1ea5p nh\u1eefng t\u00e0i li\u1ec7u g\u00ec?<br \/>\nA5: Ch\u00fang t\u00f4i cung c\u1ea5p H\u00f3a \u0111\u01a1n th\u01b0\u01a1ng m\u1ea1i, Danh s\u00e1ch \u0111\u00f3ng g\u00f3i, H\u00f3a \u0111\u01a1n x\u1ebfp h\u00e0ng, Gi\u1ea5y ch\u1ee9ng nh\u1eadn xu\u1ea5t x\u1ee9, Gi\u1ea5y ch\u1ee9ng nh\u1eadn kh\u1eed tr\u00f9ng. N\u1ebfu th\u1ecb tr\u01b0\u1eddng c\u1ee7a b\u1ea1n c\u00f3 b\u1ea5t k\u1ef3 y\u00eau c\u1ea7u \u0111\u1eb7c bi\u1ec7t n\u00e0o nh\u01b0 SONCAP, PVOC, vui l\u00f2ng cho ch\u00fang t\u00f4i bi\u1ebft.<\/p>\n<p>Q6: Th\u1eddi h\u1ea1n thanh to\u00e1n l\u00e0 g\u00ec? L\u00e0m th\u1ebf n\u00e0o t\u00f4i c\u00f3 th\u1ec3 s\u1eafp x\u1ebfp thanh to\u00e1n?<br \/>\nA6: Ch\u00fang t\u00f4i ch\u1ea5p nh\u1eadn thanh to\u00e1n TT \/ LC \/ \u0110\u1ea3m b\u1ea3o th\u01b0\u01a1ng m\u1ea1i.<\/p>\n<p>Q7: C\u1ed5ng t\u1ea3i l\u00e0 g\u00ec?<br \/>\nA7:Th\u01b0\u1eddng l\u00e0 Th\u01b0\u1ee3ng H\u1ea3i, Thanh \u0110\u1ea3o. Ch\u00fang t\u00f4i c\u00f3 th\u1ec3 giao h\u00e0ng \u0111\u1ebfn c\u1ea3ng do kh\u00e1ch h\u00e0ng ch\u1ec9 \u0111\u1ecbnh.<\/p>\n<p>8. N\u1ebfu b\u1ea1n c\u00f3 b\u1ea5t k\u1ef3 c\u00e2u h\u1ecfi n\u00e0o kh\u00e1c ho\u1eb7c c\u00f3 b\u1ea5t k\u1ef3 nghi ng\u1edd n\u00e0o v\u1ec1 vi\u1ec7c t\u00f9y ch\u1ec9nh, vui l\u00f2ng nh\u1ea5p v\u00e0o \u201cTr\u00f2 chuy\u1ec7n ngay\u201d \u1edf b\u00ean ph\u1ea3i ho\u1eb7c g\u1eedi email cho ch\u00fang t\u00f4i, ch\u00fang t\u00f4i cung c\u1ea5p 24 gi\u1edd cho b\u1ea1n.<\/p>\n<\/div>\n<\/div>\n<\/div>\n<\/div>\n<\/div>\n<\/div>\n<\/div>\n<\/div>\n<\/div>\n<\/div>","protected":false},"excerpt":{"rendered":"<p>Automatic High Speed Paper Counter Paper Counting Machine Features: There are 2 operation modes: 1. Counting mode: Under this mode, machine count the paper stack, no tab insert 2. Batch counting mode: Under this mode, machine can count certain nos sheets with tab insert. Small machine size, counting speed is 1000 sheets per min, the [&hellip;]<\/p>","protected":false},"featured_media":1364,"template":"","meta":{"site-sidebar-layout":"default","site-content-layout":"default","ast-site-content-layout":"default","site-content-style":"default","site-sidebar-style":"default","ast-global-header-display":"","ast-banner-title-visibility":"","ast-main-header-display":"","ast-hfb-above-header-display":"","ast-hfb-below-header-display":"","ast-hfb-mobile-header-display":"","site-post-title":"","ast-breadcrumbs-content":"","ast-featured-img":"","footer-sml-layout":"","ast-disable-related-posts":"","theme-transparent-header-meta":"default","adv-header-id-meta":"","stick-header-meta":"","header-above-stick-meta":"","header-main-stick-meta":"","header-below-stick-meta":"","astra-migrate-meta-layouts":"default","ast-page-background-enabled":"default","ast-page-background-meta":{"desktop":{"background-color":"","background-image":"","background-repeat":"repeat","background-position":"center center","background-size":"auto","background-attachment":"scroll","background-type":"","background-media":"","overlay-type":"","overlay-color":"","overlay-opacity":"","overlay-gradient":""},"tablet":{"background-color":"","background-image":"","background-repeat":"repeat","background-position":"center center","background-size":"auto","background-attachment":"scroll","background-type":"","background-media":"","overlay-type":"","overlay-color":"","overlay-opacity":"","overlay-gradient":""},"mobile":{"background-color":"","background-image":"","background-repeat":"repeat","background-position":"center center","background-size":"auto","background-attachment":"scroll","background-type":"","background-media":"","overlay-type":"","overlay-color":"","overlay-opacity":"","overlay-gradient":""}},"ast-content-background-meta":{"desktop":{"background-color":"var(--ast-global-color-5)","background-image":"","background-repeat":"repeat","background-position":"center center","background-size":"auto","background-attachment":"scroll","background-type":"","background-media":"","overlay-type":"","overlay-color":"","overlay-opacity":"","overlay-gradient":""},"tablet":{"background-color":"var(--ast-global-color-5)","background-image":"","background-repeat":"repeat","background-position":"center center","background-size":"auto","background-attachment":"scroll","background-type":"","background-media":"","overlay-type":"","overlay-color":"","overlay-opacity":"","overlay-gradient":""},"mobile":{"background-color":"var(--ast-global-color-5)","background-image":"","background-repeat":"repeat","background-position":"center center","background-size":"auto","background-attachment":"scroll","background-type":"","background-media":"","overlay-type":"","overlay-color":"","overlay-opacity":"","overlay-gradient":""}}},"product_brand":[],"product_cat":[49],"product_tag":[],"class_list":{"0":"post-1357","1":"product","2":"type-product","3":"status-publish","4":"has-post-thumbnail","6":"product_cat-counting-machine","7":"desktop-align-center","8":"tablet-align-left","9":"mobile-align-left","11":"first","12":"instock","13":"shipping-taxable","14":"product-type-simple"},"_links":{"self":[{"href":"https:\/\/estarmachinery.com\/vi\/wp-json\/wp\/v2\/product\/1357","targetHints":{"allow":["GET"]}}],"collection":[{"href":"https:\/\/estarmachinery.com\/vi\/wp-json\/wp\/v2\/product"}],"about":[{"href":"https:\/\/estarmachinery.com\/vi\/wp-json\/wp\/v2\/types\/product"}],"wp:featuredmedia":[{"embeddable":true,"href":"https:\/\/estarmachinery.com\/vi\/wp-json\/wp\/v2\/media\/1364"}],"wp:attachment":[{"href":"https:\/\/estarmachinery.com\/vi\/wp-json\/wp\/v2\/media?parent=1357"}],"wp:term":[{"taxonomy":"product_brand","embeddable":true,"href":"https:\/\/estarmachinery.com\/vi\/wp-json\/wp\/v2\/product_brand?post=1357"},{"taxonomy":"product_cat","embeddable":true,"href":"https:\/\/estarmachinery.com\/vi\/wp-json\/wp\/v2\/product_cat?post=1357"},{"taxonomy":"product_tag","embeddable":true,"href":"https:\/\/estarmachinery.com\/vi\/wp-json\/wp\/v2\/product_tag?post=1357"}],"curies":[{"name":"wp","href":"https:\/\/api.w.org\/{rel}","templated":true}]}}