{"id":585,"date":"2023-06-18T17:31:30","date_gmt":"2023-06-18T17:31:30","guid":{"rendered":"https:\/\/estarmachinery.com\/?post_type=product&#038;p=585"},"modified":"2023-07-13T08:52:15","modified_gmt":"2023-07-13T08:52:15","slug":"es-8800-8801-round-corner-cutter-quotation-sheet","status":"publish","type":"product","link":"https:\/\/estarmachinery.com\/vi\/san-pham\/es-8800-8801-round-corner-cutter-quotation-sheet\/","title":{"rendered":"B\u1ea3ng b\u00e1o gi\u00e1 m\u00e1y c\u1eaft g\u00f3c tr\u00f2n ES-8800 8801"},"content":{"rendered":"<p>&nbsp;<\/p>\n<table>\n<tbody>\n<tr>\n<td style=\"text-align: center;\" colspan=\"3\" width=\"1486\"><strong>M\u00e1y c\u1eaft g\u00f3c tr\u00f2n \u00a0<\/strong><\/td>\n<\/tr>\n<tr>\n<td colspan=\"2\" width=\"743\"><strong>ES<\/strong><strong>&#8211;<\/strong><strong>RC8800 <\/strong>M\u00e1y c\u1eaft g\u00f3c tr\u00f2n th\u1ee7 c\u00f4ng<\/td>\n<td width=\"743\"><strong>ES<\/strong><strong>&#8211;<\/strong><strong>RC8801 <\/strong>M\u00e1y c\u1eaft g\u00f3c tr\u00f2n \u0111i\u1ec7n<\/td>\n<\/tr>\n<tr>\n<td colspan=\"3\" width=\"1486\">Ch\u00fang t\u00f4i r\u1ea5t c\u1ea3m \u01a1n b\u1ea1n \u0111\u00e3 quan t\u00e2m \u0111\u1ebfn M\u00e1y c\u1eaft g\u00f3c tr\u00f2n th\u1ee7 c\u00f4ng c\u1ee7a ch\u00fang t\u00f4i. Tr\u00ean c\u01a1 s\u1edf c\u00e1c \u0111i\u1ec1u kho\u1ea3n v\u00e0 \u0111i\u1ec1u ki\u1ec7n b\u00e1n h\u00e0ng chung c\u1ee7a ch\u00fang t\u00f4i, ch\u00fang t\u00f4i h\u00e2n h\u1ea1nh b\u00e1o gi\u00e1 cho b\u1ea1n nh\u01b0 sau:<\/p>\n<p><strong><b>S\u1ef1 ch\u1ec9 r\u00f5:<\/b><\/strong><\/td>\n<\/tr>\n<tr>\n<td width=\"559\">Ng\u01b0\u1eddi m\u1eabu<\/td>\n<td colspan=\"2\" width=\"926\"><strong>ES<\/strong><strong>&#8211;<\/strong><strong>RC8800 \u00a0<\/strong>M\u00e1y c\u1eaft g\u00f3c tr\u00f2n th\u1ee7 c\u00f4ng<\/td>\n<\/tr>\n<tr>\n<td width=\"559\">t\u1ed1i \u0111a. \u0111\u1ed9 d\u00e0y c\u1eaft<\/td>\n<td colspan=\"2\" width=\"926\">30 mm<\/td>\n<\/tr>\n<tr>\n<td width=\"559\">K\u00edch th\u01b0\u1edbc m\u00e1y<\/td>\n<td colspan=\"2\" width=\"926\">320x220x230mm<\/td>\n<\/tr>\n<tr>\n<td width=\"559\">tr\u1ecdng l\u01b0\u1ee3ng m\u00e1y<\/td>\n<td colspan=\"2\" width=\"926\">7,5kg<\/td>\n<\/tr>\n<tr>\n<td colspan=\"3\" width=\"1486\"><strong><b>\u0110\u1eb7c tr\u01b0ng:<\/b><\/strong><\/p>\n<p>N\u00f3 \u0111\u01b0\u1ee3c s\u1eed d\u1ee5ng \u0111\u1ec3 c\u1eaft g\u00f3c tr\u00f2n cho gi\u1ea5y ch\u1ee9ng nh\u1eadn, th\u1ebb, s\u1ed5 ng\u00e2n h\u00e0ng, phim v\u00e0 s\u00e1ch.<\/td>\n<\/tr>\n<\/tbody>\n<\/table>\n<p>&nbsp;<\/p>\n<p>&nbsp;<\/p>\n<table>\n<tbody>\n<tr>\n<td width=\"559\">Ng\u01b0\u1eddi m\u1eabu<\/td>\n<td width=\"926\"><strong>ES<\/strong><strong>&#8211;<\/strong><strong>RC8801 <\/strong>M\u00e1y c\u1eaft g\u00f3c tr\u00f2n \u0111i\u1ec7n<\/td>\n<\/tr>\n<tr>\n<td width=\"559\">t\u1ed1i \u0111a. G\u00f3c<\/td>\n<td width=\"926\">R10<\/td>\n<\/tr>\n<tr>\n<td width=\"559\">Min.Angle<\/td>\n<td width=\"926\">R3<\/td>\n<\/tr>\n<tr>\n<td width=\"559\">Chi\u1ec1u cao c\u1eaft t\u1ed1i \u0111a<\/td>\n<td width=\"926\">70mm<\/td>\n<\/tr>\n<tr>\n<td width=\"559\">t\u1ea7n s\u1ed1 l\u00e0m vi\u1ec7c<\/td>\n<td width=\"926\">60 l\u1ea7n\/ph\u00fat<\/td>\n<\/tr>\n<tr>\n<td width=\"559\">Ngu\u1ed3n c\u1ea5p<\/td>\n<td width=\"926\">220V\/180W<\/td>\n<\/tr>\n<tr>\n<td width=\"559\">K\u00edch th\u01b0\u1edbc \u0111\u00f3ng g\u00f3i<\/td>\n<td width=\"926\">450*340*660mm<\/td>\n<\/tr>\n<tr>\n<td width=\"559\">tr\u1ecdng l\u01b0\u1ee3ng m\u00e1y<\/td>\n<td width=\"926\">45kg<\/td>\n<\/tr>\n<tr>\n<td colspan=\"2\" width=\"1486\"><strong><b>\u0110\u1eb7c tr\u01b0ng:<\/b><\/strong><\/p>\n<p>1. C\u00f3 b\u1ea3y con dao R3,R4,R5,R6,R8,R9,R10<\/p>\n<p>2. C\u00f4ng t\u1eafc ch\u00e2n \u0111i\u1ec7n, v\u1eadn h\u00e0nh d\u1ec5 d\u00e0ng, ti\u1ebft ki\u1ec7m nh\u00e2n c\u00f4ng, hi\u1ec7u qu\u1ea3 cao.<\/p>\n<p>3. Th\u00eam b\u1ea3ng v\u1ecb tr\u00ed dao, c\u00f4ng t\u1eafc nh\u00edch, v\u1ecf b\u1ea3o v\u1ec7 ki\u1ec3u m\u1edbi v\u00e0 b\u1ec7 t\u0103ng.<\/p>\n<p>4. M\u00e1y n\u00e0y l\u00e0 s\u1ef1 l\u1ef1a ch\u1ecdn t\u1ed1t nh\u1ea5t trong ng\u00e0nh c\u00f4ng nghi\u1ec7p c\u1eaft g\u00f3c tr\u00f2n trong n\u01b0\u1edbc.<\/p>\n<p>5. N\u00f3 \u0111\u01b0\u1ee3c s\u1eed d\u1ee5ng cho th\u1ebb t\u00ean, th\u1ebb tay, s\u1ed5 ghi ch\u00e9p, m\u00e0ng nh\u1ef1a, PVC, b\u1ea3ng m\u1eadt \u0111\u1ed9, v.v.<\/td>\n<\/tr>\n<\/tbody>\n<\/table>\n<p>&nbsp;<\/p>","protected":false},"excerpt":{"rendered":"<p>&nbsp; Round-Corner Cutter \u00a0 ES&#8211;RC8800 Manual Round-Corner Cutter ES&#8211;RC8801 Electric\u00a0Round-Corner Cutter We are highly thankful to you for your interested in our\u00a0Manual Round-Corner Cutter.\u00a0On the basis of our general terms and conditions of sale, we have pleasure to quote you as followings: Specification: Model ES&#8211;RC8800 \u00a0Manual Round-Corner Cutter Max. Cutting thickness 30mm Machine Dimension 320x220x230mm [&hellip;]<\/p>","protected":false},"featured_media":587,"template":"","meta":{"site-sidebar-layout":"default","site-content-layout":"default","ast-site-content-layout":"default","site-content-style":"default","site-sidebar-style":"default","ast-global-header-display":"","ast-banner-title-visibility":"","ast-main-header-display":"","ast-hfb-above-header-display":"","ast-hfb-below-header-display":"","ast-hfb-mobile-header-display":"","site-post-title":"","ast-breadcrumbs-content":"","ast-featured-img":"","footer-sml-layout":"","theme-transparent-header-meta":"default","adv-header-id-meta":"","stick-header-meta":"","header-above-stick-meta":"","header-main-stick-meta":"","header-below-stick-meta":"","astra-migrate-meta-layouts":"default","ast-page-background-enabled":"default","ast-page-background-meta":{"desktop":{"background-color":"","background-image":"","background-repeat":"repeat","background-position":"center center","background-size":"auto","background-attachment":"scroll","background-type":"","background-media":"","overlay-type":"","overlay-color":"","overlay-opacity":"","overlay-gradient":""},"tablet":{"background-color":"","background-image":"","background-repeat":"repeat","background-position":"center center","background-size":"auto","background-attachment":"scroll","background-type":"","background-media":"","overlay-type":"","overlay-color":"","overlay-opacity":"","overlay-gradient":""},"mobile":{"background-color":"","background-image":"","background-repeat":"repeat","background-position":"center center","background-size":"auto","background-attachment":"scroll","background-type":"","background-media":"","overlay-type":"","overlay-color":"","overlay-opacity":"","overlay-gradient":""}},"ast-content-background-meta":{"desktop":{"background-color":"var(--ast-global-color-5)","background-image":"","background-repeat":"repeat","background-position":"center center","background-size":"auto","background-attachment":"scroll","background-type":"","background-media":"","overlay-type":"","overlay-color":"","overlay-opacity":"","overlay-gradient":""},"tablet":{"background-color":"var(--ast-global-color-5)","background-image":"","background-repeat":"repeat","background-position":"center center","background-size":"auto","background-attachment":"scroll","background-type":"","background-media":"","overlay-type":"","overlay-color":"","overlay-opacity":"","overlay-gradient":""},"mobile":{"background-color":"var(--ast-global-color-5)","background-image":"","background-repeat":"repeat","background-position":"center center","background-size":"auto","background-attachment":"scroll","background-type":"","background-media":"","overlay-type":"","overlay-color":"","overlay-opacity":"","overlay-gradient":""}}},"product_brand":[],"product_cat":[45,60],"product_tag":[],"class_list":{"0":"post-585","1":"product","2":"type-product","3":"status-publish","4":"has-post-thumbnail","6":"product_cat-cutting-machine","7":"product_cat-hot-machine","8":"desktop-align-center","9":"tablet-align-left","10":"mobile-align-left","12":"first","13":"instock","14":"shipping-taxable","15":"product-type-simple"},"_links":{"self":[{"href":"https:\/\/estarmachinery.com\/vi\/wp-json\/wp\/v2\/product\/585","targetHints":{"allow":["GET"]}}],"collection":[{"href":"https:\/\/estarmachinery.com\/vi\/wp-json\/wp\/v2\/product"}],"about":[{"href":"https:\/\/estarmachinery.com\/vi\/wp-json\/wp\/v2\/types\/product"}],"wp:featuredmedia":[{"embeddable":true,"href":"https:\/\/estarmachinery.com\/vi\/wp-json\/wp\/v2\/media\/587"}],"wp:attachment":[{"href":"https:\/\/estarmachinery.com\/vi\/wp-json\/wp\/v2\/media?parent=585"}],"wp:term":[{"taxonomy":"product_brand","embeddable":true,"href":"https:\/\/estarmachinery.com\/vi\/wp-json\/wp\/v2\/product_brand?post=585"},{"taxonomy":"product_cat","embeddable":true,"href":"https:\/\/estarmachinery.com\/vi\/wp-json\/wp\/v2\/product_cat?post=585"},{"taxonomy":"product_tag","embeddable":true,"href":"https:\/\/estarmachinery.com\/vi\/wp-json\/wp\/v2\/product_tag?post=585"}],"curies":[{"name":"wp","href":"https:\/\/api.w.org\/{rel}","templated":true}]}}