{"id":592,"date":"2023-06-18T17:35:24","date_gmt":"2023-06-18T17:35:24","guid":{"rendered":"https:\/\/estarmachinery.com\/?post_type=product&#038;p=592"},"modified":"2023-07-13T08:52:40","modified_gmt":"2023-07-13T08:52:40","slug":"book-corner-cutting-machine","status":"publish","type":"product","link":"https:\/\/estarmachinery.com\/vi\/san-pham\/book-corner-cutting-machine\/","title":{"rendered":"M\u00e1y c\u1eaft g\u00f3c s\u00e1ch"},"content":{"rendered":"<p style=\"text-align: center;\"><strong><b>M\u00e1y bo tr\u00f2n g\u00f3c s\u00e1ch<\/b><\/strong><\/p>\n<p><img fetchpriority=\"high\" decoding=\"async\" class=\"alignnone size-medium wp-image-593\" src=\"https:\/\/estarmachinery.com\/wp-content\/uploads\/2023\/06\/16e0622d586880820dc185eb45f432d-300x200.jpg\" alt=\"Book corner rounding machine\" width=\"300\" height=\"200\" srcset=\"https:\/\/estarmachinery.com\/wp-content\/uploads\/2023\/06\/16e0622d586880820dc185eb45f432d-300x200.jpg 300w, https:\/\/estarmachinery.com\/wp-content\/uploads\/2023\/06\/16e0622d586880820dc185eb45f432d-1024x683.jpg 1024w, https:\/\/estarmachinery.com\/wp-content\/uploads\/2023\/06\/16e0622d586880820dc185eb45f432d-768x512.jpg 768w, https:\/\/estarmachinery.com\/wp-content\/uploads\/2023\/06\/16e0622d586880820dc185eb45f432d-1536x1024.jpg 1536w, https:\/\/estarmachinery.com\/wp-content\/uploads\/2023\/06\/16e0622d586880820dc185eb45f432d-600x400.jpg 600w, https:\/\/estarmachinery.com\/wp-content\/uploads\/2023\/06\/16e0622d586880820dc185eb45f432d.jpg 1920w\" sizes=\"(max-width: 300px) 100vw, 300px\" \/> <img decoding=\"async\" class=\"size-medium wp-image-594 alignright\" src=\"https:\/\/estarmachinery.com\/wp-content\/uploads\/2023\/06\/ac290d84fdb709f0e84150aadeeb42d-300x200.jpg\" alt=\"Book corner rounding machine\" width=\"300\" height=\"200\" srcset=\"https:\/\/estarmachinery.com\/wp-content\/uploads\/2023\/06\/ac290d84fdb709f0e84150aadeeb42d-300x200.jpg 300w, https:\/\/estarmachinery.com\/wp-content\/uploads\/2023\/06\/ac290d84fdb709f0e84150aadeeb42d-1024x683.jpg 1024w, https:\/\/estarmachinery.com\/wp-content\/uploads\/2023\/06\/ac290d84fdb709f0e84150aadeeb42d-768x512.jpg 768w, https:\/\/estarmachinery.com\/wp-content\/uploads\/2023\/06\/ac290d84fdb709f0e84150aadeeb42d-1536x1024.jpg 1536w, https:\/\/estarmachinery.com\/wp-content\/uploads\/2023\/06\/ac290d84fdb709f0e84150aadeeb42d-600x400.jpg 600w, https:\/\/estarmachinery.com\/wp-content\/uploads\/2023\/06\/ac290d84fdb709f0e84150aadeeb42d.jpg 1920w\" sizes=\"(max-width: 300px) 100vw, 300px\" \/><\/p>\n<p>Ch\u00fang t\u00f4i r\u1ea5t c\u1ea3m \u01a1n b\u1ea1n \u0111\u00e3 quan t\u00e2m \u0111\u1ebfn m\u00e1y l\u00e0m tr\u00f2n g\u00f3c s\u00e1ch c\u1ee7a ch\u00fang t\u00f4i. Tr\u00ean c\u01a1 s\u1edf c\u00e1c \u0111i\u1ec1u kho\u1ea3n v\u00e0 \u0111i\u1ec1u ki\u1ec7n b\u00e1n h\u00e0ng chung c\u1ee7a ch\u00fang t\u00f4i, ch\u00fang t\u00f4i h\u00e2n h\u1ea1nh b\u00e1o gi\u00e1 cho b\u1ea1n nh\u01b0 sau:<\/p>\n<table>\n<tbody>\n<tr>\n<td colspan=\"2\" width=\"1486\"><strong>S\u1ef1 ch\u1ec9 r\u00f5:<\/strong><\/td>\n<\/tr>\n<tr>\n<td width=\"559\">Ng\u01b0\u1eddi m\u1eabu<\/td>\n<td width=\"926\"><strong><b>ES460 <\/b><\/strong><\/td>\n<\/tr>\n<tr>\n<td width=\"559\">t\u1ed1c \u0111\u1ed9 l\u00e0m vi\u1ec7c<\/td>\n<td width=\"926\">18 l\u1ea7n c\u1eaft\/ph\u00fat<\/td>\n<\/tr>\n<tr>\n<td width=\"559\">K\u00edch th\u01b0\u1edbc s\u1ea3n ph\u1ea9m c\u1eaft t\u1ed1i \u0111a<\/td>\n<td width=\"926\">460mm<\/td>\n<\/tr>\n<tr>\n<td width=\"559\">K\u00edch th\u01b0\u1edbc s\u1ea3n ph\u1ea9m t\u1ed1i thi\u1ec3u<\/td>\n<td width=\"926\">130mm, 100mm (ch\u1ebf \u0111\u1ed9 th\u1ee7 c\u00f4ng)<\/td>\n<\/tr>\n<tr>\n<td width=\"559\">Chi\u1ec1u cao c\u1eaft t\u1ed1i \u0111a<\/td>\n<td width=\"926\">80mm<\/td>\n<\/tr>\n<tr>\n<td width=\"559\">\u00c1p su\u1ea5t kh\u00f4ng kh\u00ed \/ \u00e1p su\u1ea5t kh\u00f4ng kh\u00ed<\/td>\n<td width=\"926\">2.5kw\/ 6-8bar<\/td>\n<\/tr>\n<tr>\n<td width=\"559\">chi\u1ec1u r\u1ed9ng ruy b\u0103ng<\/td>\n<td width=\"926\">220V\/1KW<\/td>\n<\/tr>\n<tr>\n<td width=\"559\">K\u00edch th\u01b0\u1edbc t\u1ed5ng th\u1ec3<\/td>\n<td width=\"926\">(1100+1500 \u0111ai nh\u1eadn)\u00d7730\u00d71430mm<\/td>\n<\/tr>\n<tr>\n<td width=\"559\">C\u00e2n n\u1eb7ng<\/td>\n<td width=\"926\">300kg<\/td>\n<\/tr>\n<tr>\n<td colspan=\"2\" width=\"1486\">\u0110\u1eb7c tr\u01b0ng:<\/p>\n<p>1. T\u1ef1 \u0111\u1ed9ng c\u0103n ch\u1ec9nh v\u00e0 \u0111\u1ea9y, t\u1ef1 \u0111\u1ed9ng l\u00e0m tr\u00f2n hai g\u00f3c, t\u1ef1 \u0111\u1ed9ng n\u1ea1p v\u00e0o d\u00e2y \u0111ai nh\u1eadn. Kh\u00f4ng c\u1ea7n c\u0103n ch\u1ec9nh v\u00e0 \u0111\u1ea9y th\u1ee7 c\u00f4ng, hi\u1ec7u qu\u1ea3 s\u1ea3n xu\u1ea5t cao.<\/p>\n<p>2. \u0110i\u1ec1u khi\u1ec3n ch\u01b0\u01a1ng tr\u00ecnh PLC, l\u00e0m tr\u00f2n g\u00f3c ch\u00ednh x\u00e1c<\/p>\n<p>3. S\u1eed d\u1ee5ng l\u01b0\u1ee1i th\u00e9p m\u1ea1 cr\u00f4m, v\u1ebft r\u1ea1ch ph\u1eb3ng v\u00e0 kh\u00f4ng c\u00f3 c\u1eb7n, b\u1ec1n<\/p>\n<p>Th\u1ee7 t\u1ee5c ho\u1ea1t \u0111\u1ed9ng:<\/p>\n<p>1. Cho \u0103n th\u1ee7 c\u00f4ng<\/p>\n<p>2. T\u1ef1 \u0111\u1ed9ng c\u0103n ch\u1ec9nh tr\u01b0\u1edbc sau<\/p>\n<p>3. T\u1ef1 \u0111\u1ed9ng bo g\u00f3c hai b\u00ean<\/p>\n<p>4. T\u1ef1 \u0111\u1ed9ng \u0111\u1ea9y s\u1ea3n ph\u1ea9m \u0111\u1ebfn t\u1ea5m bi b\u00ean ph\u1ea3i<\/td>\n<\/tr>\n<\/tbody>\n<\/table>","protected":false},"excerpt":{"rendered":"<p>Book corner rounding machine We are highly thankful to you for your interested in our\u00a0book corner rounding machine. On the basis of our general terms and conditions of sale, we have pleasure to quote you as followings: Specification: Model ES460 Working speed 18cuts\/min Max.cutting product size 460mm Min.cutting product size 130mm, 100mm(manual mode) Max.cutting height [&hellip;]<\/p>","protected":false},"featured_media":596,"template":"","meta":{"site-sidebar-layout":"default","site-content-layout":"default","ast-site-content-layout":"default","site-content-style":"default","site-sidebar-style":"default","ast-global-header-display":"","ast-banner-title-visibility":"","ast-main-header-display":"","ast-hfb-above-header-display":"","ast-hfb-below-header-display":"","ast-hfb-mobile-header-display":"","site-post-title":"","ast-breadcrumbs-content":"","ast-featured-img":"","footer-sml-layout":"","ast-disable-related-posts":"","theme-transparent-header-meta":"default","adv-header-id-meta":"","stick-header-meta":"","header-above-stick-meta":"","header-main-stick-meta":"","header-below-stick-meta":"","astra-migrate-meta-layouts":"default","ast-page-background-enabled":"default","ast-page-background-meta":{"desktop":{"background-color":"","background-image":"","background-repeat":"repeat","background-position":"center center","background-size":"auto","background-attachment":"scroll","background-type":"","background-media":"","overlay-type":"","overlay-color":"","overlay-opacity":"","overlay-gradient":""},"tablet":{"background-color":"","background-image":"","background-repeat":"repeat","background-position":"center center","background-size":"auto","background-attachment":"scroll","background-type":"","background-media":"","overlay-type":"","overlay-color":"","overlay-opacity":"","overlay-gradient":""},"mobile":{"background-color":"","background-image":"","background-repeat":"repeat","background-position":"center center","background-size":"auto","background-attachment":"scroll","background-type":"","background-media":"","overlay-type":"","overlay-color":"","overlay-opacity":"","overlay-gradient":""}},"ast-content-background-meta":{"desktop":{"background-color":"var(--ast-global-color-5)","background-image":"","background-repeat":"repeat","background-position":"center center","background-size":"auto","background-attachment":"scroll","background-type":"","background-media":"","overlay-type":"","overlay-color":"","overlay-opacity":"","overlay-gradient":""},"tablet":{"background-color":"var(--ast-global-color-5)","background-image":"","background-repeat":"repeat","background-position":"center center","background-size":"auto","background-attachment":"scroll","background-type":"","background-media":"","overlay-type":"","overlay-color":"","overlay-opacity":"","overlay-gradient":""},"mobile":{"background-color":"var(--ast-global-color-5)","background-image":"","background-repeat":"repeat","background-position":"center center","background-size":"auto","background-attachment":"scroll","background-type":"","background-media":"","overlay-type":"","overlay-color":"","overlay-opacity":"","overlay-gradient":""}}},"product_brand":[],"product_cat":[45,60],"product_tag":[],"class_list":{"0":"post-592","1":"product","2":"type-product","3":"status-publish","4":"has-post-thumbnail","6":"product_cat-cutting-machine","7":"product_cat-hot-machine","8":"desktop-align-center","9":"tablet-align-left","10":"mobile-align-left","12":"first","13":"instock","14":"shipping-taxable","15":"product-type-simple"},"_links":{"self":[{"href":"https:\/\/estarmachinery.com\/vi\/wp-json\/wp\/v2\/product\/592","targetHints":{"allow":["GET"]}}],"collection":[{"href":"https:\/\/estarmachinery.com\/vi\/wp-json\/wp\/v2\/product"}],"about":[{"href":"https:\/\/estarmachinery.com\/vi\/wp-json\/wp\/v2\/types\/product"}],"wp:featuredmedia":[{"embeddable":true,"href":"https:\/\/estarmachinery.com\/vi\/wp-json\/wp\/v2\/media\/596"}],"wp:attachment":[{"href":"https:\/\/estarmachinery.com\/vi\/wp-json\/wp\/v2\/media?parent=592"}],"wp:term":[{"taxonomy":"product_brand","embeddable":true,"href":"https:\/\/estarmachinery.com\/vi\/wp-json\/wp\/v2\/product_brand?post=592"},{"taxonomy":"product_cat","embeddable":true,"href":"https:\/\/estarmachinery.com\/vi\/wp-json\/wp\/v2\/product_cat?post=592"},{"taxonomy":"product_tag","embeddable":true,"href":"https:\/\/estarmachinery.com\/vi\/wp-json\/wp\/v2\/product_tag?post=592"}],"curies":[{"name":"wp","href":"https:\/\/api.w.org\/{rel}","templated":true}]}}