{"id":597,"date":"2023-06-18T17:38:02","date_gmt":"2023-06-18T17:38:02","guid":{"rendered":"https:\/\/estarmachinery.com\/?post_type=product&#038;p=597"},"modified":"2023-07-07T03:50:16","modified_gmt":"2023-07-07T03:50:16","slug":"es-jd8200a-paper-binding-folding-machine","status":"publish","type":"product","link":"https:\/\/estarmachinery.com\/vi\/san-pham\/es-jd8200a-paper-binding-folding-machine\/","title":{"rendered":"M\u00e1y \u0110\u00f3ng &amp; G\u1ea5p Gi\u1ea5y ES-JD8200A"},"content":{"rendered":"<p style=\"text-align: center;\"><strong><b>Gi\u1ea5y <\/b><\/strong><strong><b>\u0111\u00f3ng s\u00e1ch &amp; g\u1ea5p<\/b><\/strong><strong><b>\u00a0M\u00e1y m\u00f3c<\/b><\/strong><\/p>\n<p><img fetchpriority=\"high\" decoding=\"async\" class=\"alignnone size-medium wp-image-602 alignright\" src=\"https:\/\/estarmachinery.com\/wp-content\/uploads\/2023\/06\/\u4e3b\u56fe5-300x300.jpg\" alt=\"Paper Binding &amp; Folding Machine\" width=\"300\" height=\"300\" srcset=\"https:\/\/estarmachinery.com\/wp-content\/uploads\/2023\/06\/\u4e3b\u56fe5-300x300.jpg 300w, https:\/\/estarmachinery.com\/wp-content\/uploads\/2023\/06\/\u4e3b\u56fe5-150x150.jpg 150w, https:\/\/estarmachinery.com\/wp-content\/uploads\/2023\/06\/\u4e3b\u56fe5-768x768.jpg 768w, https:\/\/estarmachinery.com\/wp-content\/uploads\/2023\/06\/\u4e3b\u56fe5-600x600.jpg 600w, https:\/\/estarmachinery.com\/wp-content\/uploads\/2023\/06\/\u4e3b\u56fe5-100x100.jpg 100w, https:\/\/estarmachinery.com\/wp-content\/uploads\/2023\/06\/\u4e3b\u56fe5.jpg 800w\" sizes=\"(max-width: 300px) 100vw, 300px\" \/> <img decoding=\"async\" class=\"alignnone size-medium wp-image-601 alignright\" src=\"https:\/\/estarmachinery.com\/wp-content\/uploads\/2023\/06\/\u4e3b\u56fe4-300x300.jpg\" alt=\"Paper Binding &amp; Folding Machine\" width=\"300\" height=\"300\" srcset=\"https:\/\/estarmachinery.com\/wp-content\/uploads\/2023\/06\/\u4e3b\u56fe4-300x300.jpg 300w, https:\/\/estarmachinery.com\/wp-content\/uploads\/2023\/06\/\u4e3b\u56fe4-150x150.jpg 150w, https:\/\/estarmachinery.com\/wp-content\/uploads\/2023\/06\/\u4e3b\u56fe4-768x768.jpg 768w, https:\/\/estarmachinery.com\/wp-content\/uploads\/2023\/06\/\u4e3b\u56fe4-600x600.jpg 600w, https:\/\/estarmachinery.com\/wp-content\/uploads\/2023\/06\/\u4e3b\u56fe4-100x100.jpg 100w, https:\/\/estarmachinery.com\/wp-content\/uploads\/2023\/06\/\u4e3b\u56fe4.jpg 800w\" sizes=\"(max-width: 300px) 100vw, 300px\" \/> <img decoding=\"async\" class=\"alignnone size-medium wp-image-600 alignright\" src=\"https:\/\/estarmachinery.com\/wp-content\/uploads\/2023\/06\/\u4e3b\u56fe3-300x300.jpg\" alt=\"Paper Binding &amp; Folding Machine\" width=\"300\" height=\"300\" srcset=\"https:\/\/estarmachinery.com\/wp-content\/uploads\/2023\/06\/\u4e3b\u56fe3-300x300.jpg 300w, https:\/\/estarmachinery.com\/wp-content\/uploads\/2023\/06\/\u4e3b\u56fe3-150x150.jpg 150w, https:\/\/estarmachinery.com\/wp-content\/uploads\/2023\/06\/\u4e3b\u56fe3-768x768.jpg 768w, https:\/\/estarmachinery.com\/wp-content\/uploads\/2023\/06\/\u4e3b\u56fe3-600x600.jpg 600w, https:\/\/estarmachinery.com\/wp-content\/uploads\/2023\/06\/\u4e3b\u56fe3-100x100.jpg 100w, https:\/\/estarmachinery.com\/wp-content\/uploads\/2023\/06\/\u4e3b\u56fe3.jpg 800w\" sizes=\"(max-width: 300px) 100vw, 300px\" \/><\/p>\n<p>&nbsp;<\/p>\n<p>&nbsp;<\/p>\n<p>&nbsp;<\/p>\n<p>&nbsp;<\/p>\n<p>&nbsp;<\/p>\n<p>&nbsp;<\/p>\n<p>&nbsp;<\/p>\n<p>Ch\u00fang t\u00f4i r\u1ea5t c\u1ea3m \u01a1n b\u1ea1n \u0111\u00e3 quan t\u00e2m \u0111\u1ebfn m\u00e1y \u0111\u00f3ng v\u00e0 g\u1ea5p gi\u1ea5y c\u1ee7a ch\u00fang t\u00f4i. Tr\u00ean c\u01a1 s\u1edf c\u00e1c \u0111i\u1ec1u kho\u1ea3n v\u00e0 \u0111i\u1ec1u ki\u1ec7n b\u00e1n h\u00e0ng chung c\u1ee7a ch\u00fang t\u00f4i, ch\u00fang t\u00f4i h\u00e2n h\u1ea1nh b\u00e1o gi\u00e1 cho b\u1ea1n nh\u01b0 sau:<\/p>\n<table>\n<tbody>\n<tr>\n<td colspan=\"2\" width=\"1486\"><strong>S\u1ef1 ch\u1ec9 r\u00f5:<\/strong><\/td>\n<\/tr>\n<tr>\n<td width=\"559\">Ng\u01b0\u1eddi m\u1eabu<\/td>\n<td width=\"926\"><strong><b>ES-BF8200A<\/b><\/strong><\/td>\n<\/tr>\n<tr>\n<td width=\"559\">t\u1ed1i \u0111a. kh\u1ed5 gi\u1ea5y<\/td>\n<td width=\"926\">315*435mm<\/td>\n<\/tr>\n<tr>\n<td width=\"559\">t\u1ed1i thi\u1ec3u kh\u1ed5 gi\u1ea5y<\/td>\n<td width=\"926\">148*210mm<\/td>\n<\/tr>\n<tr>\n<td width=\"559\">C\u00f4ng su\u1ea5t li\u00ean k\u1ebft t\u1ed1i \u0111a (\u0110\u00f3ng s\u00e1ch b\u00ean)<\/td>\n<td width=\"926\">20 t\u1edd 80gsm<\/td>\n<\/tr>\n<tr>\n<td width=\"559\">C\u00f4ng su\u1ea5t t\u1ed1i \u0111a .Folding<\/td>\n<td width=\"926\">17 t\u1edd 80gsm<\/td>\n<\/tr>\n<tr>\n<td width=\"559\">T\u1ed1c \u0111\u1ed9<\/td>\n<td width=\"926\">300 cu\u1ed1n s\u00e1ch\/gi\u1edd<\/td>\n<\/tr>\n<tr>\n<td width=\"559\">Ngu\u1ed3n c\u1ea5p<\/td>\n<td width=\"926\">AC220V\/50Hz\/0.5A 60W<\/td>\n<\/tr>\n<tr>\n<td width=\"559\">K\u00edch th\u01b0\u1edbc m\u00e1y<\/td>\n<td width=\"926\">560x460x210mm<\/td>\n<\/tr>\n<tr>\n<td width=\"559\">tr\u1ecdng l\u01b0\u1ee3ng m\u00e1y<\/td>\n<td width=\"926\">20kg<\/td>\n<\/tr>\n<tr>\n<td colspan=\"2\" width=\"1486\">M\u00e1y \u0111\u00f3ng s\u00e1ch, m\u00e1y \u0111\u00f3ng s\u00e1ch, thi\u1ebft b\u1ecb \u0111\u00f3ng s\u00e1ch.<\/p>\n<p>Thi\u1ebft k\u1ebf th\u1eddi trang, tri\u1ec3n v\u1ecdng th\u00f4ng minh, v\u1eadn h\u00e0nh d\u1ec5 d\u00e0ng, c\u00e2n b\u1eb1ng cao gi\u1eefa ch\u1ea5t l\u01b0\u1ee3ng v\u00e0 chi ph\u00ed. \u0110\u00e2y l\u00e0 s\u1ef1 l\u1ef1a ch\u1ecdn ho\u00e0n h\u1ea3o \u0111\u1ec3 s\u1eed d\u1ee5ng trong v\u0103n ph\u00f2ng, tr\u01b0\u1eddng h\u1ecdc v\u00e0 c\u00e1c c\u01a1 s\u1edf gi\u00e1o d\u1ee5c kh\u00e1c, c\u00e1c c\u1eeda h\u00e0ng \u201cin nhanh\u201d v\u00e0 xu\u1ea5t b\u1ea3n c\u0169ng nh\u01b0 c\u00e1c c\u01a1 quan ch\u00ednh ph\u1ee7.<\/td>\n<\/tr>\n<\/tbody>\n<\/table>","protected":false},"excerpt":{"rendered":"<p>Paper Binding &amp; Folding\u00a0Machine &nbsp; &nbsp; &nbsp; &nbsp; &nbsp; &nbsp; &nbsp; We are highly thankful to you for your interested in our\u00a0paper binding &amp; folding machine. On the basis of our general terms and conditions of sale, we have pleasure to quote you as followings: Specification: Model ES-BF8200A Max. paper size 315*435mm Min. paper size [&hellip;]<\/p>","protected":false},"featured_media":605,"template":"","meta":{"site-sidebar-layout":"default","site-content-layout":"default","ast-site-content-layout":"default","site-content-style":"default","site-sidebar-style":"default","ast-global-header-display":"","ast-banner-title-visibility":"","ast-main-header-display":"","ast-hfb-above-header-display":"","ast-hfb-below-header-display":"","ast-hfb-mobile-header-display":"","site-post-title":"","ast-breadcrumbs-content":"","ast-featured-img":"","footer-sml-layout":"","ast-disable-related-posts":"","theme-transparent-header-meta":"default","adv-header-id-meta":"","stick-header-meta":"","header-above-stick-meta":"","header-main-stick-meta":"","header-below-stick-meta":"","astra-migrate-meta-layouts":"default","ast-page-background-enabled":"default","ast-page-background-meta":{"desktop":{"background-color":"","background-image":"","background-repeat":"repeat","background-position":"center center","background-size":"auto","background-attachment":"scroll","background-type":"","background-media":"","overlay-type":"","overlay-color":"","overlay-opacity":"","overlay-gradient":""},"tablet":{"background-color":"","background-image":"","background-repeat":"repeat","background-position":"center center","background-size":"auto","background-attachment":"scroll","background-type":"","background-media":"","overlay-type":"","overlay-color":"","overlay-opacity":"","overlay-gradient":""},"mobile":{"background-color":"","background-image":"","background-repeat":"repeat","background-position":"center center","background-size":"auto","background-attachment":"scroll","background-type":"","background-media":"","overlay-type":"","overlay-color":"","overlay-opacity":"","overlay-gradient":""}},"ast-content-background-meta":{"desktop":{"background-color":"var(--ast-global-color-5)","background-image":"","background-repeat":"repeat","background-position":"center center","background-size":"auto","background-attachment":"scroll","background-type":"","background-media":"","overlay-type":"","overlay-color":"","overlay-opacity":"","overlay-gradient":""},"tablet":{"background-color":"var(--ast-global-color-5)","background-image":"","background-repeat":"repeat","background-position":"center center","background-size":"auto","background-attachment":"scroll","background-type":"","background-media":"","overlay-type":"","overlay-color":"","overlay-opacity":"","overlay-gradient":""},"mobile":{"background-color":"var(--ast-global-color-5)","background-image":"","background-repeat":"repeat","background-position":"center center","background-size":"auto","background-attachment":"scroll","background-type":"","background-media":"","overlay-type":"","overlay-color":"","overlay-opacity":"","overlay-gradient":""}}},"product_brand":[],"product_cat":[54],"product_tag":[],"class_list":{"0":"post-597","1":"product","2":"type-product","3":"status-publish","4":"has-post-thumbnail","6":"product_cat-stitching-machine","7":"desktop-align-center","8":"tablet-align-left","9":"mobile-align-left","11":"first","12":"instock","13":"shipping-taxable","14":"product-type-simple"},"_links":{"self":[{"href":"https:\/\/estarmachinery.com\/vi\/wp-json\/wp\/v2\/product\/597","targetHints":{"allow":["GET"]}}],"collection":[{"href":"https:\/\/estarmachinery.com\/vi\/wp-json\/wp\/v2\/product"}],"about":[{"href":"https:\/\/estarmachinery.com\/vi\/wp-json\/wp\/v2\/types\/product"}],"wp:featuredmedia":[{"embeddable":true,"href":"https:\/\/estarmachinery.com\/vi\/wp-json\/wp\/v2\/media\/605"}],"wp:attachment":[{"href":"https:\/\/estarmachinery.com\/vi\/wp-json\/wp\/v2\/media?parent=597"}],"wp:term":[{"taxonomy":"product_brand","embeddable":true,"href":"https:\/\/estarmachinery.com\/vi\/wp-json\/wp\/v2\/product_brand?post=597"},{"taxonomy":"product_cat","embeddable":true,"href":"https:\/\/estarmachinery.com\/vi\/wp-json\/wp\/v2\/product_cat?post=597"},{"taxonomy":"product_tag","embeddable":true,"href":"https:\/\/estarmachinery.com\/vi\/wp-json\/wp\/v2\/product_tag?post=597"}],"curies":[{"name":"wp","href":"https:\/\/api.w.org\/{rel}","templated":true}]}}