{"id":607,"date":"2023-06-18T17:46:01","date_gmt":"2023-06-18T17:46:01","guid":{"rendered":"https:\/\/estarmachinery.com\/?post_type=product&#038;p=607"},"modified":"2023-07-07T03:49:53","modified_gmt":"2023-07-07T03:49:53","slug":"es-jd8500-paper-slitting-machine","status":"publish","type":"product","link":"https:\/\/estarmachinery.com\/vi\/san-pham\/es-jd8500-paper-slitting-machine\/","title":{"rendered":"M\u00e1y x\u00e9n gi\u1ea5y ES-JD8500"},"content":{"rendered":"<p style=\"text-align: center;\"><strong><b>Gi\u1ea5y <\/b><\/strong><strong><b>r\u1ea1ch<\/b><\/strong><strong><b>\u00a0M\u00e1y m\u00f3c<\/b><\/strong><\/p>\n<p><img fetchpriority=\"high\" decoding=\"async\" class=\"alignnone size-medium wp-image-613\" src=\"https:\/\/estarmachinery.com\/wp-content\/uploads\/2023\/06\/linotype-machine-3-1-300x300.jpg\" alt=\"Paper Slitting Machine\" width=\"300\" height=\"300\" srcset=\"https:\/\/estarmachinery.com\/wp-content\/uploads\/2023\/06\/linotype-machine-3-1-300x300.jpg 300w, https:\/\/estarmachinery.com\/wp-content\/uploads\/2023\/06\/linotype-machine-3-1-150x150.jpg 150w, https:\/\/estarmachinery.com\/wp-content\/uploads\/2023\/06\/linotype-machine-3-1-768x768.jpg 768w, https:\/\/estarmachinery.com\/wp-content\/uploads\/2023\/06\/linotype-machine-3-1-600x600.jpg 600w, https:\/\/estarmachinery.com\/wp-content\/uploads\/2023\/06\/linotype-machine-3-1-100x100.jpg 100w, https:\/\/estarmachinery.com\/wp-content\/uploads\/2023\/06\/linotype-machine-3-1.jpg 800w\" sizes=\"(max-width: 300px) 100vw, 300px\" \/>\u00a0 \u00a0 \u00a0 \u00a0 \u00a0 \u00a0\u00a0 <img decoding=\"async\" class=\"alignnone size-medium wp-image-614\" src=\"https:\/\/estarmachinery.com\/wp-content\/uploads\/2023\/06\/Paper-Slitting-Machine-1-300x225.jpg\" alt=\"Paper Slitting Machine\" width=\"300\" height=\"225\" srcset=\"https:\/\/estarmachinery.com\/wp-content\/uploads\/2023\/06\/Paper-Slitting-Machine-1-300x225.jpg 300w, https:\/\/estarmachinery.com\/wp-content\/uploads\/2023\/06\/Paper-Slitting-Machine-1.jpg 600w\" sizes=\"(max-width: 300px) 100vw, 300px\" \/>\u00a0 \u00a0 \u00a0 \u00a0 \u00a0 \u00a0 \u00a0\u00a0 <img decoding=\"async\" class=\"alignnone size-medium wp-image-615\" src=\"https:\/\/estarmachinery.com\/wp-content\/uploads\/2023\/06\/Paper-Slitting-Machine-1-300x225.png\" alt=\"Paper Slitting Machine\" width=\"300\" height=\"225\" srcset=\"https:\/\/estarmachinery.com\/wp-content\/uploads\/2023\/06\/Paper-Slitting-Machine-1-300x225.png 300w, https:\/\/estarmachinery.com\/wp-content\/uploads\/2023\/06\/Paper-Slitting-Machine-1.png 600w\" sizes=\"(max-width: 300px) 100vw, 300px\" \/><\/p>\n<p>Ch\u00fang t\u00f4i r\u1ea5t bi\u1ebft \u01a1n b\u1ea1n \u0111\u00e3 quan t\u00e2m \u0111\u1ebfn m\u00e1y r\u1ea1ch gi\u1ea5y c\u1ee7a ch\u00fang t\u00f4i. Tr\u00ean c\u01a1 s\u1edf c\u00e1c \u0111i\u1ec1u kho\u1ea3n v\u00e0 \u0111i\u1ec1u ki\u1ec7n b\u00e1n h\u00e0ng chung c\u1ee7a ch\u00fang t\u00f4i, ch\u00fang t\u00f4i h\u00e2n h\u1ea1nh b\u00e1o gi\u00e1 cho b\u1ea1n nh\u01b0 sau:<\/p>\n<table>\n<tbody>\n<tr>\n<td width=\"561\">Ng\u01b0\u1eddi m\u1eabu<\/td>\n<td width=\"924\"><strong><b>ES-S8500<\/b><\/strong><\/td>\n<\/tr>\n<tr>\n<td width=\"561\">Chi\u1ec1u r\u1ed9ng t\u1ed1i \u0111a<\/td>\n<td width=\"924\">500mm<\/td>\n<\/tr>\n<tr>\n<td width=\"561\">Pha tr\u1ed9n. Kho\u1ea3ng c\u00e1ch c\u1eaft<\/td>\n<td width=\"924\">10 mm<\/td>\n<\/tr>\n<tr>\n<td width=\"561\">t\u1ed1c \u0111\u1ed9 tr\u1ee5c tr\u1ed1ng<\/td>\n<td width=\"924\">80Xoay\/ph\u00fat<\/td>\n<\/tr>\n<tr>\n<td width=\"561\">Quy\u1ec1n l\u1ef1c<\/td>\n<td width=\"924\">220v<\/td>\n<\/tr>\n<tr>\n<td width=\"561\">K\u00edch th\u01b0\u1edbc \u0111\u00f3ng g\u00f3i<\/td>\n<td width=\"924\">590*370*240mm<\/td>\n<\/tr>\n<tr>\n<td width=\"561\">tr\u1ecdng l\u01b0\u1ee3ng m\u00e1y<\/td>\n<td width=\"924\">13kg<\/td>\n<\/tr>\n<tr>\n<td colspan=\"2\" width=\"1486\"><strong>\u00a0<\/strong><\/p>\n<p><strong>T\u00ednh n\u0103ng m\u00e1y:<\/strong><\/p>\n<p>1. S\u1eed d\u1ee5ng c\u00f4ng ngh\u1ec7 c\u1eaft c\u00e1n dao tr\u00f2n, n\u00f3 \u0111\u01b0\u1ee3c s\u1eed d\u1ee5ng \u0111\u1ec3 t\u00e1ch b\u1ec1 m\u1eb7t c\u00e1c s\u1ea3n ph\u1ea9m t\u1ef1 d\u00ednh trong ng\u00e0nh in<\/p>\n<p>2. D\u1ec5 v\u1eadn h\u00e0nh, ch\u1ea5t l\u01b0\u1ee3ng cao v\u00e0 hi\u1ec7u qu\u1ea3 cao, \u0111\u00e2y l\u00e0 m\u1ed9t lo\u1ea1i thi\u1ebft b\u1ecb m\u1edbi trong ng\u00e0nh in.<\/p>\n<p>3. \u1ed4 dao tr\u00f2n, d\u1ec5 d\u00e0ng \u0111\u1ecbnh v\u1ecb v\u00e0 di chuy\u1ec3n gi\u00e1 \u0111\u1ee1 dao, k\u00edch th\u01b0\u1edbc ph\u00e2n \u0111o\u1ea1n ch\u00ednh x\u00e1c, ch\u1ea5t l\u01b0\u1ee3ng c\u1eaft \u1ed5n \u0111\u1ecbnh v\u00e0 \u0111\u00e1ng tin c\u1eady, v\u00e0 l\u01b0\u1ee1i dao kh\u00f4ng d\u1ec5 m\u00f2n.<\/p>\n<p>4. L\u01b0\u1ee1i dao tr\u00f2n c\u00f3 th\u1ec3 \u0111\u01b0\u1ee3c s\u1eed d\u1ee5ng nhi\u1ec1u l\u1ea7n \u0111\u1ec3 gi\u1ea3m chi ph\u00ed.<\/td>\n<\/tr>\n<\/tbody>\n<\/table>","protected":false},"excerpt":{"rendered":"<p>Paper Slitting\u00a0Machine \u00a0 \u00a0 \u00a0 \u00a0 \u00a0 \u00a0\u00a0 \u00a0 \u00a0 \u00a0 \u00a0 \u00a0 \u00a0 \u00a0\u00a0 We are highly thankful to you for your interested in our paper slitting machine. On the basis of our general terms and conditions of sale, we have pleasure to quote you as followings: Model ES-S8500 Max.Width 500mm Mix. Cutting distance [&hellip;]<\/p>","protected":false},"featured_media":610,"template":"","meta":{"site-sidebar-layout":"default","site-content-layout":"default","ast-site-content-layout":"default","site-content-style":"default","site-sidebar-style":"default","ast-global-header-display":"","ast-banner-title-visibility":"","ast-main-header-display":"","ast-hfb-above-header-display":"","ast-hfb-below-header-display":"","ast-hfb-mobile-header-display":"","site-post-title":"","ast-breadcrumbs-content":"","ast-featured-img":"","footer-sml-layout":"","ast-disable-related-posts":"","theme-transparent-header-meta":"default","adv-header-id-meta":"","stick-header-meta":"","header-above-stick-meta":"","header-main-stick-meta":"","header-below-stick-meta":"","astra-migrate-meta-layouts":"default","ast-page-background-enabled":"default","ast-page-background-meta":{"desktop":{"background-color":"","background-image":"","background-repeat":"repeat","background-position":"center center","background-size":"auto","background-attachment":"scroll","background-type":"","background-media":"","overlay-type":"","overlay-color":"","overlay-opacity":"","overlay-gradient":""},"tablet":{"background-color":"","background-image":"","background-repeat":"repeat","background-position":"center center","background-size":"auto","background-attachment":"scroll","background-type":"","background-media":"","overlay-type":"","overlay-color":"","overlay-opacity":"","overlay-gradient":""},"mobile":{"background-color":"","background-image":"","background-repeat":"repeat","background-position":"center center","background-size":"auto","background-attachment":"scroll","background-type":"","background-media":"","overlay-type":"","overlay-color":"","overlay-opacity":"","overlay-gradient":""}},"ast-content-background-meta":{"desktop":{"background-color":"var(--ast-global-color-5)","background-image":"","background-repeat":"repeat","background-position":"center center","background-size":"auto","background-attachment":"scroll","background-type":"","background-media":"","overlay-type":"","overlay-color":"","overlay-opacity":"","overlay-gradient":""},"tablet":{"background-color":"var(--ast-global-color-5)","background-image":"","background-repeat":"repeat","background-position":"center center","background-size":"auto","background-attachment":"scroll","background-type":"","background-media":"","overlay-type":"","overlay-color":"","overlay-opacity":"","overlay-gradient":""},"mobile":{"background-color":"var(--ast-global-color-5)","background-image":"","background-repeat":"repeat","background-position":"center center","background-size":"auto","background-attachment":"scroll","background-type":"","background-media":"","overlay-type":"","overlay-color":"","overlay-opacity":"","overlay-gradient":""}}},"product_brand":[],"product_cat":[45],"product_tag":[],"class_list":{"0":"post-607","1":"product","2":"type-product","3":"status-publish","4":"has-post-thumbnail","6":"product_cat-cutting-machine","7":"desktop-align-center","8":"tablet-align-left","9":"mobile-align-left","11":"first","12":"instock","13":"shipping-taxable","14":"product-type-simple"},"_links":{"self":[{"href":"https:\/\/estarmachinery.com\/vi\/wp-json\/wp\/v2\/product\/607","targetHints":{"allow":["GET"]}}],"collection":[{"href":"https:\/\/estarmachinery.com\/vi\/wp-json\/wp\/v2\/product"}],"about":[{"href":"https:\/\/estarmachinery.com\/vi\/wp-json\/wp\/v2\/types\/product"}],"wp:featuredmedia":[{"embeddable":true,"href":"https:\/\/estarmachinery.com\/vi\/wp-json\/wp\/v2\/media\/610"}],"wp:attachment":[{"href":"https:\/\/estarmachinery.com\/vi\/wp-json\/wp\/v2\/media?parent=607"}],"wp:term":[{"taxonomy":"product_brand","embeddable":true,"href":"https:\/\/estarmachinery.com\/vi\/wp-json\/wp\/v2\/product_brand?post=607"},{"taxonomy":"product_cat","embeddable":true,"href":"https:\/\/estarmachinery.com\/vi\/wp-json\/wp\/v2\/product_cat?post=607"},{"taxonomy":"product_tag","embeddable":true,"href":"https:\/\/estarmachinery.com\/vi\/wp-json\/wp\/v2\/product_tag?post=607"}],"curies":[{"name":"wp","href":"https:\/\/api.w.org\/{rel}","templated":true}]}}