{"id":616,"date":"2023-06-18T17:50:55","date_gmt":"2023-06-18T17:50:55","guid":{"rendered":"https:\/\/estarmachinery.com\/?post_type=product&#038;p=616"},"modified":"2023-07-13T08:52:59","modified_gmt":"2023-07-13T08:52:59","slug":"paper-stitching-machine-with-two-hohner-heads","status":"publish","type":"product","link":"https:\/\/estarmachinery.com\/vi\/san-pham\/paper-stitching-machine-with-two-hohner-heads\/","title":{"rendered":"M\u00e1y kh\u00e2u gi\u1ea5y hai \u0111\u1ea7u Hohner"},"content":{"rendered":"<p style=\"text-align: center;\"><strong><b>M\u00e1y kh\u00e2u gi\u1ea5y hai \u0111\u1ea7u Hohner<\/b><\/strong><strong><b>\u00a0<\/b><\/strong><\/p>\n<p><img fetchpriority=\"high\" decoding=\"async\" class=\"alignnone size-medium wp-image-623\" src=\"https:\/\/estarmachinery.com\/wp-content\/uploads\/2023\/06\/\u4e3b\u56fe9-300x300.jpg\" alt=\"Paper Stitching Machine with two Hohner heads\" width=\"300\" height=\"300\" srcset=\"https:\/\/estarmachinery.com\/wp-content\/uploads\/2023\/06\/\u4e3b\u56fe9-300x300.jpg 300w, https:\/\/estarmachinery.com\/wp-content\/uploads\/2023\/06\/\u4e3b\u56fe9-150x150.jpg 150w, https:\/\/estarmachinery.com\/wp-content\/uploads\/2023\/06\/\u4e3b\u56fe9-768x768.jpg 768w, https:\/\/estarmachinery.com\/wp-content\/uploads\/2023\/06\/\u4e3b\u56fe9-600x600.jpg 600w, https:\/\/estarmachinery.com\/wp-content\/uploads\/2023\/06\/\u4e3b\u56fe9-100x100.jpg 100w, https:\/\/estarmachinery.com\/wp-content\/uploads\/2023\/06\/\u4e3b\u56fe9.jpg 800w\" sizes=\"(max-width: 300px) 100vw, 300px\" \/>\u00a0 \u00a0 <img decoding=\"async\" class=\"alignnone size-medium wp-image-622\" src=\"https:\/\/estarmachinery.com\/wp-content\/uploads\/2023\/06\/saddle-stitching-machine-9-300x300.jpg\" alt=\"Paper Stitching Machine with two Hohner heads\" width=\"300\" height=\"300\" srcset=\"https:\/\/estarmachinery.com\/wp-content\/uploads\/2023\/06\/saddle-stitching-machine-9-300x300.jpg 300w, https:\/\/estarmachinery.com\/wp-content\/uploads\/2023\/06\/saddle-stitching-machine-9-150x150.jpg 150w, https:\/\/estarmachinery.com\/wp-content\/uploads\/2023\/06\/saddle-stitching-machine-9-768x768.jpg 768w, https:\/\/estarmachinery.com\/wp-content\/uploads\/2023\/06\/saddle-stitching-machine-9-600x600.jpg 600w, https:\/\/estarmachinery.com\/wp-content\/uploads\/2023\/06\/saddle-stitching-machine-9-100x100.jpg 100w, https:\/\/estarmachinery.com\/wp-content\/uploads\/2023\/06\/saddle-stitching-machine-9.jpg 800w\" sizes=\"(max-width: 300px) 100vw, 300px\" \/>\u00a0 \u00a0 \u00a0 <img decoding=\"async\" class=\"alignnone size-medium wp-image-618\" src=\"https:\/\/estarmachinery.com\/wp-content\/uploads\/2023\/06\/saddle-stitching-machine-4-300x300.jpg\" alt=\"\" width=\"300\" height=\"300\" srcset=\"https:\/\/estarmachinery.com\/wp-content\/uploads\/2023\/06\/saddle-stitching-machine-4-300x300.jpg 300w, https:\/\/estarmachinery.com\/wp-content\/uploads\/2023\/06\/saddle-stitching-machine-4-150x150.jpg 150w, https:\/\/estarmachinery.com\/wp-content\/uploads\/2023\/06\/saddle-stitching-machine-4-768x768.jpg 768w, https:\/\/estarmachinery.com\/wp-content\/uploads\/2023\/06\/saddle-stitching-machine-4-600x600.jpg 600w, https:\/\/estarmachinery.com\/wp-content\/uploads\/2023\/06\/saddle-stitching-machine-4-100x100.jpg 100w, https:\/\/estarmachinery.com\/wp-content\/uploads\/2023\/06\/saddle-stitching-machine-4.jpg 800w\" sizes=\"(max-width: 300px) 100vw, 300px\" \/><\/p>\n<p>Ch\u00fang t\u00f4i r\u1ea5t bi\u1ebft \u01a1n b\u1ea1n \u0111\u00e3 quan t\u00e2m \u0111\u1ebfn m\u00e1y kh\u00e2u d\u00e2y \u0111\u00f4i c\u1ee7a ch\u00fang t\u00f4i. Tr\u00ean c\u01a1 s\u1edf c\u00e1c \u0111i\u1ec1u kho\u1ea3n v\u00e0 \u0111i\u1ec1u ki\u1ec7n b\u00e1n h\u00e0ng chung c\u1ee7a ch\u00fang t\u00f4i, ch\u00fang t\u00f4i h\u00e2n h\u1ea1nh b\u00e1o gi\u00e1 cho b\u1ea1n nh\u01b0 sau:<\/p>\n<table>\n<tbody>\n<tr>\n<td colspan=\"3\" width=\"1486\"><strong><b>S\u1ef1 ch\u1ec9 r\u00f5:<\/b><\/strong><\/td>\n<\/tr>\n<tr>\n<td width=\"559\">Ng\u01b0\u1eddi m\u1eabu<\/td>\n<td width=\"425\"><strong><b>ES-B8702H<\/b><\/strong><\/td>\n<td width=\"501\"><strong><b>ES-B8703H<\/b><\/strong><\/td>\n<\/tr>\n<tr>\n<td width=\"559\">t\u1ed1c \u0111\u1ed9 li\u00ean k\u1ebft<\/td>\n<td width=\"425\">0-80 l\u1ea7n\/ph\u00fat<\/td>\n<td width=\"501\">0-80 l\u1ea7n\/ph\u00fat<\/td>\n<\/tr>\n<tr>\n<td width=\"559\">m\u00f4 h\u00ecnh d\u00e2y<\/td>\n<td width=\"425\">24#<\/td>\n<td width=\"501\">26#<\/td>\n<\/tr>\n<tr>\n<td width=\"559\">chi\u1ec1u r\u1ed9ng ghim<\/td>\n<td width=\"425\">13mm<\/td>\n<td width=\"501\">13mm<\/td>\n<\/tr>\n<tr>\n<td width=\"559\">\u0111\u1ed9 d\u00e0y li\u00ean k\u1ebft<\/td>\n<td width=\"425\">0,2-11mm<\/td>\n<td width=\"501\">0,2-6mm<\/td>\n<\/tr>\n<tr>\n<td width=\"559\">Ngu\u1ed3n c\u1ea5p<\/td>\n<td width=\"425\">AC220V\/50Hz\/120W<\/td>\n<td width=\"501\">AC220V\/50Hz\/200W<\/td>\n<\/tr>\n<tr>\n<td width=\"559\">K\u00edch th\u01b0\u1edbc m\u00e1y<\/td>\n<td width=\"425\">570x340x730mm<\/td>\n<td width=\"501\">520x420x870mm<\/td>\n<\/tr>\n<tr>\n<td width=\"559\">tr\u1ecdng l\u01b0\u1ee3ng m\u00e1y<\/td>\n<td width=\"425\">50kg<\/td>\n<td width=\"501\">73kg<\/td>\n<\/tr>\n<tr>\n<td colspan=\"3\" width=\"1486\">Thi\u1ebft k\u1ebf th\u1eddi trang, tri\u1ec3n v\u1ecdng th\u00f4ng minh, v\u1eadn h\u00e0nh d\u1ec5 d\u00e0ng, c\u00e2n b\u1eb1ng cao gi\u1eefa ch\u1ea5t l\u01b0\u1ee3ng v\u00e0 chi ph\u00ed.<\/p>\n<p>\u0110\u00e2y l\u00e0 s\u1ef1 l\u1ef1a ch\u1ecdn ho\u00e0n h\u1ea3o \u0111\u1ec3 s\u1eed d\u1ee5ng trong v\u0103n ph\u00f2ng, tr\u01b0\u1eddng h\u1ecdc v\u00e0 c\u00e1c c\u01a1 s\u1edf gi\u00e1o d\u1ee5c kh\u00e1c.<\/td>\n<\/tr>\n<\/tbody>\n<\/table>","protected":false},"excerpt":{"rendered":"<p>Paper Stitching Machine with two Hohner heads\u00a0 \u00a0 \u00a0 \u00a0 \u00a0 \u00a0 We are highly thankful to you for your interested in our\u00a0double wire stitching machine. On the basis of our general terms and conditions of sale, we have pleasure to quote you as followings: Specification: Model ES-B8702H ES-B8703H Binding speed 0-80 times\/min 0-80 times\/min [&hellip;]<\/p>","protected":false},"featured_media":619,"template":"","meta":{"site-sidebar-layout":"default","site-content-layout":"default","ast-site-content-layout":"default","site-content-style":"default","site-sidebar-style":"default","ast-global-header-display":"","ast-banner-title-visibility":"","ast-main-header-display":"","ast-hfb-above-header-display":"","ast-hfb-below-header-display":"","ast-hfb-mobile-header-display":"","site-post-title":"","ast-breadcrumbs-content":"","ast-featured-img":"","footer-sml-layout":"","theme-transparent-header-meta":"default","adv-header-id-meta":"","stick-header-meta":"","header-above-stick-meta":"","header-main-stick-meta":"","header-below-stick-meta":"","astra-migrate-meta-layouts":"default","ast-page-background-enabled":"default","ast-page-background-meta":{"desktop":{"background-color":"","background-image":"","background-repeat":"repeat","background-position":"center center","background-size":"auto","background-attachment":"scroll","background-type":"","background-media":"","overlay-type":"","overlay-color":"","overlay-opacity":"","overlay-gradient":""},"tablet":{"background-color":"","background-image":"","background-repeat":"repeat","background-position":"center center","background-size":"auto","background-attachment":"scroll","background-type":"","background-media":"","overlay-type":"","overlay-color":"","overlay-opacity":"","overlay-gradient":""},"mobile":{"background-color":"","background-image":"","background-repeat":"repeat","background-position":"center center","background-size":"auto","background-attachment":"scroll","background-type":"","background-media":"","overlay-type":"","overlay-color":"","overlay-opacity":"","overlay-gradient":""}},"ast-content-background-meta":{"desktop":{"background-color":"var(--ast-global-color-5)","background-image":"","background-repeat":"repeat","background-position":"center center","background-size":"auto","background-attachment":"scroll","background-type":"","background-media":"","overlay-type":"","overlay-color":"","overlay-opacity":"","overlay-gradient":""},"tablet":{"background-color":"var(--ast-global-color-5)","background-image":"","background-repeat":"repeat","background-position":"center center","background-size":"auto","background-attachment":"scroll","background-type":"","background-media":"","overlay-type":"","overlay-color":"","overlay-opacity":"","overlay-gradient":""},"mobile":{"background-color":"var(--ast-global-color-5)","background-image":"","background-repeat":"repeat","background-position":"center center","background-size":"auto","background-attachment":"scroll","background-type":"","background-media":"","overlay-type":"","overlay-color":"","overlay-opacity":"","overlay-gradient":""}}},"product_brand":[],"product_cat":[60,54],"product_tag":[],"class_list":{"0":"post-616","1":"product","2":"type-product","3":"status-publish","4":"has-post-thumbnail","6":"product_cat-hot-machine","7":"product_cat-stitching-machine","8":"desktop-align-center","9":"tablet-align-left","10":"mobile-align-left","12":"first","13":"instock","14":"shipping-taxable","15":"product-type-simple"},"_links":{"self":[{"href":"https:\/\/estarmachinery.com\/vi\/wp-json\/wp\/v2\/product\/616","targetHints":{"allow":["GET"]}}],"collection":[{"href":"https:\/\/estarmachinery.com\/vi\/wp-json\/wp\/v2\/product"}],"about":[{"href":"https:\/\/estarmachinery.com\/vi\/wp-json\/wp\/v2\/types\/product"}],"wp:featuredmedia":[{"embeddable":true,"href":"https:\/\/estarmachinery.com\/vi\/wp-json\/wp\/v2\/media\/619"}],"wp:attachment":[{"href":"https:\/\/estarmachinery.com\/vi\/wp-json\/wp\/v2\/media?parent=616"}],"wp:term":[{"taxonomy":"product_brand","embeddable":true,"href":"https:\/\/estarmachinery.com\/vi\/wp-json\/wp\/v2\/product_brand?post=616"},{"taxonomy":"product_cat","embeddable":true,"href":"https:\/\/estarmachinery.com\/vi\/wp-json\/wp\/v2\/product_cat?post=616"},{"taxonomy":"product_tag","embeddable":true,"href":"https:\/\/estarmachinery.com\/vi\/wp-json\/wp\/v2\/product_tag?post=616"}],"curies":[{"name":"wp","href":"https:\/\/api.w.org\/{rel}","templated":true}]}}