{"id":625,"date":"2023-06-18T17:56:44","date_gmt":"2023-06-18T17:56:44","guid":{"rendered":"https:\/\/estarmachinery.com\/?post_type=product&#038;p=625"},"modified":"2023-07-13T08:53:26","modified_gmt":"2023-07-13T08:53:26","slug":"625","status":"publish","type":"product","link":"https:\/\/estarmachinery.com\/vi\/san-pham\/625\/","title":{"rendered":"c\u00e1n phim"},"content":{"rendered":"<p><strong>GI\u1edaI THI\u1ec6U:<\/strong><\/p>\n<p>Kh\u00f4ng \u0111\u1ed9c h\u1ea1i, kh\u00f4ng g\u00e2y \u00f4 nhi\u1ec5m, \u0111\u1ed9 trong su\u1ed1t v\u00e0 \u0111\u1ed9 b\u00f3ng cao, t\u0129nh \u0111i\u1ec7n th\u1ea5p, ch\u1ed1ng m\u00e0i m\u00f2n, l\u00e3o h\u00f3a l\u00e2u d\u00e0i c\u1ee7a corona, \u00edt khuy\u1ebft t\u1eadt v\u00e0 x\u00e9 t\u1ed1t.<\/p>\n<p>S\u1ea3n ph\u1ea9m n\u00e0y ch\u1ee7 y\u1ebfu \u0111\u01b0\u1ee3c s\u1eed d\u1ee5ng cho c\u00e1c th\u00e0nh ph\u1ea7n in \u1ea5n, l\u00e0m t\u00fai, s\u1ea3n xu\u1ea5t b\u0103ng d\u00ednh v\u00e0 c\u00e1c v\u1eadt li\u1ec7u c\u01a1 b\u1ea3n kh\u00e1c.<\/p>\n<p>H\u1ea5p th\u1ee5 b\u1ed9t m\u1ea1nh v\u00e0 c\u00f3 th\u1ec3 ph\u1ed3ng r\u1ed9p v\u00e0 gi\u1ea3i ph\u00f3ng m\u00e0ng sau khi b\u1ecb l\u00f5m ho\u1eb7c nh\u00f4 ra.<\/p>\n<p>M\u00e0ng c\u00e1n m\u1edd th\u00edch h\u1ee3p cho tr\u00e1ng men UV m\u1ed9t ph\u1ea7n sau khi c\u00e1n m\u00e0ng, d\u1eadp n\u00f3ng, in l\u1ee5a v\u00e0 c\u00e1c qu\u00e1 tr\u00ecnh ph\u1ee7 m\u1edd. S\u1ea3n ph\u1ea9m n\u00e0y r\u1ea5t d\u1ec5 v\u1eadn h\u00e0nh khi nhi\u1ec7t \u0111\u1ed9 c\u1ee7a con l\u0103n n\u00f3ng \u0111\u00e1p \u1ee9ng y\u00eau c\u1ea7u, vi\u1ec7c gh\u00e9p m\u00e0ng c\u00f3 th\u1ec3 \u0111\u01b0\u1ee3c th\u1ef1c hi\u1ec7n b\u1ea5t c\u1ee9 l\u00fac n\u00e0o m\u00e0 kh\u00f4ng c\u1ea7n k\u1ef9 n\u0103ng chuy\u00ean nghi\u1ec7p.<\/p>\n<table>\n<tbody>\n<tr>\n<td>1<\/td>\n<td>T\u00ean s\u1ea3n ph\u1ea9m<\/td>\n<td>c\u00e1n m\u00e0ng<\/td>\n<\/tr>\n<tr>\n<td>2<\/td>\n<td>Ki\u1ec3u<\/td>\n<td>b\u00f3ng, m\u1edd, c\u1ea3m \u1ee9ng m\u1ec1m m\u1ea1i, ch\u1ed1ng tr\u1ea7y x\u01b0\u1edbc, phim k\u1ef9 thu\u1eadt s\u1ed1<\/td>\n<\/tr>\n<tr>\n<td>3<\/td>\n<td>\u1ee8ng d\u1ee5ng<\/td>\n<td>\u0111\u01b0\u1ee3c s\u1eed d\u1ee5ng tr\u00ean m\u00e1y c\u00e1n<\/td>\n<\/tr>\n<tr>\n<td>4<\/td>\n<td>C\u1ed1t l\u00f5i<\/td>\n<td>1 inch, 3 inch cho s\u1ef1 l\u1ef1a ch\u1ecdn<\/td>\n<\/tr>\n<tr>\n<td>5<\/td>\n<td>\u0111\u1ed9 d\u00e0y<\/td>\n<td>18mic, 20mic, 25mic, 27mic, v.v. T\u00f9y ch\u1ec9nh.<\/td>\n<\/tr>\n<tr>\n<td>6<\/td>\n<td>chi\u1ec1u r\u1ed9ng phim<\/td>\n<td>t\u00f9y ch\u1ec9nh<\/td>\n<\/tr>\n<tr>\n<td>7<\/td>\n<td>\u0111\u1ed9 d\u00e0i phim<\/td>\n<td>200-5000m, t\u00f9y ch\u1ec9nh<\/td>\n<\/tr>\n<tr>\n<td>8<\/td>\n<td>Ngu\u1ed3n g\u1ed1c<\/td>\n<td>CN<\/td>\n<\/tr>\n<tr>\n<td>9<\/td>\n<td>V\u1eadt li\u1ec7u<\/td>\n<td>BOPP TH\u00da C\u01afNG<\/td>\n<\/tr>\n<tr>\n<td>10<\/td>\n<td>V\u1eadt m\u1eabu<\/td>\n<td>C\u00f3 s\u1eb5n (M\u1eabu mi\u1ec5n ph\u00ed)<\/td>\n<\/tr>\n<tr>\n<td>11<\/td>\n<td>\u0111\u1ed9 c\u1ee9ng<\/td>\n<td>m\u1ec1m m\u1ea1i<\/td>\n<\/tr>\n<\/tbody>\n<\/table>\n<p><img fetchpriority=\"high\" decoding=\"async\" class=\"aligncenter wp-image-630\" src=\"https:\/\/estarmachinery.com\/wp-content\/uploads\/2023\/06\/\u56fe\u72471.png\" alt=\"Lamination film\" width=\"1200\" height=\"519\" srcset=\"https:\/\/estarmachinery.com\/wp-content\/uploads\/2023\/06\/\u56fe\u72471.png 745w, https:\/\/estarmachinery.com\/wp-content\/uploads\/2023\/06\/\u56fe\u72471-300x130.png 300w, https:\/\/estarmachinery.com\/wp-content\/uploads\/2023\/06\/\u56fe\u72471-600x259.png 600w\" sizes=\"(max-width: 1200px) 100vw, 1200px\" \/><\/p>","protected":false},"excerpt":{"rendered":"<p>INTRODUCTION: Non-toxic,pollution-free,high transparency and gloss,low static,wear resistance,long ageing of corona,few defects and good tearing off. This product is mainly used for the composition of printing,bag making,adhesive tape production and other base materials. Strong powder absorption and can blister and film release after being concaved or protruded. Matte lamination film is suitable for partially UV glazing [&hellip;]<\/p>","protected":false},"featured_media":629,"template":"","meta":{"site-sidebar-layout":"default","site-content-layout":"default","ast-site-content-layout":"default","site-content-style":"default","site-sidebar-style":"default","ast-global-header-display":"","ast-banner-title-visibility":"","ast-main-header-display":"","ast-hfb-above-header-display":"","ast-hfb-below-header-display":"","ast-hfb-mobile-header-display":"","site-post-title":"","ast-breadcrumbs-content":"","ast-featured-img":"","footer-sml-layout":"","ast-disable-related-posts":"","theme-transparent-header-meta":"default","adv-header-id-meta":"","stick-header-meta":"","header-above-stick-meta":"","header-main-stick-meta":"","header-below-stick-meta":"","astra-migrate-meta-layouts":"default","ast-page-background-enabled":"default","ast-page-background-meta":{"desktop":{"background-color":"","background-image":"","background-repeat":"repeat","background-position":"center center","background-size":"auto","background-attachment":"scroll","background-type":"","background-media":"","overlay-type":"","overlay-color":"","overlay-opacity":"","overlay-gradient":""},"tablet":{"background-color":"","background-image":"","background-repeat":"repeat","background-position":"center center","background-size":"auto","background-attachment":"scroll","background-type":"","background-media":"","overlay-type":"","overlay-color":"","overlay-opacity":"","overlay-gradient":""},"mobile":{"background-color":"","background-image":"","background-repeat":"repeat","background-position":"center center","background-size":"auto","background-attachment":"scroll","background-type":"","background-media":"","overlay-type":"","overlay-color":"","overlay-opacity":"","overlay-gradient":""}},"ast-content-background-meta":{"desktop":{"background-color":"var(--ast-global-color-5)","background-image":"","background-repeat":"repeat","background-position":"center center","background-size":"auto","background-attachment":"scroll","background-type":"","background-media":"","overlay-type":"","overlay-color":"","overlay-opacity":"","overlay-gradient":""},"tablet":{"background-color":"var(--ast-global-color-5)","background-image":"","background-repeat":"repeat","background-position":"center center","background-size":"auto","background-attachment":"scroll","background-type":"","background-media":"","overlay-type":"","overlay-color":"","overlay-opacity":"","overlay-gradient":""},"mobile":{"background-color":"var(--ast-global-color-5)","background-image":"","background-repeat":"repeat","background-position":"center center","background-size":"auto","background-attachment":"scroll","background-type":"","background-media":"","overlay-type":"","overlay-color":"","overlay-opacity":"","overlay-gradient":""}}},"product_brand":[],"product_cat":[60,58],"product_tag":[],"class_list":{"0":"post-625","1":"product","2":"type-product","3":"status-publish","4":"has-post-thumbnail","6":"product_cat-hot-machine","7":"product_cat-raw-material","8":"desktop-align-center","9":"tablet-align-left","10":"mobile-align-left","12":"first","13":"instock","14":"shipping-taxable","15":"product-type-simple"},"_links":{"self":[{"href":"https:\/\/estarmachinery.com\/vi\/wp-json\/wp\/v2\/product\/625","targetHints":{"allow":["GET"]}}],"collection":[{"href":"https:\/\/estarmachinery.com\/vi\/wp-json\/wp\/v2\/product"}],"about":[{"href":"https:\/\/estarmachinery.com\/vi\/wp-json\/wp\/v2\/types\/product"}],"wp:featuredmedia":[{"embeddable":true,"href":"https:\/\/estarmachinery.com\/vi\/wp-json\/wp\/v2\/media\/629"}],"wp:attachment":[{"href":"https:\/\/estarmachinery.com\/vi\/wp-json\/wp\/v2\/media?parent=625"}],"wp:term":[{"taxonomy":"product_brand","embeddable":true,"href":"https:\/\/estarmachinery.com\/vi\/wp-json\/wp\/v2\/product_brand?post=625"},{"taxonomy":"product_cat","embeddable":true,"href":"https:\/\/estarmachinery.com\/vi\/wp-json\/wp\/v2\/product_cat?post=625"},{"taxonomy":"product_tag","embeddable":true,"href":"https:\/\/estarmachinery.com\/vi\/wp-json\/wp\/v2\/product_tag?post=625"}],"curies":[{"name":"wp","href":"https:\/\/api.w.org\/{rel}","templated":true}]}}