{"id":631,"date":"2023-06-18T18:00:32","date_gmt":"2023-06-18T18:00:32","guid":{"rendered":"https:\/\/estarmachinery.com\/?post_type=product&#038;p=631"},"modified":"2023-07-07T03:49:08","modified_gmt":"2023-07-07T03:49:08","slug":"automatic-tag-printer-machine","status":"publish","type":"product","link":"https:\/\/estarmachinery.com\/vi\/san-pham\/automatic-tag-printer-machine\/","title":{"rendered":"M\u00e1y in th\u1ebb t\u1ef1 \u0111\u1ed9ng"},"content":{"rendered":"<p style=\"text-align: center;\"><strong><b>M\u00e1y in th\u1ebb t\u1ef1 \u0111\u1ed9ng<\/b><\/strong><\/p>\n<p><img fetchpriority=\"high\" decoding=\"async\" class=\"alignnone wp-image-636 size-large\" src=\"https:\/\/estarmachinery.com\/wp-content\/uploads\/2023\/06\/\u5fae\u4fe1\u622a\u56fe_20230619015936-1024x284.png\" alt=\"Automatic tag printer machine\" width=\"1024\" height=\"284\" srcset=\"https:\/\/estarmachinery.com\/wp-content\/uploads\/2023\/06\/\u5fae\u4fe1\u622a\u56fe_20230619015936-1024x284.png 1024w, https:\/\/estarmachinery.com\/wp-content\/uploads\/2023\/06\/\u5fae\u4fe1\u622a\u56fe_20230619015936-300x83.png 300w, https:\/\/estarmachinery.com\/wp-content\/uploads\/2023\/06\/\u5fae\u4fe1\u622a\u56fe_20230619015936-768x213.png 768w, https:\/\/estarmachinery.com\/wp-content\/uploads\/2023\/06\/\u5fae\u4fe1\u622a\u56fe_20230619015936-600x167.png 600w, https:\/\/estarmachinery.com\/wp-content\/uploads\/2023\/06\/\u5fae\u4fe1\u622a\u56fe_20230619015936.png 1462w\" sizes=\"(max-width: 1024px) 100vw, 1024px\" \/><\/p>\n<p>Ch\u00fang t\u00f4i r\u1ea5t bi\u1ebft \u01a1n b\u1ea1n \u0111\u00e3 quan t\u00e2m \u0111\u1ebfn m\u00e1y in th\u1ebb c\u1ee7a ch\u00fang t\u00f4i. Tr\u00ean c\u01a1 s\u1edf c\u00e1c \u0111i\u1ec1u kho\u1ea3n v\u00e0 \u0111i\u1ec1u ki\u1ec7n b\u00e1n h\u00e0ng chung c\u1ee7a ch\u00fang t\u00f4i, ch\u00fang t\u00f4i h\u00e2n h\u1ea1nh b\u00e1o gi\u00e1 cho b\u1ea1n nh\u01b0 sau:<\/p>\n<table>\n<tbody>\n<tr>\n<td colspan=\"2\" width=\"1486\"><strong>S\u1ef1 ch\u1ec9 r\u00f5:<\/strong><\/td>\n<\/tr>\n<tr>\n<td width=\"559\">Ng\u01b0\u1eddi m\u1eabu<\/td>\n<td width=\"926\"><strong><b>ES-Y1<\/b><\/strong><\/td>\n<\/tr>\n<tr>\n<td width=\"559\">S\u1ef1 \u0111\u1ecbnh ngh\u0129a<\/td>\n<td width=\"926\">12 ch\u1ea5m\/ph\u00fat v\u00e0 24 ch\u1ea5m\/ph\u00fat (300dpi v\u00e0 600dpi)<\/td>\n<\/tr>\n<tr>\n<td width=\"559\">T\u1ed1c \u0111\u1ed9 in t\u1ed1i \u0111a<\/td>\n<td width=\"926\">200mm\/gi\u00e2y<\/td>\n<\/tr>\n<tr>\n<td width=\"559\">Chi\u1ec1u r\u1ed9ng b\u1ea3n in t\u1ed1i \u0111a<\/td>\n<td width=\"926\">128mm<\/td>\n<\/tr>\n<tr>\n<td width=\"559\">Chi\u1ec1u d\u00e0i b\u1ea3n in t\u1ed1i \u0111a<\/td>\n<td width=\"926\">2000 ph\u00fat<\/td>\n<\/tr>\n<tr>\n<td width=\"559\">L\u00f5i ruy b\u0103ng m\u1ef1c<\/td>\n<td width=\"926\">1inch<\/td>\n<\/tr>\n<tr>\n<td width=\"559\">Ruy-b\u0103ng<\/td>\n<td width=\"926\">300m, \u0111\u01b0\u1eddng k\u00ednh t\u1ed1i \u0111a 70mm<\/td>\n<\/tr>\n<tr>\n<td width=\"559\">chi\u1ec1u r\u1ed9ng ruy b\u0103ng<\/td>\n<td width=\"926\">30~130mm<\/td>\n<\/tr>\n<tr>\n<td width=\"559\">K\u00fd \u1ee9c<\/td>\n<td width=\"926\">ROM flash 8 MB SDRAM 64 MB<\/td>\n<\/tr>\n<tr>\n<td width=\"559\">C\u00e2n n\u1eb7ng<\/td>\n<td width=\"926\">40kg<\/td>\n<\/tr>\n<tr>\n<td width=\"559\">K\u00edch th\u01b0\u1edbc<\/td>\n<td width=\"926\">400*500*360mm<\/td>\n<\/tr>\n<tr>\n<td width=\"559\">Ph\u01b0\u01a1ng th\u1ee9c giao ti\u1ebfp<\/td>\n<td width=\"926\">USB 2.0, c\u1ed5ng n\u1ed1i ti\u1ebfp RS-232, Ethernet (Thay th\u1ebf)<\/td>\n<\/tr>\n<tr>\n<td width=\"559\">Ngu\u1ed3n c\u1ea5p<\/td>\n<td width=\"926\">B\u1ed9 c\u1ea5p ngu\u1ed3n trao \u0111\u1ed5i \u0111i\u1ec7n \u00e1p gi\u1edbi h\u1ea1n t\u00edch h\u1ee3p \u0110\u1ea7u v\u00e0o AC AC100-240VAC, 3A, 47-63Hz \u0110\u1ea7u ra DC:DC24V, 15A, 300W<\/td>\n<\/tr>\n<tr>\n<td width=\"559\">c\u1ea3m bi\u1ebfn<\/td>\n<td width=\"926\">T\u1ef1 \u0111\u1ed9ng ph\u1ea3n x\u1ea1, th\u00e2m nh\u1eadp (Thay th\u1ebf)<\/td>\n<\/tr>\n<tr>\n<td width=\"559\">Tr\u00ecnh t\u1ea1o ng\u00e0y\/gi\u1edd<\/td>\n<td width=\"926\">Ti\u00eau chu\u1ea9n<\/td>\n<\/tr>\n<tr>\n<td width=\"559\">Lo\u1ea1i gi\u1ea5y<\/td>\n<td width=\"926\">In m\u1ea3nh \u0111\u01a1n<\/td>\n<\/tr>\n<tr>\n<td width=\"559\">chi\u1ec1u r\u1ed9ng th\u1ebb<\/td>\n<td width=\"926\">25mm-120mm<\/td>\n<\/tr>\n<tr>\n<td width=\"559\">\u0111\u1ed9 d\u00e0y th\u1ebb<\/td>\n<td width=\"926\">200-800g<\/td>\n<\/tr>\n<tr>\n<td width=\"559\">chi\u1ec1u d\u00e0i th\u1ebb<\/td>\n<td width=\"926\">50~2000mm(1.97&#039;&#039;-78.7&#039;&#039;)<\/td>\n<\/tr>\n<tr>\n<td width=\"559\">\u0111i\u1ec1u ki\u1ec7n ch\u1ea1y<\/td>\n<td width=\"926\">0~40 \u0111\u1ed9, \u0111\u1ed9 \u1ea9m 20%-85%<\/td>\n<\/tr>\n<tr>\n<td colspan=\"2\" width=\"1486\">\u0110\u1eb7c tr\u01b0ng:<\/p>\n<p>\u0110\u01b0\u1ee3c s\u1eed d\u1ee5ng r\u1ed9ng r\u00e3i trong c\u00e1c l\u0129nh v\u1ef1c kh\u00e1c nhau, c\u00f4ng nghi\u1ec7p may m\u1eb7c, s\u1ea3n ph\u1ea9m \u0111i\u1ec7n t\u1eed, c\u00f4ng nghi\u1ec7p ti\u1ec7n \u00edch, c\u00f4ng nghi\u1ec7p th\u00e9p, v.v. Lo\u1ea1i m\u00e1y in nh\u00e3n m\u00e3 v\u1ea1ch n\u00e0y ph\u00f9 h\u1ee3p v\u1edbi nhi\u1ec1u lo\u1ea1i ch\u1ea5t n\u1ec1n nh\u00e3n kh\u00e1c nhau nh\u01b0 nh\u00e3n d\u00e1n nh\u00e3n d\u00ednh gi\u1ea5y, nh\u00e3n t\u1ed5ng h\u1ee3p, th\u1ebb treo b\u00eca c\u1ee9ng, ho\u1eb7c c\u00e1c lo\u1ea1i kh\u00e1c nhau lo\u1ea1i v\u1eadt li\u1ec7u nh\u00e3n (nh\u01b0 ruy b\u0103ng v\u1ea3i satin, nylon taffeta, S\u1eaft tr\u00ean nh\u00e3n, nh\u00e3n ch\u0103m s\u00f3c TPU, v.v.)<\/p>\n<p>Ph\u00f9 h\u1ee3p v\u1edbi s\u1ed1 l\u01b0\u1ee3ng nh\u1ecf s\u1ea3n ph\u1ea9m m\u1ed9t l\u1ea7n, c\u00f3 th\u1ec3 \u0111\u1eb7t th\u00e0nh m\u1ecdi k\u00edch th\u01b0\u1edbc, m\u1ecdi ki\u1ec3u d\u00e1ng theo y\u00eau c\u1ea7u c\u1ee7a b\u1ea1n.<br \/>\nv\u1edbi t\u1ed1c \u0111\u1ed9 in cao, nh\u01b0 4 inch\/gi\u00e2y, 6 inch\/gi\u00e2y, 10 inch\/gi\u00e2y, 14 inch\/gi\u00e2y<br \/>\nPh\u00f9 h\u1ee3p \u0111\u1ec3 in \u0111\u01a1n s\u1eafc m\u1ed9t m\u00e0u (nh\u01b0ng c\u00f3 th\u1ec3 s\u1eed d\u1ee5ng ruy b\u0103ng m\u00e1y in m\u00e0u kh\u00e1c)<\/td>\n<\/tr>\n<\/tbody>\n<\/table>","protected":false},"excerpt":{"rendered":"<p>Automatic tag printer machine We are highly thankful to you for your interested in our\u00a0tag printer machine. On the basis of our general terms and conditions of sale, we have pleasure to quote you as followings: Specification: Model ES-Y1 Definition 12 dots\/min and 24 dots\/min(300dpi and 600dpi) Max.print speed 200mm\/s Max.print width 128mm Max.print length [&hellip;]<\/p>","protected":false},"featured_media":633,"template":"","meta":{"site-sidebar-layout":"default","site-content-layout":"default","ast-site-content-layout":"default","site-content-style":"default","site-sidebar-style":"default","ast-global-header-display":"","ast-banner-title-visibility":"","ast-main-header-display":"","ast-hfb-above-header-display":"","ast-hfb-below-header-display":"","ast-hfb-mobile-header-display":"","site-post-title":"","ast-breadcrumbs-content":"","ast-featured-img":"","footer-sml-layout":"","ast-disable-related-posts":"","theme-transparent-header-meta":"default","adv-header-id-meta":"","stick-header-meta":"","header-above-stick-meta":"","header-main-stick-meta":"","header-below-stick-meta":"","astra-migrate-meta-layouts":"default","ast-page-background-enabled":"default","ast-page-background-meta":{"desktop":{"background-color":"","background-image":"","background-repeat":"repeat","background-position":"center center","background-size":"auto","background-attachment":"scroll","background-type":"","background-media":"","overlay-type":"","overlay-color":"","overlay-opacity":"","overlay-gradient":""},"tablet":{"background-color":"","background-image":"","background-repeat":"repeat","background-position":"center center","background-size":"auto","background-attachment":"scroll","background-type":"","background-media":"","overlay-type":"","overlay-color":"","overlay-opacity":"","overlay-gradient":""},"mobile":{"background-color":"","background-image":"","background-repeat":"repeat","background-position":"center center","background-size":"auto","background-attachment":"scroll","background-type":"","background-media":"","overlay-type":"","overlay-color":"","overlay-opacity":"","overlay-gradient":""}},"ast-content-background-meta":{"desktop":{"background-color":"var(--ast-global-color-5)","background-image":"","background-repeat":"repeat","background-position":"center center","background-size":"auto","background-attachment":"scroll","background-type":"","background-media":"","overlay-type":"","overlay-color":"","overlay-opacity":"","overlay-gradient":""},"tablet":{"background-color":"var(--ast-global-color-5)","background-image":"","background-repeat":"repeat","background-position":"center center","background-size":"auto","background-attachment":"scroll","background-type":"","background-media":"","overlay-type":"","overlay-color":"","overlay-opacity":"","overlay-gradient":""},"mobile":{"background-color":"var(--ast-global-color-5)","background-image":"","background-repeat":"repeat","background-position":"center center","background-size":"auto","background-attachment":"scroll","background-type":"","background-media":"","overlay-type":"","overlay-color":"","overlay-opacity":"","overlay-gradient":""}}},"product_brand":[],"product_cat":[51],"product_tag":[],"class_list":{"0":"post-631","1":"product","2":"type-product","3":"status-publish","4":"has-post-thumbnail","6":"product_cat-printing-machine","7":"desktop-align-center","8":"tablet-align-left","9":"mobile-align-left","11":"first","12":"instock","13":"shipping-taxable","14":"product-type-simple"},"_links":{"self":[{"href":"https:\/\/estarmachinery.com\/vi\/wp-json\/wp\/v2\/product\/631","targetHints":{"allow":["GET"]}}],"collection":[{"href":"https:\/\/estarmachinery.com\/vi\/wp-json\/wp\/v2\/product"}],"about":[{"href":"https:\/\/estarmachinery.com\/vi\/wp-json\/wp\/v2\/types\/product"}],"wp:featuredmedia":[{"embeddable":true,"href":"https:\/\/estarmachinery.com\/vi\/wp-json\/wp\/v2\/media\/633"}],"wp:attachment":[{"href":"https:\/\/estarmachinery.com\/vi\/wp-json\/wp\/v2\/media?parent=631"}],"wp:term":[{"taxonomy":"product_brand","embeddable":true,"href":"https:\/\/estarmachinery.com\/vi\/wp-json\/wp\/v2\/product_brand?post=631"},{"taxonomy":"product_cat","embeddable":true,"href":"https:\/\/estarmachinery.com\/vi\/wp-json\/wp\/v2\/product_cat?post=631"},{"taxonomy":"product_tag","embeddable":true,"href":"https:\/\/estarmachinery.com\/vi\/wp-json\/wp\/v2\/product_tag?post=631"}],"curies":[{"name":"wp","href":"https:\/\/api.w.org\/{rel}","templated":true}]}}