{"id":637,"date":"2023-06-19T00:37:00","date_gmt":"2023-06-19T00:37:00","guid":{"rendered":"https:\/\/estarmachinery.com\/?post_type=product&#038;p=637"},"modified":"2023-07-07T03:48:41","modified_gmt":"2023-07-07T03:48:41","slug":"automatic-wire-booklet-maker","status":"publish","type":"product","link":"https:\/\/estarmachinery.com\/vi\/san-pham\/automatic-wire-booklet-maker\/","title":{"rendered":"M\u00e1y \u0111\u00f3ng s\u00e1ch d\u00e2y t\u1ef1 \u0111\u1ed9ng"},"content":{"rendered":"<p style=\"text-align: center;\"><strong><b>M\u00e1y \u0111\u00f3ng s\u00e1ch d\u00e2y t\u1ef1 \u0111\u1ed9ng\u00a0<\/b><\/strong><\/p>\n<p><img fetchpriority=\"high\" decoding=\"async\" class=\"size-medium wp-image-641 aligncenter\" src=\"https:\/\/estarmachinery.com\/wp-content\/uploads\/2023\/06\/ES-BF1710Z-auotmatic-wire-book-make-300x225.jpg\" alt=\"ES-BF1710Z\" width=\"300\" height=\"225\" srcset=\"https:\/\/estarmachinery.com\/wp-content\/uploads\/2023\/06\/ES-BF1710Z-auotmatic-wire-book-make-300x225.jpg 300w, https:\/\/estarmachinery.com\/wp-content\/uploads\/2023\/06\/ES-BF1710Z-auotmatic-wire-book-make-1024x768.jpg 1024w, https:\/\/estarmachinery.com\/wp-content\/uploads\/2023\/06\/ES-BF1710Z-auotmatic-wire-book-make-768x576.jpg 768w, https:\/\/estarmachinery.com\/wp-content\/uploads\/2023\/06\/ES-BF1710Z-auotmatic-wire-book-make-600x450.jpg 600w, https:\/\/estarmachinery.com\/wp-content\/uploads\/2023\/06\/ES-BF1710Z-auotmatic-wire-book-make.jpg 1440w\" sizes=\"(max-width: 300px) 100vw, 300px\" \/><\/p>\n<p>Ch\u00fang t\u00f4i r\u1ea5t bi\u1ebft \u01a1n b\u1ea1n \u0111\u00e3 quan t\u00e2m \u0111\u1ebfn t\u1ef1 \u0111\u1ed9ng c\u1ee7a ch\u00fang t\u00f4i<strong>\u00a0<\/strong>Nh\u00e0 s\u1ea3n xu\u1ea5t t\u1eadp s\u00e1ch d\u00e2y. Tr\u00ean c\u01a1 s\u1edf c\u00e1c \u0111i\u1ec1u kho\u1ea3n v\u00e0 \u0111i\u1ec1u ki\u1ec7n b\u00e1n h\u00e0ng chung c\u1ee7a ch\u00fang t\u00f4i, ch\u00fang t\u00f4i h\u00e2n h\u1ea1nh b\u00e1o gi\u00e1 cho b\u1ea1n nh\u01b0 sau:<\/p>\n<table>\n<tbody>\n<tr>\n<td colspan=\"2\" width=\"1486\"><strong><b>S\u1ef1 ch\u1ec9 r\u00f5:<\/b><\/strong><\/td>\n<\/tr>\n<tr>\n<td width=\"559\">Ng\u01b0\u1eddi m\u1eabu<\/td>\n<td width=\"926\"><strong>ES<\/strong><strong>&#8211;<\/strong><strong>BF1710Z \u00a0<\/strong>T\u1ef1 \u0111\u1ed9ng<strong>\u00a0<\/strong>Nh\u00e0 s\u1ea3n xu\u1ea5t t\u1eadp s\u00e1ch d\u00e2y<\/td>\n<\/tr>\n<tr>\n<td width=\"559\">K\u00edch th\u01b0\u1edbc gi\u1ea5y t\u1ed1i \u0111a<\/td>\n<td width=\"926\">330*480mm<\/td>\n<\/tr>\n<tr>\n<td width=\"559\">Kh\u1ed5 gi\u1ea5y t\u1ed1i thi\u1ec3u<\/td>\n<td width=\"926\">148*210mm<\/td>\n<\/tr>\n<tr>\n<td width=\"559\">\u0111\u1ed9 d\u00e0y li\u00ean k\u1ebft<\/td>\n<td width=\"926\">2-25 t\u1edd (70gsm) cho mi\u1ebfng d\u00e1n y\u00ean xe 2.6mm \u0111\u1ec3 b\u00e1n mi\u1ebfng d\u00e1n<\/td>\n<\/tr>\n<tr>\n<td width=\"559\">T\u1ed1c \u0111\u1ed9 l\u00e0m vi\u1ec7c<\/td>\n<td width=\"926\">2000 cu\u1ed1n s\u00e1ch\/gi\u1edd<\/td>\n<\/tr>\n<tr>\n<td width=\"559\">Ngu\u1ed3n c\u1ea5p<\/td>\n<td width=\"926\">220V\/50Hz\/300W<\/td>\n<\/tr>\n<tr>\n<td width=\"559\">Giao di\u1ec7n ho\u1ea1t \u0111\u1ed9ng<\/td>\n<td width=\"926\">M\u00e0n h\u00ecnh c\u1ea3m \u1ee9ng<\/td>\n<\/tr>\n<tr>\n<td width=\"559\">C\u1ea5u h\u00ecnh m\u00e1y<\/td>\n<td width=\"926\">Hohner \u0111\u1ea7u snitching (ch\u1ea1y b\u1ed9 b\u00ean + t\u1ee7 d\u01b0\u1edbi)<\/td>\n<\/tr>\n<tr>\n<td width=\"559\">K\u00edch th\u01b0\u1edbc m\u00e1y<\/td>\n<td width=\"926\">950x700x1150mm<\/td>\n<\/tr>\n<tr>\n<td width=\"559\">tr\u1ecdng l\u01b0\u1ee3ng m\u00e1y<\/td>\n<td width=\"926\">169kg<\/td>\n<\/tr>\n<tr>\n<td colspan=\"2\" width=\"1486\"><strong><b>\u0110\u1eb7c tr\u01b0ng:<\/b><\/strong><\/p>\n<p>1. \u0110i\u1ec1u ch\u1ec9nh v\u1ecb tr\u00ed t\u1ef1 \u0111\u1ed9ng, c\u00f4ng t\u1eafc m\u1ed9t l\u1ea7n nh\u1ea5p cho A3, A4, A5, b\u1ea5t k\u1ef3 k\u00edch th\u01b0\u1edbc n\u00e0o c\u0169ng c\u00f3 th\u1ec3 \u0111\u01b0\u1ee3c nh\u1eadp v\u00e0o.<\/p>\n<p>2. Ba \u0111\u1ed9ng c\u01a1 \u0111\u01b0\u1ee3c s\u1eed d\u1ee5ng \u0111\u1ec3 kh\u00e2u, g\u1ea5p v\u00e0 truy\u1ec1n \u0111\u1ed9ng \u0111\u01b0\u1ee3c \u0111i\u1ec1u khi\u1ec3n b\u1edfi c\u00e1c \u0111\u1ed9ng c\u01a1 \u0111\u1ed9c l\u1eadp, ho\u1ea1t \u0111\u1ed9ng \u1ed5n \u0111\u1ecbnh v\u00e0 b\u1ec1n b\u1ec9.<\/p>\n<p>3. \u0110\u00f3ng g\u00e1y v\u00e0 g\u1ea5p ch\u1ec9 trong m\u1ed9t thao t\u00e1c ho\u00e0n ch\u1ec9nh, ti\u1ebft ki\u1ec7m th\u1eddi gian v\u00e0 s\u1ee9c lao \u0111\u1ed9ng.<\/p>\n<p>4. R\u00e0ng bu\u1ed9c d\u00e2y ti\u1ebft ki\u1ec7m v\u00e0 thi\u1ebft th\u1ef1c, d\u1ec5 b\u1ea3o tr\u00ec.<\/p>\n<p>5. R\u00e0ng bu\u1ed9c y\u00ean ng\u1ef1a \/ r\u00e0ng bu\u1ed9c b\u00ean, chuy\u1ec3n \u0111\u1ed5i ch\u1ebf \u0111\u1ed9 \u0111\u01a1n gi\u1ea3n.<\/td>\n<\/tr>\n<\/tbody>\n<\/table>","protected":false},"excerpt":{"rendered":"<p>Automatic Wire Booklet Maker\u00a0 We are highly thankful to you for your interested in our\u00a0automatic\u00a0Wire booklet maker.\u00a0On the basis of our general terms and conditions of sale, we have pleasure to quote you as followings: Specification: Model ES&#8211;BF1710Z \u00a0Automatic\u00a0Wire booklet maker Max.Paper size 330*480mm Min.Paper Size 148*210mm Binding thickness 2-25sheets(70gsm)for saddle snitching 2.6mm for sale [&hellip;]<\/p>","protected":false},"featured_media":640,"template":"","meta":{"site-sidebar-layout":"default","site-content-layout":"default","ast-site-content-layout":"default","site-content-style":"default","site-sidebar-style":"default","ast-global-header-display":"","ast-banner-title-visibility":"","ast-main-header-display":"","ast-hfb-above-header-display":"","ast-hfb-below-header-display":"","ast-hfb-mobile-header-display":"","site-post-title":"","ast-breadcrumbs-content":"","ast-featured-img":"","footer-sml-layout":"","ast-disable-related-posts":"","theme-transparent-header-meta":"default","adv-header-id-meta":"","stick-header-meta":"","header-above-stick-meta":"","header-main-stick-meta":"","header-below-stick-meta":"","astra-migrate-meta-layouts":"default","ast-page-background-enabled":"default","ast-page-background-meta":{"desktop":{"background-color":"","background-image":"","background-repeat":"repeat","background-position":"center center","background-size":"auto","background-attachment":"scroll","background-type":"","background-media":"","overlay-type":"","overlay-color":"","overlay-opacity":"","overlay-gradient":""},"tablet":{"background-color":"","background-image":"","background-repeat":"repeat","background-position":"center center","background-size":"auto","background-attachment":"scroll","background-type":"","background-media":"","overlay-type":"","overlay-color":"","overlay-opacity":"","overlay-gradient":""},"mobile":{"background-color":"","background-image":"","background-repeat":"repeat","background-position":"center center","background-size":"auto","background-attachment":"scroll","background-type":"","background-media":"","overlay-type":"","overlay-color":"","overlay-opacity":"","overlay-gradient":""}},"ast-content-background-meta":{"desktop":{"background-color":"var(--ast-global-color-5)","background-image":"","background-repeat":"repeat","background-position":"center center","background-size":"auto","background-attachment":"scroll","background-type":"","background-media":"","overlay-type":"","overlay-color":"","overlay-opacity":"","overlay-gradient":""},"tablet":{"background-color":"var(--ast-global-color-5)","background-image":"","background-repeat":"repeat","background-position":"center center","background-size":"auto","background-attachment":"scroll","background-type":"","background-media":"","overlay-type":"","overlay-color":"","overlay-opacity":"","overlay-gradient":""},"mobile":{"background-color":"var(--ast-global-color-5)","background-image":"","background-repeat":"repeat","background-position":"center center","background-size":"auto","background-attachment":"scroll","background-type":"","background-media":"","overlay-type":"","overlay-color":"","overlay-opacity":"","overlay-gradient":""}}},"product_brand":[],"product_cat":[54],"product_tag":[],"class_list":{"0":"post-637","1":"product","2":"type-product","3":"status-publish","4":"has-post-thumbnail","6":"product_cat-stitching-machine","7":"desktop-align-center","8":"tablet-align-left","9":"mobile-align-left","11":"first","12":"instock","13":"shipping-taxable","14":"product-type-simple"},"_links":{"self":[{"href":"https:\/\/estarmachinery.com\/vi\/wp-json\/wp\/v2\/product\/637","targetHints":{"allow":["GET"]}}],"collection":[{"href":"https:\/\/estarmachinery.com\/vi\/wp-json\/wp\/v2\/product"}],"about":[{"href":"https:\/\/estarmachinery.com\/vi\/wp-json\/wp\/v2\/types\/product"}],"wp:featuredmedia":[{"embeddable":true,"href":"https:\/\/estarmachinery.com\/vi\/wp-json\/wp\/v2\/media\/640"}],"wp:attachment":[{"href":"https:\/\/estarmachinery.com\/vi\/wp-json\/wp\/v2\/media?parent=637"}],"wp:term":[{"taxonomy":"product_brand","embeddable":true,"href":"https:\/\/estarmachinery.com\/vi\/wp-json\/wp\/v2\/product_brand?post=637"},{"taxonomy":"product_cat","embeddable":true,"href":"https:\/\/estarmachinery.com\/vi\/wp-json\/wp\/v2\/product_cat?post=637"},{"taxonomy":"product_tag","embeddable":true,"href":"https:\/\/estarmachinery.com\/vi\/wp-json\/wp\/v2\/product_tag?post=637"}],"curies":[{"name":"wp","href":"https:\/\/api.w.org\/{rel}","templated":true}]}}