{"id":642,"date":"2023-06-19T00:41:01","date_gmt":"2023-06-19T00:41:01","guid":{"rendered":"https:\/\/estarmachinery.com\/?post_type=product&#038;p=642"},"modified":"2023-07-13T08:53:46","modified_gmt":"2023-07-13T08:53:46","slug":"paper-fan-folding-machine","status":"publish","type":"product","link":"https:\/\/estarmachinery.com\/vi\/san-pham\/paper-fan-folding-machine\/","title":{"rendered":"M\u00e1y g\u1ea5p qu\u1ea1t gi\u1ea5y"},"content":{"rendered":"<p style=\"text-align: center;\"><strong><b>M\u00e1y g\u1ea5p qu\u1ea1t gi\u1ea5y<\/b><\/strong><strong><b>\u00a0<\/b><\/strong><\/p>\n<p><img fetchpriority=\"high\" decoding=\"async\" class=\"alignnone wp-image-647 size-large\" src=\"https:\/\/estarmachinery.com\/wp-content\/uploads\/2023\/06\/Paper-Fan-Folding-machine-1024x458.png\" alt=\"Paper Fan Folding machine \" width=\"1024\" height=\"458\" srcset=\"https:\/\/estarmachinery.com\/wp-content\/uploads\/2023\/06\/Paper-Fan-Folding-machine-1024x458.png 1024w, https:\/\/estarmachinery.com\/wp-content\/uploads\/2023\/06\/Paper-Fan-Folding-machine-300x134.png 300w, https:\/\/estarmachinery.com\/wp-content\/uploads\/2023\/06\/Paper-Fan-Folding-machine-768x343.png 768w, https:\/\/estarmachinery.com\/wp-content\/uploads\/2023\/06\/Paper-Fan-Folding-machine-600x268.png 600w, https:\/\/estarmachinery.com\/wp-content\/uploads\/2023\/06\/Paper-Fan-Folding-machine.png 1103w\" sizes=\"(max-width: 1024px) 100vw, 1024px\" \/><\/p>\n<p>Ch\u00fang t\u00f4i r\u1ea5t c\u1ea3m \u01a1n b\u1ea1n \u0111\u00e3 quan t\u00e2m \u0111\u1ebfn m\u00e1y g\u1ea5p qu\u1ea1t gi\u1ea5y c\u1ee7a ch\u00fang t\u00f4i. Tr\u00ean c\u01a1 s\u1edf c\u00e1c \u0111i\u1ec1u kho\u1ea3n v\u00e0 \u0111i\u1ec1u ki\u1ec7n b\u00e1n h\u00e0ng chung c\u1ee7a ch\u00fang t\u00f4i, ch\u00fang t\u00f4i h\u00e2n h\u1ea1nh b\u00e1o gi\u00e1 cho b\u1ea1n nh\u01b0 sau:<\/p>\n<table>\n<tbody>\n<tr>\n<td colspan=\"2\" width=\"1486\"><strong><b>S\u1ef1 ch\u1ec9 r\u00f5:<\/b><\/strong><\/td>\n<\/tr>\n<tr>\n<td width=\"559\">Ng\u01b0\u1eddi m\u1eabu<\/td>\n<td width=\"926\"><strong><b>ES600 <\/b><\/strong><\/td>\n<\/tr>\n<tr>\n<td width=\"559\">Chi\u1ec1u d\u00e0i t\u1ed1i \u0111a c\u1ee7a gi\u1ea5y<\/td>\n<td width=\"926\">C\u00f3 th\u1ec3 mi\u1ec5n l\u00e0 kh\u00e1ch h\u00e0ng c\u1ea7n<\/td>\n<\/tr>\n<tr>\n<td width=\"559\">Chi\u1ec1u r\u1ed9ng t\u1ed1i \u0111a c\u1ee7a gi\u1ea5y<\/td>\n<td width=\"926\">620mm<\/td>\n<\/tr>\n<tr>\n<td width=\"559\">Chi\u1ec1u cao gi\u1ea5y sau khi g\u1ea5p<\/td>\n<td width=\"926\">6~55mm<\/td>\n<\/tr>\n<tr>\n<td width=\"559\">T\u1ed1c \u0111\u1ed9 g\u1ea5p t\u1ed1i \u0111a<\/td>\n<td width=\"926\">0~125 l\u1ea7n\/ph\u00fat<\/td>\n<\/tr>\n<tr>\n<td width=\"559\">c\u00f4ng su\u1ea5t \u0111\u1ed9ng c\u01a1<\/td>\n<td width=\"926\">1.1KW<\/td>\n<\/tr>\n<tr>\n<td width=\"559\">Ngu\u1ed3n \u0111\u1ec3 l\u00e0m n\u00f3ng s\u01a1 b\u1ed9<\/td>\n<td width=\"926\">4KW<\/td>\n<\/tr>\n<tr>\n<td width=\"559\">\u00c1p su\u1ea5t kh\u00f4ng kh\u00ed l\u00e0m vi\u1ec7c<\/td>\n<td width=\"926\">0,6Mpa<\/td>\n<\/tr>\n<tr>\n<td width=\"559\">k\u00edch th\u01b0\u1edbc m\u00e1y<\/td>\n<td width=\"926\">1270\u00d71560\u00d71240mm<\/td>\n<\/tr>\n<tr>\n<td width=\"559\">Kh\u1ed1i l\u01b0\u1ee3ng t\u1ecbnh<\/td>\n<td width=\"926\">500KGS<\/td>\n<\/tr>\n<tr>\n<td width=\"559\">Tr\u1ecdng l\u01b0\u1ee3ng th\u00f4<\/td>\n<td width=\"926\">550KGS<\/td>\n<\/tr>\n<tr>\n<td colspan=\"2\" width=\"1486\">\u0110\u1eb7c tr\u01b0ng:<\/p>\n<p>1. T\u00ednh linh ho\u1ea1t m\u1ea1nh m\u1ebd: k\u00edch th\u01b0\u1edbc nh\u1ecf, c\u00f3 th\u1ec3 h\u1ee3p t\u00e1c v\u1edbi ho\u1ea1t \u0111\u1ed9ng c\u1ee7a d\u00e2y chuy\u1ec1n s\u1ea3n xu\u1ea5t, s\u1ea3n ph\u1ea9m d\u1ec5 thay th\u1ebf.<\/p>\n<p>2. Hi\u1ec7u qu\u1ea3 cao: t\u1ed1c \u0111\u1ed9 cao nh\u1ea5t c\u00f3 th\u1ec3 \u0111\u1ea1t t\u1edbi 125 l\u1ea7n\/ph\u00fat.<\/p>\n<p>3. Gi\u1ea3m c\u01b0\u1eddng \u0111\u1ed9 lao \u0111\u1ed9ng c\u1ee7a c\u00f4ng nh\u00e2n: g\u1ea5p th\u1ee7 c\u00f4ng truy\u1ec1n th\u1ed1ng t\u1ed1n r\u1ea5t nhi\u1ec1u th\u1eddi gian v\u00e0 s\u1ee9c l\u1ef1c.<\/td>\n<\/tr>\n<\/tbody>\n<\/table>\n<p>&nbsp;<\/p>","protected":false},"excerpt":{"rendered":"<p>Paper Fan Folding machine\u00a0 We are highly thankful to you for your interested in our\u00a0paper fan folding machine. On the basis of our general terms and conditions of sale, we have pleasure to quote you as followings: Specification: Model ES600 Max Length of the Paper Can be as long as customer need Max Width of [&hellip;]<\/p>","protected":false},"featured_media":644,"template":"","meta":{"site-sidebar-layout":"default","site-content-layout":"default","ast-site-content-layout":"default","site-content-style":"default","site-sidebar-style":"default","ast-global-header-display":"","ast-banner-title-visibility":"","ast-main-header-display":"","ast-hfb-above-header-display":"","ast-hfb-below-header-display":"","ast-hfb-mobile-header-display":"","site-post-title":"","ast-breadcrumbs-content":"","ast-featured-img":"","footer-sml-layout":"","ast-disable-related-posts":"","theme-transparent-header-meta":"default","adv-header-id-meta":"","stick-header-meta":"","header-above-stick-meta":"","header-main-stick-meta":"","header-below-stick-meta":"","astra-migrate-meta-layouts":"default","ast-page-background-enabled":"default","ast-page-background-meta":{"desktop":{"background-color":"","background-image":"","background-repeat":"repeat","background-position":"center center","background-size":"auto","background-attachment":"scroll","background-type":"","background-media":"","overlay-type":"","overlay-color":"","overlay-opacity":"","overlay-gradient":""},"tablet":{"background-color":"","background-image":"","background-repeat":"repeat","background-position":"center center","background-size":"auto","background-attachment":"scroll","background-type":"","background-media":"","overlay-type":"","overlay-color":"","overlay-opacity":"","overlay-gradient":""},"mobile":{"background-color":"","background-image":"","background-repeat":"repeat","background-position":"center center","background-size":"auto","background-attachment":"scroll","background-type":"","background-media":"","overlay-type":"","overlay-color":"","overlay-opacity":"","overlay-gradient":""}},"ast-content-background-meta":{"desktop":{"background-color":"var(--ast-global-color-5)","background-image":"","background-repeat":"repeat","background-position":"center center","background-size":"auto","background-attachment":"scroll","background-type":"","background-media":"","overlay-type":"","overlay-color":"","overlay-opacity":"","overlay-gradient":""},"tablet":{"background-color":"var(--ast-global-color-5)","background-image":"","background-repeat":"repeat","background-position":"center center","background-size":"auto","background-attachment":"scroll","background-type":"","background-media":"","overlay-type":"","overlay-color":"","overlay-opacity":"","overlay-gradient":""},"mobile":{"background-color":"var(--ast-global-color-5)","background-image":"","background-repeat":"repeat","background-position":"center center","background-size":"auto","background-attachment":"scroll","background-type":"","background-media":"","overlay-type":"","overlay-color":"","overlay-opacity":"","overlay-gradient":""}}},"product_brand":[],"product_cat":[47,60],"product_tag":[],"class_list":{"0":"post-642","1":"product","2":"type-product","3":"status-publish","4":"has-post-thumbnail","6":"product_cat-folding-machine","7":"product_cat-hot-machine","8":"desktop-align-center","9":"tablet-align-left","10":"mobile-align-left","12":"first","13":"instock","14":"shipping-taxable","15":"product-type-simple"},"_links":{"self":[{"href":"https:\/\/estarmachinery.com\/vi\/wp-json\/wp\/v2\/product\/642","targetHints":{"allow":["GET"]}}],"collection":[{"href":"https:\/\/estarmachinery.com\/vi\/wp-json\/wp\/v2\/product"}],"about":[{"href":"https:\/\/estarmachinery.com\/vi\/wp-json\/wp\/v2\/types\/product"}],"wp:featuredmedia":[{"embeddable":true,"href":"https:\/\/estarmachinery.com\/vi\/wp-json\/wp\/v2\/media\/644"}],"wp:attachment":[{"href":"https:\/\/estarmachinery.com\/vi\/wp-json\/wp\/v2\/media?parent=642"}],"wp:term":[{"taxonomy":"product_brand","embeddable":true,"href":"https:\/\/estarmachinery.com\/vi\/wp-json\/wp\/v2\/product_brand?post=642"},{"taxonomy":"product_cat","embeddable":true,"href":"https:\/\/estarmachinery.com\/vi\/wp-json\/wp\/v2\/product_cat?post=642"},{"taxonomy":"product_tag","embeddable":true,"href":"https:\/\/estarmachinery.com\/vi\/wp-json\/wp\/v2\/product_tag?post=642"}],"curies":[{"name":"wp","href":"https:\/\/api.w.org\/{rel}","templated":true}]}}