{"id":648,"date":"2023-06-19T00:45:38","date_gmt":"2023-06-19T00:45:38","guid":{"rendered":"https:\/\/estarmachinery.com\/?post_type=product&#038;p=648"},"modified":"2023-07-06T07:25:08","modified_gmt":"2023-07-06T07:25:08","slug":"stainless-steel-desktop-gluing-machinecold-glue","status":"publish","type":"product","link":"https:\/\/estarmachinery.com\/vi\/san-pham\/stainless-steel-desktop-gluing-machinecold-glue\/","title":{"rendered":"M\u00e1y d\u00e1n keo \u0111\u1ec3 b\u00e0n b\u1eb1ng th\u00e9p kh\u00f4ng g\u1ec9 (keo l\u1ea1nh)"},"content":{"rendered":"<p style=\"text-align: center;\"><strong>M\u00e1y d\u00e1n keo \u0111\u1ec3 b\u00e0n b\u1eb1ng th\u00e9p kh\u00f4ng g\u1ec9 (keo l\u1ea1nh)<\/strong><\/p>\n<p><img fetchpriority=\"high\" decoding=\"async\" class=\"aligncenter wp-image-649 size-large\" src=\"https:\/\/estarmachinery.com\/wp-content\/uploads\/2023\/06\/1-3-1024x681.png\" alt=\"\" width=\"1024\" height=\"681\" srcset=\"https:\/\/estarmachinery.com\/wp-content\/uploads\/2023\/06\/1-3-1024x681.png 1024w, https:\/\/estarmachinery.com\/wp-content\/uploads\/2023\/06\/1-3-300x200.png 300w, https:\/\/estarmachinery.com\/wp-content\/uploads\/2023\/06\/1-3-768x511.png 768w, https:\/\/estarmachinery.com\/wp-content\/uploads\/2023\/06\/1-3-600x399.png 600w, https:\/\/estarmachinery.com\/wp-content\/uploads\/2023\/06\/1-3.png 1139w\" sizes=\"(max-width: 1024px) 100vw, 1024px\" \/><\/p>\n<p>Ch\u00fang t\u00f4i r\u1ea5t bi\u1ebft \u01a1n b\u1ea1n \u0111\u00e3 quan t\u00e2m \u0111\u1ebfn m\u00e1y d\u00e1n c\u1ee7a ch\u00fang t\u00f4i. Tr\u00ean c\u01a1 s\u1edf c\u00e1c \u0111i\u1ec1u kho\u1ea3n v\u00e0 \u0111i\u1ec1u ki\u1ec7n b\u00e1n h\u00e0ng chung c\u1ee7a ch\u00fang t\u00f4i, ch\u00fang t\u00f4i h\u00e2n h\u1ea1nh b\u00e1o gi\u00e1 cho b\u1ea1n nh\u01b0 sau:<\/p>\n<table>\n<tbody>\n<tr>\n<td colspan=\"4\" width=\"1486\"><strong><b>S\u1ef1 ch\u1ec9 r\u00f5:<\/b><\/strong><\/td>\n<\/tr>\n<tr>\n<td width=\"374\">Ng\u01b0\u1eddi m\u1eabu<\/td>\n<td width=\"394\"><strong><b>ES-380A <\/b><\/strong><\/td>\n<td width=\"362\"><strong><b>ES-600A<\/b><\/strong><\/td>\n<td width=\"354\"><strong><b>ES-720A<\/b><\/strong><\/td>\n<\/tr>\n<tr>\n<td width=\"374\">Chi\u1ec1u r\u1ed9ng d\u00e1n t\u1ed1i \u0111a<\/td>\n<td width=\"394\">380mm<\/td>\n<td width=\"362\">600mm<\/td>\n<td width=\"354\">720mm<\/td>\n<\/tr>\n<tr>\n<td width=\"374\">T\u1ed1c \u0111\u1ed9<\/td>\n<td width=\"394\">0~26m\/ph\u00fat<\/td>\n<td width=\"362\">0~26m\/ph\u00fat<\/td>\n<td width=\"354\">0~26m\/ph\u00fat<\/td>\n<\/tr>\n<tr>\n<td width=\"374\">Quy\u1ec1n l\u1ef1c<\/td>\n<td width=\"394\">220V\/50HZ, 120W<\/td>\n<td width=\"362\">220V\/50HZ, 120W<\/td>\n<td width=\"354\">220V\/50HZ, 120W<\/td>\n<\/tr>\n<tr>\n<td width=\"374\">K\u00edch th\u01b0\u1edbc m\u00e1y<\/td>\n<td width=\"394\">700x410x360mm<\/td>\n<td width=\"362\">915x410x360mm<\/td>\n<td width=\"354\">1015x410x360mm<\/td>\n<\/tr>\n<tr>\n<td width=\"374\">tr\u1ecdng l\u01b0\u1ee3ng m\u00e1y<\/td>\n<td width=\"394\">32kg<\/td>\n<td width=\"362\">48kg<\/td>\n<td width=\"354\">55kg<\/td>\n<\/tr>\n<tr>\n<td colspan=\"4\" width=\"1486\">M\u00e1y n\u00e0y s\u1eed d\u1ee5ng c\u00e1c th\u00e0nh ph\u1ea7n ch\u1ed1ng \u0103n m\u00f2n nh\u01b0 th\u00e9p kh\u00f4ng g\u1ec9 v\u00e0 h\u1ee3p kim nh\u00f4m<\/p>\n<p>B\u1ed9 ph\u1eadn truy\u1ec1n \u0111\u1ed9ng s\u1eed d\u1ee5ng v\u00f2ng bi l\u0103n, n\u00e2ng t\u1ea5m keo v\u00e0 c\u00e1c c\u1ea5u tr\u00fac kh\u00e1c, v\u00e0 m\u1ed7i tr\u1ee5c \u0111\u01b0\u1ee3c l\u00e0m b\u1eb1ng th\u00e9p kh\u00f4ng g\u1ec9, th\u00e9p 45#.<\/p>\n<p>\u0110\u1ed9ng c\u01a1 \u0111i\u1ec1u khi\u1ec3n t\u1ed1c \u0111\u1ed9 ti\u00ean ti\u1ebfn<\/p>\n<p>V\u1eadn h\u00e0nh \u0111\u01a1n gi\u1ea3n, \u00edt ti\u1ebfng \u1ed3n, hi\u1ec7u qu\u1ea3 s\u1ea3n xu\u1ea5t cao<\/td>\n<\/tr>\n<\/tbody>\n<\/table>","protected":false},"excerpt":{"rendered":"<p>Stainless steel Desktop Gluing Machine(cold glue) We are highly thankful to you for your interested in our\u00a0gluing machine. On the basis of our general terms and conditions of sale, we have pleasure to quote you as followings: Specification: Model ES-380A ES-600A ES-720A Max.gluing width 380mm 600mm 720mm Speed 0~26m\/min 0~26m\/min 0~26m\/min Power 220V\/50HZ, 120W 220V\/50HZ, [&hellip;]<\/p>","protected":false},"featured_media":650,"template":"","meta":{"site-sidebar-layout":"default","site-content-layout":"default","ast-site-content-layout":"default","site-content-style":"default","site-sidebar-style":"default","ast-global-header-display":"","ast-banner-title-visibility":"","ast-main-header-display":"","ast-hfb-above-header-display":"","ast-hfb-below-header-display":"","ast-hfb-mobile-header-display":"","site-post-title":"","ast-breadcrumbs-content":"","ast-featured-img":"","footer-sml-layout":"","ast-disable-related-posts":"","theme-transparent-header-meta":"default","adv-header-id-meta":"","stick-header-meta":"","header-above-stick-meta":"","header-main-stick-meta":"","header-below-stick-meta":"","astra-migrate-meta-layouts":"default","ast-page-background-enabled":"default","ast-page-background-meta":{"desktop":{"background-color":"","background-image":"","background-repeat":"repeat","background-position":"center center","background-size":"auto","background-attachment":"scroll","background-type":"","background-media":"","overlay-type":"","overlay-color":"","overlay-opacity":"","overlay-gradient":""},"tablet":{"background-color":"","background-image":"","background-repeat":"repeat","background-position":"center center","background-size":"auto","background-attachment":"scroll","background-type":"","background-media":"","overlay-type":"","overlay-color":"","overlay-opacity":"","overlay-gradient":""},"mobile":{"background-color":"","background-image":"","background-repeat":"repeat","background-position":"center center","background-size":"auto","background-attachment":"scroll","background-type":"","background-media":"","overlay-type":"","overlay-color":"","overlay-opacity":"","overlay-gradient":""}},"ast-content-background-meta":{"desktop":{"background-color":"var(--ast-global-color-5)","background-image":"","background-repeat":"repeat","background-position":"center center","background-size":"auto","background-attachment":"scroll","background-type":"","background-media":"","overlay-type":"","overlay-color":"","overlay-opacity":"","overlay-gradient":""},"tablet":{"background-color":"var(--ast-global-color-5)","background-image":"","background-repeat":"repeat","background-position":"center center","background-size":"auto","background-attachment":"scroll","background-type":"","background-media":"","overlay-type":"","overlay-color":"","overlay-opacity":"","overlay-gradient":""},"mobile":{"background-color":"var(--ast-global-color-5)","background-image":"","background-repeat":"repeat","background-position":"center center","background-size":"auto","background-attachment":"scroll","background-type":"","background-media":"","overlay-type":"","overlay-color":"","overlay-opacity":"","overlay-gradient":""}}},"product_brand":[],"product_cat":[56],"product_tag":[],"class_list":{"0":"post-648","1":"product","2":"type-product","3":"status-publish","4":"has-post-thumbnail","6":"product_cat-gluing-machine","7":"desktop-align-center","8":"tablet-align-left","9":"mobile-align-left","11":"first","12":"instock","13":"shipping-taxable","14":"product-type-simple"},"_links":{"self":[{"href":"https:\/\/estarmachinery.com\/vi\/wp-json\/wp\/v2\/product\/648","targetHints":{"allow":["GET"]}}],"collection":[{"href":"https:\/\/estarmachinery.com\/vi\/wp-json\/wp\/v2\/product"}],"about":[{"href":"https:\/\/estarmachinery.com\/vi\/wp-json\/wp\/v2\/types\/product"}],"wp:featuredmedia":[{"embeddable":true,"href":"https:\/\/estarmachinery.com\/vi\/wp-json\/wp\/v2\/media\/650"}],"wp:attachment":[{"href":"https:\/\/estarmachinery.com\/vi\/wp-json\/wp\/v2\/media?parent=648"}],"wp:term":[{"taxonomy":"product_brand","embeddable":true,"href":"https:\/\/estarmachinery.com\/vi\/wp-json\/wp\/v2\/product_brand?post=648"},{"taxonomy":"product_cat","embeddable":true,"href":"https:\/\/estarmachinery.com\/vi\/wp-json\/wp\/v2\/product_cat?post=648"},{"taxonomy":"product_tag","embeddable":true,"href":"https:\/\/estarmachinery.com\/vi\/wp-json\/wp\/v2\/product_tag?post=648"}],"curies":[{"name":"wp","href":"https:\/\/api.w.org\/{rel}","templated":true}]}}