{"id":654,"date":"2023-06-19T00:48:56","date_gmt":"2023-06-19T00:48:56","guid":{"rendered":"https:\/\/estarmachinery.com\/?post_type=product&#038;p=654"},"modified":"2023-07-06T07:24:44","modified_gmt":"2023-07-06T07:24:44","slug":"hydraulic-double-side-book-pressing-machine","status":"publish","type":"product","link":"https:\/\/estarmachinery.com\/vi\/san-pham\/hydraulic-double-side-book-pressing-machine\/","title":{"rendered":"M\u00e1y \u00e9p s\u00e1ch hai m\u1eb7t th\u1ee7y l\u1ef1c"},"content":{"rendered":"<p style=\"text-align: center;\"><strong>M\u00e1y \u00e9p s\u00e1ch hai m\u1eb7t th\u1ee7y l\u1ef1c<\/strong><\/p>\n<p><img fetchpriority=\"high\" decoding=\"async\" class=\"alignnone size-medium wp-image-659 aligncenter\" src=\"https:\/\/estarmachinery.com\/wp-content\/uploads\/2023\/06\/\u4e3b\u56fe1-2-300x300.jpg\" alt=\"Hydraulic double side book pressing machine\" width=\"300\" height=\"300\" srcset=\"https:\/\/estarmachinery.com\/wp-content\/uploads\/2023\/06\/\u4e3b\u56fe1-2-300x300.jpg 300w, https:\/\/estarmachinery.com\/wp-content\/uploads\/2023\/06\/\u4e3b\u56fe1-2-150x150.jpg 150w, https:\/\/estarmachinery.com\/wp-content\/uploads\/2023\/06\/\u4e3b\u56fe1-2-768x768.jpg 768w, https:\/\/estarmachinery.com\/wp-content\/uploads\/2023\/06\/\u4e3b\u56fe1-2-600x600.jpg 600w, https:\/\/estarmachinery.com\/wp-content\/uploads\/2023\/06\/\u4e3b\u56fe1-2-100x100.jpg 100w, https:\/\/estarmachinery.com\/wp-content\/uploads\/2023\/06\/\u4e3b\u56fe1-2.jpg 800w\" sizes=\"(max-width: 300px) 100vw, 300px\" \/><\/p>\n<p>Ch\u00fang t\u00f4i r\u1ea5t c\u1ea3m \u01a1n b\u1ea1n \u0111\u00e3 quan t\u00e2m \u0111\u1ebfn m\u00e1y \u00e9p s\u00e1ch c\u1ee7a ch\u00fang t\u00f4i. Tr\u00ean c\u01a1 s\u1edf c\u00e1c \u0111i\u1ec1u kho\u1ea3n v\u00e0 \u0111i\u1ec1u ki\u1ec7n b\u00e1n h\u00e0ng chung c\u1ee7a ch\u00fang t\u00f4i, ch\u00fang t\u00f4i h\u00e2n h\u1ea1nh b\u00e1o gi\u00e1 cho b\u1ea1n nh\u01b0 sau:<\/p>\n<table>\n<tbody>\n<tr>\n<td colspan=\"2\" width=\"1486\"><strong><b>S\u1ef1 ch\u1ec9 r\u00f5:<\/b><\/strong><\/td>\n<\/tr>\n<tr>\n<td width=\"802\">Ng\u01b0\u1eddi m\u1eabu<\/td>\n<td width=\"683\"><strong>YP800<\/strong><\/td>\n<\/tr>\n<tr>\n<td width=\"802\">t\u1ed1i \u0111a. Khu v\u1ef1c ho\u1ea1t \u0111\u1ed9ng (mm)<\/td>\n<td width=\"683\">800x650mm<\/td>\n<\/tr>\n<tr>\n<td width=\"802\">t\u1ed1i \u0111a. \u00c1p su\u1ea5t l\u00e0m vi\u1ec7c (t)<\/td>\n<td width=\"683\">5~10T<\/td>\n<\/tr>\n<tr>\n<td width=\"802\">T\u1ed1c \u0111\u1ed9<\/td>\n<td width=\"683\">5m\/ph\u00fat<\/td>\n<\/tr>\n<tr>\n<td width=\"802\">C\u00f4ng su\u1ea5t (kw)<\/td>\n<td width=\"683\">380V\/50HZ,2.2KW<\/td>\n<\/tr>\n<tr>\n<td width=\"802\">Tr\u1ecdng l\u01b0\u1ee3ng c\u1ee7a m\u00e1y (kg)<\/td>\n<td width=\"683\">1100x650x1500mm<\/td>\n<\/tr>\n<tr>\n<td width=\"802\">K\u00edch th\u01b0\u1edbc t\u1ed5ng th\u1ec3 (mm)<\/td>\n<td width=\"683\">950kg<\/td>\n<\/tr>\n<tr>\n<td colspan=\"2\" width=\"1486\">\u0110\u1eb7c tr\u01b0ng:<\/p>\n<p>M\u00e1y s\u1eed d\u1ee5ng l\u1ef1c \u0111\u1ea9y xi lanh th\u1ee7y l\u1ef1c k\u00e9p v\u00e0 c\u00f3 ch\u1ee9c n\u0103ng \u00e9p l\u00ean xu\u1ed1ng, \u0111\u1ec3 \u0111\u0103ng k\u00fd s\u1ea3n ph\u1ea9m c\u00f3 th\u1ec3 thay \u0111\u1ed5i h\u00ecnh d\u1ea1ng sau khi l\u1eafp gi\u1ea5y v\u00e0o s\u00e1ch v\u00e0 b\u00eca. \u00c1p su\u1ea5t v\u00e0 ph\u1ea1m vi \u00e1p su\u1ea5t c\u00f3 th\u1ec3 \u0111\u01b0\u1ee3c \u0111i\u1ec1u ch\u1ec9nh theo c\u00e1c y\u00eau c\u1ea7u kh\u00e1c nhau.<\/td>\n<\/tr>\n<\/tbody>\n<\/table>","protected":false},"excerpt":{"rendered":"<p>Hydraulic double side book pressing machine We are highly thankful to you for your interested in our\u00a0book pressing machine. On the basis of our general terms and conditions of sale, we have pleasure to quote you as followings: Specification: Model YP800 Max. Operating Area(mm) 800x650mm Max. Working Pressure(t) 5~10T Speed 5m\/min Power(kw) 380V\/50HZ,2.2KW Weight of [&hellip;]<\/p>","protected":false},"featured_media":655,"template":"","meta":{"site-sidebar-layout":"default","site-content-layout":"default","ast-site-content-layout":"default","site-content-style":"default","site-sidebar-style":"default","ast-global-header-display":"","ast-banner-title-visibility":"","ast-main-header-display":"","ast-hfb-above-header-display":"","ast-hfb-below-header-display":"","ast-hfb-mobile-header-display":"","site-post-title":"","ast-breadcrumbs-content":"","ast-featured-img":"","footer-sml-layout":"","theme-transparent-header-meta":"default","adv-header-id-meta":"","stick-header-meta":"","header-above-stick-meta":"","header-main-stick-meta":"","header-below-stick-meta":"","astra-migrate-meta-layouts":"default","ast-page-background-enabled":"default","ast-page-background-meta":{"desktop":{"background-color":"","background-image":"","background-repeat":"repeat","background-position":"center center","background-size":"auto","background-attachment":"scroll","background-type":"","background-media":"","overlay-type":"","overlay-color":"","overlay-opacity":"","overlay-gradient":""},"tablet":{"background-color":"","background-image":"","background-repeat":"repeat","background-position":"center center","background-size":"auto","background-attachment":"scroll","background-type":"","background-media":"","overlay-type":"","overlay-color":"","overlay-opacity":"","overlay-gradient":""},"mobile":{"background-color":"","background-image":"","background-repeat":"repeat","background-position":"center center","background-size":"auto","background-attachment":"scroll","background-type":"","background-media":"","overlay-type":"","overlay-color":"","overlay-opacity":"","overlay-gradient":""}},"ast-content-background-meta":{"desktop":{"background-color":"var(--ast-global-color-5)","background-image":"","background-repeat":"repeat","background-position":"center center","background-size":"auto","background-attachment":"scroll","background-type":"","background-media":"","overlay-type":"","overlay-color":"","overlay-opacity":"","overlay-gradient":""},"tablet":{"background-color":"var(--ast-global-color-5)","background-image":"","background-repeat":"repeat","background-position":"center center","background-size":"auto","background-attachment":"scroll","background-type":"","background-media":"","overlay-type":"","overlay-color":"","overlay-opacity":"","overlay-gradient":""},"mobile":{"background-color":"var(--ast-global-color-5)","background-image":"","background-repeat":"repeat","background-position":"center center","background-size":"auto","background-attachment":"scroll","background-type":"","background-media":"","overlay-type":"","overlay-color":"","overlay-opacity":"","overlay-gradient":""}}},"product_brand":[],"product_cat":[52],"product_tag":[],"class_list":{"0":"post-654","1":"product","2":"type-product","3":"status-publish","4":"has-post-thumbnail","6":"product_cat-book-pressing-machine","7":"desktop-align-center","8":"tablet-align-left","9":"mobile-align-left","11":"first","12":"instock","13":"shipping-taxable","14":"product-type-simple"},"_links":{"self":[{"href":"https:\/\/estarmachinery.com\/vi\/wp-json\/wp\/v2\/product\/654","targetHints":{"allow":["GET"]}}],"collection":[{"href":"https:\/\/estarmachinery.com\/vi\/wp-json\/wp\/v2\/product"}],"about":[{"href":"https:\/\/estarmachinery.com\/vi\/wp-json\/wp\/v2\/types\/product"}],"wp:featuredmedia":[{"embeddable":true,"href":"https:\/\/estarmachinery.com\/vi\/wp-json\/wp\/v2\/media\/655"}],"wp:attachment":[{"href":"https:\/\/estarmachinery.com\/vi\/wp-json\/wp\/v2\/media?parent=654"}],"wp:term":[{"taxonomy":"product_brand","embeddable":true,"href":"https:\/\/estarmachinery.com\/vi\/wp-json\/wp\/v2\/product_brand?post=654"},{"taxonomy":"product_cat","embeddable":true,"href":"https:\/\/estarmachinery.com\/vi\/wp-json\/wp\/v2\/product_cat?post=654"},{"taxonomy":"product_tag","embeddable":true,"href":"https:\/\/estarmachinery.com\/vi\/wp-json\/wp\/v2\/product_tag?post=654"}],"curies":[{"name":"wp","href":"https:\/\/api.w.org\/{rel}","templated":true}]}}