{"id":660,"date":"2023-06-19T00:54:57","date_gmt":"2023-06-19T00:54:57","guid":{"rendered":"https:\/\/estarmachinery.com\/?post_type=product&#038;p=660"},"modified":"2023-08-22T03:18:18","modified_gmt":"2023-08-22T03:18:18","slug":"hot-melt-glue-book-binder-machine-1-gluing-roller","status":"publish","type":"product","link":"https:\/\/estarmachinery.com\/vi\/san-pham\/hot-melt-glue-book-binder-machine-1-gluing-roller\/","title":{"rendered":"M\u00e1y \u0111\u00f3ng s\u00e1ch keo n\u00f3ng ch\u1ea3y ES50 (1 con l\u0103n d\u00e1n)"},"content":{"rendered":"<p style=\"text-align: center;\"><strong>M\u00e1y \u0111\u00f3ng s\u00e1ch keo n\u00f3ng ch\u1ea3y (1 con l\u0103n d\u00e1n)<\/strong><\/p>\n<p><img fetchpriority=\"high\" decoding=\"async\" class=\"alignnone size-large wp-image-661\" src=\"https:\/\/estarmachinery.com\/wp-content\/uploads\/2023\/06\/Hot-Melt-Glue-Book-Binder-Machine-1-gluing-roller-1024x392.png\" alt=\"Hot Melt Glue Book Binder Machine( 1 gluing roller)\" width=\"1024\" height=\"392\" srcset=\"https:\/\/estarmachinery.com\/wp-content\/uploads\/2023\/06\/Hot-Melt-Glue-Book-Binder-Machine-1-gluing-roller-1024x392.png 1024w, https:\/\/estarmachinery.com\/wp-content\/uploads\/2023\/06\/Hot-Melt-Glue-Book-Binder-Machine-1-gluing-roller-300x115.png 300w, https:\/\/estarmachinery.com\/wp-content\/uploads\/2023\/06\/Hot-Melt-Glue-Book-Binder-Machine-1-gluing-roller-768x294.png 768w, https:\/\/estarmachinery.com\/wp-content\/uploads\/2023\/06\/Hot-Melt-Glue-Book-Binder-Machine-1-gluing-roller-600x230.png 600w, https:\/\/estarmachinery.com\/wp-content\/uploads\/2023\/06\/Hot-Melt-Glue-Book-Binder-Machine-1-gluing-roller.png 1501w\" sizes=\"(max-width: 1024px) 100vw, 1024px\" \/><\/p>\n<table>\n<tbody>\n<tr>\n<td colspan=\"3\" width=\"1486\"><strong><b>S\u1ef1 ch\u1ec9 r\u00f5:<\/b><\/strong><\/td>\n<\/tr>\n<tr>\n<td width=\"559\">Ng\u01b0\u1eddi m\u1eabu<\/td>\n<td width=\"460\"><strong>ES-50A N\u00fat \u0111i\u1ec1u khi\u1ec3n \u00a0<\/strong><\/td>\n<td width=\"466\"><strong>ES-50DY \u0110i\u1ec1u khi\u1ec3n m\u00e0n h\u00ecnh c\u1ea3m \u1ee9ng \u00a0<\/strong><\/td>\n<\/tr>\n<tr>\n<td width=\"559\">\u0111\u1ed9 d\u00e0i r\u00e0ng bu\u1ed9c<\/td>\n<td width=\"460\">320mm<\/td>\n<td width=\"466\">320mm<\/td>\n<\/tr>\n<tr>\n<td width=\"559\">\u0111\u1ed9 d\u00e0y li\u00ean k\u1ebft<\/td>\n<td width=\"460\">60mm<\/td>\n<td width=\"466\">60mm<\/td>\n<\/tr>\n<tr>\n<td width=\"559\">T\u1ed1c \u0111\u1ed9<\/td>\n<td width=\"460\">200~280 cu\u1ed1n\/gi\u1edd<\/td>\n<td width=\"466\">200~280 cu\u1ed1n\/gi\u1edd<\/td>\n<\/tr>\n<tr>\n<td width=\"559\">th\u1eddi gian tan ch\u1ea3y<\/td>\n<td width=\"460\">25 ph\u00fat<\/td>\n<td width=\"466\">25 ph\u00fat<\/td>\n<\/tr>\n<tr>\n<td width=\"559\">con l\u0103n d\u00e1n<\/td>\n<td width=\"460\">m\u1ed9t con l\u0103n d\u00e1n<\/td>\n<td width=\"466\">m\u1ed9t con l\u0103n d\u00e1n<\/td>\n<\/tr>\n<tr>\n<td width=\"559\">Ph\u01b0\u01a1ng ph\u00e1p c\u1eaft s\u00e1ch<\/td>\n<td width=\"460\">m\u00e1y c\u1eaft nh\u1ecf + m\u00e1y c\u1eaft \u0111\u0129a<\/td>\n<td width=\"466\">m\u00e1y c\u1eaft nh\u1ecf + m\u00e1y c\u1eaft \u0111\u0129a<\/td>\n<\/tr>\n<tr>\n<td width=\"559\">Quy\u1ec1n l\u1ef1c<\/td>\n<td width=\"460\">220V\/50HZ, 1800W<\/td>\n<td width=\"466\">220V\/50HZ, 1800W<\/td>\n<\/tr>\n<tr>\n<td width=\"559\">k\u00edch th\u01b0\u1edbc m\u00e1y<\/td>\n<td width=\"460\">1200x480x980mm<\/td>\n<td width=\"466\">1200x480x980mm<\/td>\n<\/tr>\n<tr>\n<td width=\"559\">C\u00e2n n\u1eb7ng<\/td>\n<td width=\"460\">180kg<\/td>\n<td width=\"466\">200kg<\/td>\n<\/tr>\n<tr>\n<td colspan=\"3\" width=\"1486\"><strong><b>\u0110\u1eb7c tr\u01b0ng:<\/b><\/strong><\/p>\n<p>\u0110i\u1ec1u ch\u1ec9nh ki\u1ec3m so\u00e1t nhi\u1ec7t \u0111\u1ed9 th\u00f4ng minh<\/p>\n<p>Dao phay m\u1eb7t tr\u1eddi th\u00e9p vonfram<\/p>\n<p>Thi\u1ebft k\u1ebf m\u1ea1ch m\u1edbi th\u00f4ng minh h\u01a1n<\/p>\n<p>Thi\u1ebft k\u1ebf gia c\u1ed1 gi\u00e1 \u0111\u1ee1 cho \u0111\u1ed9 b\u1ec1n<\/td>\n<\/tr>\n<\/tbody>\n<\/table>\n<p>&nbsp;<\/p>","protected":false},"excerpt":{"rendered":"<p>Hot Melt Glue Book Binder Machine( 1 gluing roller) Specification: Model ES-50A Button Control \u00a0 ES-50DY Touch screen Control \u00a0 Binding length 320mm 320mm Binding thickness 60mm 60mm Speed 200~280books\/hour 200~280books\/hour melting time 25min 25min Gluing roller one gluing roller one gluing roller Book cutting method small cutter + disk cutter small cutter + disk [&hellip;]<\/p>","protected":false},"featured_media":666,"template":"","meta":{"site-sidebar-layout":"default","site-content-layout":"default","ast-site-content-layout":"default","site-content-style":"default","site-sidebar-style":"default","ast-global-header-display":"","ast-banner-title-visibility":"","ast-main-header-display":"","ast-hfb-above-header-display":"","ast-hfb-below-header-display":"","ast-hfb-mobile-header-display":"","site-post-title":"","ast-breadcrumbs-content":"","ast-featured-img":"","footer-sml-layout":"","theme-transparent-header-meta":"default","adv-header-id-meta":"","stick-header-meta":"","header-above-stick-meta":"","header-main-stick-meta":"","header-below-stick-meta":"","astra-migrate-meta-layouts":"default","ast-page-background-enabled":"default","ast-page-background-meta":{"desktop":{"background-color":"","background-image":"","background-repeat":"repeat","background-position":"center center","background-size":"auto","background-attachment":"scroll","background-type":"","background-media":"","overlay-type":"","overlay-color":"","overlay-opacity":"","overlay-gradient":""},"tablet":{"background-color":"","background-image":"","background-repeat":"repeat","background-position":"center center","background-size":"auto","background-attachment":"scroll","background-type":"","background-media":"","overlay-type":"","overlay-color":"","overlay-opacity":"","overlay-gradient":""},"mobile":{"background-color":"","background-image":"","background-repeat":"repeat","background-position":"center center","background-size":"auto","background-attachment":"scroll","background-type":"","background-media":"","overlay-type":"","overlay-color":"","overlay-opacity":"","overlay-gradient":""}},"ast-content-background-meta":{"desktop":{"background-color":"var(--ast-global-color-5)","background-image":"","background-repeat":"repeat","background-position":"center center","background-size":"auto","background-attachment":"scroll","background-type":"","background-media":"","overlay-type":"","overlay-color":"","overlay-opacity":"","overlay-gradient":""},"tablet":{"background-color":"var(--ast-global-color-5)","background-image":"","background-repeat":"repeat","background-position":"center center","background-size":"auto","background-attachment":"scroll","background-type":"","background-media":"","overlay-type":"","overlay-color":"","overlay-opacity":"","overlay-gradient":""},"mobile":{"background-color":"var(--ast-global-color-5)","background-image":"","background-repeat":"repeat","background-position":"center center","background-size":"auto","background-attachment":"scroll","background-type":"","background-media":"","overlay-type":"","overlay-color":"","overlay-opacity":"","overlay-gradient":""}}},"product_brand":[],"product_cat":[55,60],"product_tag":[],"class_list":{"0":"post-660","1":"product","2":"type-product","3":"status-publish","4":"has-post-thumbnail","6":"product_cat-glue-binding-machine","7":"product_cat-hot-machine","8":"desktop-align-center","9":"tablet-align-left","10":"mobile-align-left","12":"first","13":"instock","14":"shipping-taxable","15":"product-type-simple"},"_links":{"self":[{"href":"https:\/\/estarmachinery.com\/vi\/wp-json\/wp\/v2\/product\/660","targetHints":{"allow":["GET"]}}],"collection":[{"href":"https:\/\/estarmachinery.com\/vi\/wp-json\/wp\/v2\/product"}],"about":[{"href":"https:\/\/estarmachinery.com\/vi\/wp-json\/wp\/v2\/types\/product"}],"wp:featuredmedia":[{"embeddable":true,"href":"https:\/\/estarmachinery.com\/vi\/wp-json\/wp\/v2\/media\/666"}],"wp:attachment":[{"href":"https:\/\/estarmachinery.com\/vi\/wp-json\/wp\/v2\/media?parent=660"}],"wp:term":[{"taxonomy":"product_brand","embeddable":true,"href":"https:\/\/estarmachinery.com\/vi\/wp-json\/wp\/v2\/product_brand?post=660"},{"taxonomy":"product_cat","embeddable":true,"href":"https:\/\/estarmachinery.com\/vi\/wp-json\/wp\/v2\/product_cat?post=660"},{"taxonomy":"product_tag","embeddable":true,"href":"https:\/\/estarmachinery.com\/vi\/wp-json\/wp\/v2\/product_tag?post=660"}],"curies":[{"name":"wp","href":"https:\/\/api.w.org\/{rel}","templated":true}]}}