{"id":672,"date":"2023-06-19T01:00:14","date_gmt":"2023-06-19T01:00:14","guid":{"rendered":"https:\/\/estarmachinery.com\/?post_type=product&#038;p=672"},"modified":"2023-07-06T07:23:10","modified_gmt":"2023-07-06T07:23:10","slug":"hot-melt-glue-book-binder-machine-2-gluing-roller-es80-es80r","status":"publish","type":"product","link":"https:\/\/estarmachinery.com\/vi\/san-pham\/hot-melt-glue-book-binder-machine-2-gluing-roller-es80-es80r\/","title":{"rendered":"M\u00e1y \u0111\u00f3ng s\u00e1ch keo n\u00f3ng ch\u1ea3y (2 con l\u0103n d\u00e1n) ES80 &amp; ES80R"},"content":{"rendered":"<p style=\"text-align: center;\"><strong>M\u00e1y \u0111\u00f3ng s\u00e1ch keo n\u00f3ng ch\u1ea3y (1 con l\u0103n d\u00e1n)<\/strong><\/p>\n<p><img fetchpriority=\"high\" decoding=\"async\" class=\"alignnone size-large wp-image-670\" src=\"https:\/\/estarmachinery.com\/wp-content\/uploads\/2023\/06\/3-1024x418.png\" alt=\"Hot Melt Glue Book Binder Machine( 2 gluing roller)\" width=\"1024\" height=\"418\" srcset=\"https:\/\/estarmachinery.com\/wp-content\/uploads\/2023\/06\/3-1024x418.png 1024w, https:\/\/estarmachinery.com\/wp-content\/uploads\/2023\/06\/3-300x122.png 300w, https:\/\/estarmachinery.com\/wp-content\/uploads\/2023\/06\/3-768x313.png 768w, https:\/\/estarmachinery.com\/wp-content\/uploads\/2023\/06\/3-600x245.png 600w, https:\/\/estarmachinery.com\/wp-content\/uploads\/2023\/06\/3.png 1503w\" sizes=\"(max-width: 1024px) 100vw, 1024px\" \/><\/p>\n<table>\n<tbody>\n<tr>\n<td colspan=\"3\" width=\"1486\"><strong><b>S\u1ef1 ch\u1ec9 r\u00f5:<\/b><\/strong><\/td>\n<\/tr>\n<tr>\n<td width=\"408\">Ng\u01b0\u1eddi m\u1eabu<\/td>\n<td width=\"542\"><strong>ES80 <\/strong><\/td>\n<td width=\"535\"><strong>ES80R<\/strong><\/td>\n<\/tr>\n<tr>\n<td width=\"408\">\u0111\u1ed9 d\u00e0i r\u00e0ng bu\u1ed9c<\/td>\n<td width=\"542\">420mm<\/td>\n<td width=\"535\">420mm<\/td>\n<\/tr>\n<tr>\n<td width=\"408\">\u0111\u1ed9 d\u00e0y li\u00ean k\u1ebft<\/td>\n<td width=\"542\">60mm<\/td>\n<td width=\"535\">60mm<\/td>\n<\/tr>\n<tr>\n<td width=\"408\"><strong><b>Ch\u1ebf \u0111\u1ed9 ch\u1ea1y <\/b><\/strong><\/td>\n<td width=\"542\"><strong><b>M\u1ed9t l\u1ea7n ch\u1ea1y <\/b><\/strong><\/td>\n<td width=\"535\"><strong><b>ch\u1ea1y \u0111\u00f4i <\/b><\/strong><\/td>\n<\/tr>\n<tr>\n<td width=\"408\">T\u1ed1c \u0111\u1ed9<\/td>\n<td width=\"542\">320~380 cu\u1ed1n\/gi\u1edd<\/td>\n<td width=\"535\">320~380 cu\u1ed1n\/gi\u1edd<\/td>\n<\/tr>\n<tr>\n<td width=\"408\">th\u1eddi gian tan ch\u1ea3y<\/td>\n<td width=\"542\">25 ph\u00fat<\/td>\n<td width=\"535\">25 ph\u00fat<\/td>\n<\/tr>\n<tr>\n<td width=\"408\">con l\u0103n d\u00e1n<\/td>\n<td width=\"542\">2 con l\u0103n d\u00e1n + 1 con l\u0103n d\u00e1n b\u00ean<\/td>\n<td width=\"535\">2 con l\u0103n d\u00e1n + 1 con l\u0103n d\u00e1n b\u00ean<\/td>\n<\/tr>\n<tr>\n<td width=\"408\">Ph\u01b0\u01a1ng ph\u00e1p c\u1eaft s\u00e1ch<\/td>\n<td width=\"542\">m\u00e1y c\u1eaft nh\u1ecf + m\u00e1y c\u1eaft \u0111\u0129a<\/td>\n<td width=\"535\">m\u00e1y c\u1eaft nh\u1ecf + m\u00e1y c\u1eaft \u0111\u0129a<\/td>\n<\/tr>\n<tr>\n<td width=\"408\">Quy\u1ec1n l\u1ef1c<\/td>\n<td width=\"542\">220V\/50HZ, 2500W<\/td>\n<td width=\"535\">220V\/50HZ, 2500W<\/td>\n<\/tr>\n<tr>\n<td width=\"408\">k\u00edch th\u01b0\u1edbc m\u00e1y<\/td>\n<td width=\"542\">1560x640x1300mm<\/td>\n<td width=\"535\">1560x640x1300mm<\/td>\n<\/tr>\n<tr>\n<td width=\"408\">C\u00e2n n\u1eb7ng<\/td>\n<td width=\"542\">280kg<\/td>\n<td width=\"535\">280kg<\/td>\n<\/tr>\n<tr>\n<td colspan=\"3\" width=\"1486\"><strong><b>\u0110\u1eb7c tr\u01b0ng:<\/b><\/strong><\/p>\n<p>Truy\u1ec1n \u0111\u1ed9ng \u0111ai \u0111\u1ed3ng b\u1ed9 im l\u1eb7ng<\/p>\n<p>\u0110i\u1ec1u khi\u1ec3n th\u00f4ng minh, m\u00e0n h\u00ecnh l\u1edbn 7 inch \u0111\u1ed9 n\u00e9t cao<\/p>\n<p>Chuy\u1ec3n \u0111\u1ed5i t\u1ea7n s\u1ed1 th\u00f4ng minh, li\u00ean k\u1ebft keo t\u1ed1c \u0111\u1ed9 cao, \u0111\u1ecbnh v\u1ecb ch\u00ednh x\u00e1c<\/p>\n<p>K\u1eb9p m\u1edbi, \u0111i\u1ec1u khi\u1ec3n \u0111\u1ed9ng c\u01a1 servo \u0111\u1ed9c l\u1eadp t\u0103ng v\u00e0 gi\u1ea3m \u1ed5n \u0111\u1ecbnh h\u01a1n<\/td>\n<\/tr>\n<\/tbody>\n<\/table>","protected":false},"excerpt":{"rendered":"<p>Hot Melt Glue Book Binder Machine( 1 gluing roller) Specification: Model ES80 ES80R Binding length 420mm 420mm Binding thickness 60mm 60mm Running mode Single run Double run Speed 320~380books\/hour 320~380books\/hour melting time 25min 25min Gluing roller 2 gluing roller+ 1 side gluing roller 2 gluing roller+ 1 side gluing roller Book cutting method small cutter [&hellip;]<\/p>","protected":false},"featured_media":667,"template":"","meta":{"site-sidebar-layout":"default","site-content-layout":"default","ast-site-content-layout":"default","site-content-style":"default","site-sidebar-style":"default","ast-global-header-display":"","ast-banner-title-visibility":"","ast-main-header-display":"","ast-hfb-above-header-display":"","ast-hfb-below-header-display":"","ast-hfb-mobile-header-display":"","site-post-title":"","ast-breadcrumbs-content":"","ast-featured-img":"","footer-sml-layout":"","theme-transparent-header-meta":"default","adv-header-id-meta":"","stick-header-meta":"","header-above-stick-meta":"","header-main-stick-meta":"","header-below-stick-meta":"","astra-migrate-meta-layouts":"default","ast-page-background-enabled":"default","ast-page-background-meta":{"desktop":{"background-color":"","background-image":"","background-repeat":"repeat","background-position":"center center","background-size":"auto","background-attachment":"scroll","background-type":"","background-media":"","overlay-type":"","overlay-color":"","overlay-opacity":"","overlay-gradient":""},"tablet":{"background-color":"","background-image":"","background-repeat":"repeat","background-position":"center center","background-size":"auto","background-attachment":"scroll","background-type":"","background-media":"","overlay-type":"","overlay-color":"","overlay-opacity":"","overlay-gradient":""},"mobile":{"background-color":"","background-image":"","background-repeat":"repeat","background-position":"center center","background-size":"auto","background-attachment":"scroll","background-type":"","background-media":"","overlay-type":"","overlay-color":"","overlay-opacity":"","overlay-gradient":""}},"ast-content-background-meta":{"desktop":{"background-color":"var(--ast-global-color-5)","background-image":"","background-repeat":"repeat","background-position":"center center","background-size":"auto","background-attachment":"scroll","background-type":"","background-media":"","overlay-type":"","overlay-color":"","overlay-opacity":"","overlay-gradient":""},"tablet":{"background-color":"var(--ast-global-color-5)","background-image":"","background-repeat":"repeat","background-position":"center center","background-size":"auto","background-attachment":"scroll","background-type":"","background-media":"","overlay-type":"","overlay-color":"","overlay-opacity":"","overlay-gradient":""},"mobile":{"background-color":"var(--ast-global-color-5)","background-image":"","background-repeat":"repeat","background-position":"center center","background-size":"auto","background-attachment":"scroll","background-type":"","background-media":"","overlay-type":"","overlay-color":"","overlay-opacity":"","overlay-gradient":""}}},"product_brand":[],"product_cat":[55],"product_tag":[],"class_list":{"0":"post-672","1":"product","2":"type-product","3":"status-publish","4":"has-post-thumbnail","6":"product_cat-glue-binding-machine","7":"desktop-align-center","8":"tablet-align-left","9":"mobile-align-left","11":"first","12":"instock","13":"shipping-taxable","14":"product-type-simple"},"_links":{"self":[{"href":"https:\/\/estarmachinery.com\/vi\/wp-json\/wp\/v2\/product\/672","targetHints":{"allow":["GET"]}}],"collection":[{"href":"https:\/\/estarmachinery.com\/vi\/wp-json\/wp\/v2\/product"}],"about":[{"href":"https:\/\/estarmachinery.com\/vi\/wp-json\/wp\/v2\/types\/product"}],"wp:featuredmedia":[{"embeddable":true,"href":"https:\/\/estarmachinery.com\/vi\/wp-json\/wp\/v2\/media\/667"}],"wp:attachment":[{"href":"https:\/\/estarmachinery.com\/vi\/wp-json\/wp\/v2\/media?parent=672"}],"wp:term":[{"taxonomy":"product_brand","embeddable":true,"href":"https:\/\/estarmachinery.com\/vi\/wp-json\/wp\/v2\/product_brand?post=672"},{"taxonomy":"product_cat","embeddable":true,"href":"https:\/\/estarmachinery.com\/vi\/wp-json\/wp\/v2\/product_cat?post=672"},{"taxonomy":"product_tag","embeddable":true,"href":"https:\/\/estarmachinery.com\/vi\/wp-json\/wp\/v2\/product_tag?post=672"}],"curies":[{"name":"wp","href":"https:\/\/api.w.org\/{rel}","templated":true}]}}