{"id":673,"date":"2023-06-19T01:04:38","date_gmt":"2023-06-19T01:04:38","guid":{"rendered":"https:\/\/estarmachinery.com\/?post_type=product&#038;p=673"},"modified":"2023-07-13T08:54:19","modified_gmt":"2023-07-13T08:54:19","slug":"auto-sheet-feed-label-cutter","status":"publish","type":"product","link":"https:\/\/estarmachinery.com\/vi\/san-pham\/auto-sheet-feed-label-cutter\/","title":{"rendered":"M\u00e1y c\u1eaft nh\u00e3n ngu\u1ed3n c\u1ea5p d\u1eef li\u1ec7u t\u1ef1 \u0111\u1ed9ng"},"content":{"rendered":"<p style=\"text-align: center;\"><strong>T\u01b0\u0323 \u0111\u00f4\u0323ng<\/strong><strong>&#8211;<\/strong><strong>M\u00e1y c\u1eaft nh\u00e3n ngu\u1ed3n c\u1ea5p d\u1eef li\u1ec7u<\/strong><strong>\u00a0<\/strong><strong><br \/>\n<\/strong><\/p>\n<p><img fetchpriority=\"high\" decoding=\"async\" class=\"alignnone size-full wp-image-675\" src=\"https:\/\/estarmachinery.com\/wp-content\/uploads\/2023\/06\/machine-to-print-and-cut-stickers-2.jpg\" alt=\"Auto-sheet Feed Label cutter \" width=\"800\" height=\"800\" srcset=\"https:\/\/estarmachinery.com\/wp-content\/uploads\/2023\/06\/machine-to-print-and-cut-stickers-2.jpg 800w, https:\/\/estarmachinery.com\/wp-content\/uploads\/2023\/06\/machine-to-print-and-cut-stickers-2-300x300.jpg 300w, https:\/\/estarmachinery.com\/wp-content\/uploads\/2023\/06\/machine-to-print-and-cut-stickers-2-150x150.jpg 150w, https:\/\/estarmachinery.com\/wp-content\/uploads\/2023\/06\/machine-to-print-and-cut-stickers-2-768x768.jpg 768w, https:\/\/estarmachinery.com\/wp-content\/uploads\/2023\/06\/machine-to-print-and-cut-stickers-2-600x600.jpg 600w, https:\/\/estarmachinery.com\/wp-content\/uploads\/2023\/06\/machine-to-print-and-cut-stickers-2-100x100.jpg 100w\" sizes=\"(max-width: 800px) 100vw, 800px\" \/><\/p>\n<p>&nbsp;<\/p>\n<p><strong>Thu\u1eadn l\u1ee3i:<\/strong><\/p>\n<ol>\n<li><strong><b>V\u1edbi \u0111\u1ed9ng c\u01a1 servo, t\u1ed1c \u0111\u1ed9 c\u1eaft nhanh<\/b><\/strong><\/li>\n<li><b><\/b><strong><b>M\u00e0n h\u00ecnh c\u1ea3m \u1ee9ng l\u1edbn<\/b><\/strong><\/li>\n<li><b><\/b><strong><b>Ho\u1ea1t \u0111\u1ed9ng \u0111\u01a1n gi\u1ea3n <\/b><\/strong><\/li>\n<li><b><\/b><strong><b>T\u1ed1c \u0111\u1ed9 nhanh v\u00e0 hi\u1ec7u qu\u1ea3 cao <\/b><\/strong><\/li>\n<li><b><\/b><strong><b>T\u1ef1 \u0111\u1ed9ng n\u1ea1p gi\u1ea5y li\u00ean t\u1ee5c<\/b><\/strong><\/li>\n<li><b><\/b><strong><b>Gi\u1ea3i ph\u00f3ng ho\u00e0n to\u00e0n s\u1ee9c lao \u0111\u1ed9ng<\/b><\/strong><\/li>\n<\/ol>\n<table>\n<tbody>\n<tr>\n<td width=\"568\">Phong c\u00e1ch s\u1ed1:<\/td>\n<td width=\"568\">ES-F350<\/td>\n<\/tr>\n<tr>\n<td width=\"568\">K\u00edch th\u01b0\u1edbc m\u00e1y:<\/td>\n<td width=\"568\">L745*465*250mm<\/td>\n<\/tr>\n<tr>\n<td width=\"568\">\u0111\u1ed9 ch\u00ednh x\u00e1c c\u1eaft<\/td>\n<td width=\"568\">\u00b10,01mm<\/td>\n<\/tr>\n<tr>\n<td width=\"568\">Quy\u1ec1n l\u1ef1c<\/td>\n<td width=\"568\">50w<\/td>\n<\/tr>\n<tr>\n<td width=\"568\">Chi\u1ec1u r\u1ed9ng t\u1ed1i \u0111a c\u1ee7a ch\u1eef<\/td>\n<td width=\"568\">400mm<\/td>\n<\/tr>\n<tr>\n<td width=\"568\">\u1ee8ng su\u1ea5t c\u1eaft t\u1ed1i \u0111a<\/td>\n<td width=\"568\">1000g<\/td>\n<\/tr>\n<tr>\n<td width=\"568\">T\u1ed1c \u0111\u1ed9 c\u1eaft t\u1ed1i \u0111a<\/td>\n<td width=\"568\">1500mm\/gi\u00e2y<\/td>\n<\/tr>\n<tr>\n<td width=\"568\">Chi\u1ec1u r\u1ed9ng n\u1ea1p gi\u1ea5y t\u1ed1i \u0111a<\/td>\n<td width=\"568\">350mm<\/td>\n<\/tr>\n<tr>\n<td width=\"568\">K\u00edch th\u01b0\u1edbc v\u1eadt li\u1ec7u t\u1ed1i \u0111a<\/td>\n<td width=\"568\">A3+<\/td>\n<\/tr>\n<tr>\n<td width=\"568\">C\u00e1ch qu\u00e9t<\/td>\n<td width=\"568\">m\u00e1y \u1ea3nh CCD<\/td>\n<\/tr>\n<tr>\n<td width=\"568\">c\u1eaft \u0111\u01b0\u1eddng vi\u1ec1n<\/td>\n<td width=\"568\">ARMS c\u1eaft \u0111\u01b0\u1eddng vi\u1ec1n t\u1ef1 \u0111\u1ed9ng<\/td>\n<\/tr>\n<tr>\n<td width=\"568\">h\u1ec7 th\u1ed1ng cho \u0103n<\/td>\n<td width=\"568\">t\u1ef1 \u0111\u1ed9ng cho \u0103n<\/td>\n<\/tr>\n<tr>\n<td width=\"568\">T\u00e2y B\u1eafc:<\/td>\n<td width=\"568\">39KGS<\/td>\n<\/tr>\n<tr>\n<td width=\"568\">GW:<\/td>\n<td width=\"568\">42kg<\/td>\n<\/tr>\n<\/tbody>\n<\/table>","protected":false},"excerpt":{"rendered":"<p>Auto&#8211;sheet Feed Label cutter\u00a0 &nbsp; Advantages: With servo motor,the cutting speed is fast Large-screen touch Simple operation Fast speed and high efficiency Automatic continuous paper feeding Fully liberating labor Style No.: ES-F350 Machine Size: L745*465*250mm Cutting accuracy \u00b10.01mm Power 50w Max width of lettering 400mm Max cutting stress 1000g Max cutting speed 1500mm\/s Max paper [&hellip;]<\/p>","protected":false},"featured_media":676,"template":"","meta":{"site-sidebar-layout":"default","site-content-layout":"default","ast-site-content-layout":"default","site-content-style":"default","site-sidebar-style":"default","ast-global-header-display":"","ast-banner-title-visibility":"","ast-main-header-display":"","ast-hfb-above-header-display":"","ast-hfb-below-header-display":"","ast-hfb-mobile-header-display":"","site-post-title":"","ast-breadcrumbs-content":"","ast-featured-img":"","footer-sml-layout":"","ast-disable-related-posts":"","theme-transparent-header-meta":"default","adv-header-id-meta":"","stick-header-meta":"","header-above-stick-meta":"","header-main-stick-meta":"","header-below-stick-meta":"","astra-migrate-meta-layouts":"default","ast-page-background-enabled":"default","ast-page-background-meta":{"desktop":{"background-color":"","background-image":"","background-repeat":"repeat","background-position":"center center","background-size":"auto","background-attachment":"scroll","background-type":"","background-media":"","overlay-type":"","overlay-color":"","overlay-opacity":"","overlay-gradient":""},"tablet":{"background-color":"","background-image":"","background-repeat":"repeat","background-position":"center center","background-size":"auto","background-attachment":"scroll","background-type":"","background-media":"","overlay-type":"","overlay-color":"","overlay-opacity":"","overlay-gradient":""},"mobile":{"background-color":"","background-image":"","background-repeat":"repeat","background-position":"center center","background-size":"auto","background-attachment":"scroll","background-type":"","background-media":"","overlay-type":"","overlay-color":"","overlay-opacity":"","overlay-gradient":""}},"ast-content-background-meta":{"desktop":{"background-color":"var(--ast-global-color-5)","background-image":"","background-repeat":"repeat","background-position":"center center","background-size":"auto","background-attachment":"scroll","background-type":"","background-media":"","overlay-type":"","overlay-color":"","overlay-opacity":"","overlay-gradient":""},"tablet":{"background-color":"var(--ast-global-color-5)","background-image":"","background-repeat":"repeat","background-position":"center center","background-size":"auto","background-attachment":"scroll","background-type":"","background-media":"","overlay-type":"","overlay-color":"","overlay-opacity":"","overlay-gradient":""},"mobile":{"background-color":"var(--ast-global-color-5)","background-image":"","background-repeat":"repeat","background-position":"center center","background-size":"auto","background-attachment":"scroll","background-type":"","background-media":"","overlay-type":"","overlay-color":"","overlay-opacity":"","overlay-gradient":""}}},"product_brand":[],"product_cat":[45,60],"product_tag":[],"class_list":{"0":"post-673","1":"product","2":"type-product","3":"status-publish","4":"has-post-thumbnail","6":"product_cat-cutting-machine","7":"product_cat-hot-machine","8":"desktop-align-center","9":"tablet-align-left","10":"mobile-align-left","12":"first","13":"instock","14":"shipping-taxable","15":"product-type-simple"},"_links":{"self":[{"href":"https:\/\/estarmachinery.com\/vi\/wp-json\/wp\/v2\/product\/673","targetHints":{"allow":["GET"]}}],"collection":[{"href":"https:\/\/estarmachinery.com\/vi\/wp-json\/wp\/v2\/product"}],"about":[{"href":"https:\/\/estarmachinery.com\/vi\/wp-json\/wp\/v2\/types\/product"}],"wp:featuredmedia":[{"embeddable":true,"href":"https:\/\/estarmachinery.com\/vi\/wp-json\/wp\/v2\/media\/676"}],"wp:attachment":[{"href":"https:\/\/estarmachinery.com\/vi\/wp-json\/wp\/v2\/media?parent=673"}],"wp:term":[{"taxonomy":"product_brand","embeddable":true,"href":"https:\/\/estarmachinery.com\/vi\/wp-json\/wp\/v2\/product_brand?post=673"},{"taxonomy":"product_cat","embeddable":true,"href":"https:\/\/estarmachinery.com\/vi\/wp-json\/wp\/v2\/product_cat?post=673"},{"taxonomy":"product_tag","embeddable":true,"href":"https:\/\/estarmachinery.com\/vi\/wp-json\/wp\/v2\/product_tag?post=673"}],"curies":[{"name":"wp","href":"https:\/\/api.w.org\/{rel}","templated":true}]}}