{"id":695,"date":"2023-06-19T01:38:53","date_gmt":"2023-06-19T01:38:53","guid":{"rendered":"https:\/\/estarmachinery.com\/?post_type=product&#038;p=695"},"modified":"2023-07-13T08:54:40","modified_gmt":"2023-07-13T08:54:40","slug":"es-yh958-high-speed-paper-creasing-machine","status":"publish","type":"product","link":"https:\/\/estarmachinery.com\/vi\/san-pham\/es-yh958-high-speed-paper-creasing-machine\/","title":{"rendered":"M\u00e1y t\u1ea1o n\u1ebfp g\u1ea5p gi\u1ea5y t\u1ed1c \u0111\u1ed9 cao ES-YH958"},"content":{"rendered":"<p style=\"text-align: center;\"><strong><b>M\u00e1y t\u1ea1o n\u1ebfp g\u1ea5p gi\u1ea5y t\u1ed1c \u0111\u1ed9 cao ES-YH958<\/b><\/strong><strong><b>\u00a0<\/b><\/strong><\/p>\n<p><img fetchpriority=\"high\" decoding=\"async\" class=\"alignnone size-full wp-image-699 aligncenter\" src=\"https:\/\/estarmachinery.com\/wp-content\/uploads\/2023\/06\/\u4e3b\u56fe1-4.jpg\" alt=\"High Speed Paper Creasing Machine\" width=\"800\" height=\"800\" srcset=\"https:\/\/estarmachinery.com\/wp-content\/uploads\/2023\/06\/\u4e3b\u56fe1-4.jpg 800w, https:\/\/estarmachinery.com\/wp-content\/uploads\/2023\/06\/\u4e3b\u56fe1-4-300x300.jpg 300w, https:\/\/estarmachinery.com\/wp-content\/uploads\/2023\/06\/\u4e3b\u56fe1-4-150x150.jpg 150w, https:\/\/estarmachinery.com\/wp-content\/uploads\/2023\/06\/\u4e3b\u56fe1-4-768x768.jpg 768w, https:\/\/estarmachinery.com\/wp-content\/uploads\/2023\/06\/\u4e3b\u56fe1-4-600x600.jpg 600w, https:\/\/estarmachinery.com\/wp-content\/uploads\/2023\/06\/\u4e3b\u56fe1-4-100x100.jpg 100w\" sizes=\"(max-width: 800px) 100vw, 800px\" \/><\/p>\n<p>Ch\u00fang t\u00f4i r\u1ea5t bi\u1ebft \u01a1n b\u1ea1n \u0111\u00e3 quan t\u00e2m \u0111\u1ebfn m\u00e1y t\u1ea1o n\u1ebfp g\u1ea5p gi\u1ea5y c\u1ee7a ch\u00fang t\u00f4i. Tr\u00ean c\u01a1 s\u1edf c\u00e1c \u0111i\u1ec1u kho\u1ea3n v\u00e0 \u0111i\u1ec1u ki\u1ec7n b\u00e1n h\u00e0ng chung c\u1ee7a ch\u00fang t\u00f4i, ch\u00fang t\u00f4i h\u00e2n h\u1ea1nh b\u00e1o gi\u00e1 cho b\u1ea1n nh\u01b0 sau:<\/p>\n<table>\n<tbody>\n<tr>\n<td colspan=\"2\" width=\"1486\">S\u1ef1 ch\u1ec9 r\u00f5:<\/td>\n<\/tr>\n<tr>\n<td width=\"579\">Ng\u01b0\u1eddi m\u1eabu<\/td>\n<td width=\"907\"><strong><b>ES-YH958<\/b><\/strong><\/td>\n<\/tr>\n<tr>\n<td width=\"579\">\u0111\u1ed9 d\u00e0y c\u1ee7a gi\u1ea5y<\/td>\n<td width=\"907\">108~350g(nh\u00e0u) 108~300g(\u0111\u01b0\u1eddng ch\u1ea5m)<\/td>\n<\/tr>\n<tr>\n<td width=\"579\">S\u1ed1 n\u1ebfp nh\u0103n tr\u00ean m\u1ed7i t\u1edd gi\u1ea5y<\/td>\n<td width=\"907\">0 ~ 32 l\u1ea7n<\/td>\n<\/tr>\n<tr>\n<td width=\"579\">ph\u01b0\u01a1ng ph\u00e1p hi\u1ec3n th\u1ecb<\/td>\n<td width=\"907\">m\u00e0n h\u00ecnh c\u1ea3m \u1ee9ng 7 inch<\/td>\n<\/tr>\n<tr>\n<td width=\"579\">L\u01b0\u1ee3ng gi\u1ea5y(\u653e\u7eb8\u91cf\uff09<\/td>\n<td width=\"907\">100mm<\/td>\n<\/tr>\n<tr>\n<td width=\"579\">Chi\u1ec1u d\u00e0i c\u1ee7a gi\u1ea5y<\/td>\n<td width=\"907\">150~900mm<\/td>\n<\/tr>\n<tr>\n<td width=\"579\">n\u1ea1p gi\u1ea5y<\/td>\n<td width=\"907\">N\u1ea1p gi\u1ea5y b\u1eb1ng c\u00e1ch h\u00fat tr\u00ean<\/td>\n<\/tr>\n<tr>\n<td width=\"579\">Chi\u1ec1u r\u1ed9ng c\u1ee7a gi\u1ea5y<\/td>\n<td width=\"907\">140~330mm<\/td>\n<\/tr>\n<tr>\n<td width=\"579\">T\u1ee7 c\u01a1 s\u1edf di chuy\u1ec3n<\/td>\n<td width=\"907\">\u0110\u00fang<\/td>\n<\/tr>\n<tr>\n<td width=\"579\">T\u1ed1c \u0111\u1ed9 t\u1ea1o n\u1ebfp g\u1ea5p (m\u1ed9t l\u1ea7n tr\u00ean gi\u1ea5y A4)<\/td>\n<td width=\"907\">8200 chi\u1ebfc \/ gi\u1edd<\/td>\n<\/tr>\n<tr>\n<td width=\"579\">Quy\u1ec1n l\u1ef1c<\/td>\n<td width=\"907\">220V\/50HZ ho\u1eb7c 110V\/60HZ 600W<\/td>\n<\/tr>\n<tr>\n<td width=\"579\">Kho\u1ea3ng c\u00e1ch t\u1ed1i thi\u1ec3u c\u1ee7a n\u1ebfp nh\u0103n<\/td>\n<td width=\"907\">1mm<\/td>\n<\/tr>\n<tr>\n<td width=\"579\">Kho\u1ea3ng c\u00e1ch t\u1ed1i thi\u1ec3u t\u1eeb n\u1ebfp g\u1ea5p \u0111\u1ea7u ti\u00ean \u0111\u1ebfn \u0111\u1ea7u trang gi\u1ea5y<\/td>\n<td width=\"907\">3mm<\/td>\n<\/tr>\n<tr>\n<td width=\"579\">Kho\u1ea3ng c\u00e1ch t\u1ed1i thi\u1ec3u t\u1eeb n\u1ebfp g\u1ea5p \u0111\u1ea7u ti\u00ean \u0111\u1ebfn \u0111\u00e1y gi\u1ea5y<\/td>\n<td width=\"907\">3mm<\/td>\n<\/tr>\n<tr>\n<td width=\"579\">\u0110\u1ed9 ch\u00ednh x\u00e1c c\u1ee7a v\u1ebft l\u00f5m<\/td>\n<td width=\"907\">\u00b13mm<\/td>\n<\/tr>\n<tr>\n<td width=\"579\">K\u00edch th\u01b0\u1edbc m\u00e1y<\/td>\n<td width=\"907\">2040*560*1140mm<\/td>\n<\/tr>\n<tr>\n<td width=\"579\">K\u00edch th\u01b0\u1edbc \u0111\u00f3ng g\u00f3i<\/td>\n<td width=\"907\">76*68*53cm<\/td>\n<\/tr>\n<tr>\n<td width=\"579\">NG\/GW<\/td>\n<td width=\"907\">120KGS\/140KGS<\/td>\n<\/tr>\n<\/tbody>\n<\/table>","protected":false},"excerpt":{"rendered":"<p>ES-YH958 High Speed Paper Creasing Machine\u00a0 We are highly thankful to you for your interested in our\u00a0paper creasing machine. On the basis of our general terms and conditions of sale, we have pleasure to quote you as followings: Specification: Model ES-YH958 Paper thickness 108~350g(creasing) 108~300g(dotted line) Numbers of creasing per every paper 0~32 times Display [&hellip;]<\/p>","protected":false},"featured_media":696,"template":"","meta":{"site-sidebar-layout":"default","site-content-layout":"default","ast-site-content-layout":"default","site-content-style":"default","site-sidebar-style":"default","ast-global-header-display":"","ast-banner-title-visibility":"","ast-main-header-display":"","ast-hfb-above-header-display":"","ast-hfb-below-header-display":"","ast-hfb-mobile-header-display":"","site-post-title":"","ast-breadcrumbs-content":"","ast-featured-img":"","footer-sml-layout":"","theme-transparent-header-meta":"default","adv-header-id-meta":"","stick-header-meta":"","header-above-stick-meta":"","header-main-stick-meta":"","header-below-stick-meta":"","astra-migrate-meta-layouts":"default","ast-page-background-enabled":"default","ast-page-background-meta":{"desktop":{"background-color":"","background-image":"","background-repeat":"repeat","background-position":"center center","background-size":"auto","background-attachment":"scroll","background-type":"","background-media":"","overlay-type":"","overlay-color":"","overlay-opacity":"","overlay-gradient":""},"tablet":{"background-color":"","background-image":"","background-repeat":"repeat","background-position":"center center","background-size":"auto","background-attachment":"scroll","background-type":"","background-media":"","overlay-type":"","overlay-color":"","overlay-opacity":"","overlay-gradient":""},"mobile":{"background-color":"","background-image":"","background-repeat":"repeat","background-position":"center center","background-size":"auto","background-attachment":"scroll","background-type":"","background-media":"","overlay-type":"","overlay-color":"","overlay-opacity":"","overlay-gradient":""}},"ast-content-background-meta":{"desktop":{"background-color":"var(--ast-global-color-5)","background-image":"","background-repeat":"repeat","background-position":"center center","background-size":"auto","background-attachment":"scroll","background-type":"","background-media":"","overlay-type":"","overlay-color":"","overlay-opacity":"","overlay-gradient":""},"tablet":{"background-color":"var(--ast-global-color-5)","background-image":"","background-repeat":"repeat","background-position":"center center","background-size":"auto","background-attachment":"scroll","background-type":"","background-media":"","overlay-type":"","overlay-color":"","overlay-opacity":"","overlay-gradient":""},"mobile":{"background-color":"var(--ast-global-color-5)","background-image":"","background-repeat":"repeat","background-position":"center center","background-size":"auto","background-attachment":"scroll","background-type":"","background-media":"","overlay-type":"","overlay-color":"","overlay-opacity":"","overlay-gradient":""}}},"product_brand":[],"product_cat":[53,60],"product_tag":[],"class_list":{"0":"post-695","1":"product","2":"type-product","3":"status-publish","4":"has-post-thumbnail","6":"product_cat-creasing-machine","7":"product_cat-hot-machine","8":"desktop-align-center","9":"tablet-align-left","10":"mobile-align-left","12":"first","13":"instock","14":"shipping-taxable","15":"product-type-simple"},"_links":{"self":[{"href":"https:\/\/estarmachinery.com\/vi\/wp-json\/wp\/v2\/product\/695","targetHints":{"allow":["GET"]}}],"collection":[{"href":"https:\/\/estarmachinery.com\/vi\/wp-json\/wp\/v2\/product"}],"about":[{"href":"https:\/\/estarmachinery.com\/vi\/wp-json\/wp\/v2\/types\/product"}],"wp:featuredmedia":[{"embeddable":true,"href":"https:\/\/estarmachinery.com\/vi\/wp-json\/wp\/v2\/media\/696"}],"wp:attachment":[{"href":"https:\/\/estarmachinery.com\/vi\/wp-json\/wp\/v2\/media?parent=695"}],"wp:term":[{"taxonomy":"product_brand","embeddable":true,"href":"https:\/\/estarmachinery.com\/vi\/wp-json\/wp\/v2\/product_brand?post=695"},{"taxonomy":"product_cat","embeddable":true,"href":"https:\/\/estarmachinery.com\/vi\/wp-json\/wp\/v2\/product_cat?post=695"},{"taxonomy":"product_tag","embeddable":true,"href":"https:\/\/estarmachinery.com\/vi\/wp-json\/wp\/v2\/product_tag?post=695"}],"curies":[{"name":"wp","href":"https:\/\/api.w.org\/{rel}","templated":true}]}}