{"id":706,"date":"2023-06-19T01:45:47","date_gmt":"2023-06-19T01:45:47","guid":{"rendered":"https:\/\/estarmachinery.com\/?post_type=product&#038;p=706"},"modified":"2023-07-06T07:14:15","modified_gmt":"2023-07-06T07:14:15","slug":"es-yh353a-automatic-digital-paper-creasing-machine","status":"publish","type":"product","link":"https:\/\/estarmachinery.com\/vi\/san-pham\/es-yh353a-automatic-digital-paper-creasing-machine\/","title":{"rendered":"M\u00e1y t\u1ea1o n\u1ebfp g\u1ea5p gi\u1ea5y k\u1ef9 thu\u1eadt s\u1ed1 t\u1ef1 \u0111\u1ed9ng ES-YH353A"},"content":{"rendered":"<p style=\"text-align: center;\"><strong><b>M\u00e1y t\u1ea1o n\u1ebfp g\u1ea5p gi\u1ea5y k\u1ef9 thu\u1eadt s\u1ed1 t\u1ef1 \u0111\u1ed9ng ES-YH353A<\/b><\/strong><\/p>\n<p><img fetchpriority=\"high\" decoding=\"async\" class=\"size-full wp-image-701 aligncenter\" src=\"https:\/\/estarmachinery.com\/wp-content\/uploads\/2023\/06\/\u4e3b\u56fe3-2.jpg\" alt=\"ES-YH350A Automatic Digital Paper Creasing Machine \" width=\"800\" height=\"800\" srcset=\"https:\/\/estarmachinery.com\/wp-content\/uploads\/2023\/06\/\u4e3b\u56fe3-2.jpg 800w, https:\/\/estarmachinery.com\/wp-content\/uploads\/2023\/06\/\u4e3b\u56fe3-2-300x300.jpg 300w, https:\/\/estarmachinery.com\/wp-content\/uploads\/2023\/06\/\u4e3b\u56fe3-2-150x150.jpg 150w, https:\/\/estarmachinery.com\/wp-content\/uploads\/2023\/06\/\u4e3b\u56fe3-2-768x768.jpg 768w, https:\/\/estarmachinery.com\/wp-content\/uploads\/2023\/06\/\u4e3b\u56fe3-2-600x600.jpg 600w, https:\/\/estarmachinery.com\/wp-content\/uploads\/2023\/06\/\u4e3b\u56fe3-2-100x100.jpg 100w\" sizes=\"(max-width: 800px) 100vw, 800px\" \/><\/p>\n<p>Ch\u00fang t\u00f4i r\u1ea5t bi\u1ebft \u01a1n b\u1ea1n \u0111\u00e3 quan t\u00e2m \u0111\u1ebfn m\u00e1y t\u1ea1o n\u1ebfp g\u1ea5p gi\u1ea5y c\u1ee7a ch\u00fang t\u00f4i. Tr\u00ean c\u01a1 s\u1edf c\u00e1c \u0111i\u1ec1u kho\u1ea3n v\u00e0 \u0111i\u1ec1u ki\u1ec7n b\u00e1n h\u00e0ng chung c\u1ee7a ch\u00fang t\u00f4i, ch\u00fang t\u00f4i h\u00e2n h\u1ea1nh b\u00e1o gi\u00e1 cho b\u1ea1n nh\u01b0 sau:<\/p>\n<table>\n<tbody>\n<tr>\n<td colspan=\"2\" width=\"1486\"><strong>S\u1ef1 ch\u1ec9 r\u00f5:<\/strong><\/td>\n<\/tr>\n<tr>\n<td width=\"592\">Ng\u01b0\u1eddi m\u1eabu<\/td>\n<td width=\"893\"><strong>ES-YH353A<\/strong><\/td>\n<\/tr>\n<tr>\n<td width=\"592\">\u0111\u1ed9 d\u00e0y c\u1ee7a gi\u1ea5y<\/td>\n<td width=\"893\">60~400g(nh\u00e0u) 60~300g(\u0111\u01b0\u1eddng ch\u1ea5m)<\/td>\n<\/tr>\n<tr>\n<td width=\"592\">S\u1ed1 n\u1ebfp nh\u0103n tr\u00ean m\u1ed7i t\u1edd gi\u1ea5y<\/td>\n<td width=\"893\">0 ~ 32 l\u1ea7n<\/td>\n<\/tr>\n<tr>\n<td width=\"592\">chi\u1ec1u d\u00e0i gi\u1ea5y<\/td>\n<td width=\"893\">150-660mm<\/td>\n<\/tr>\n<tr>\n<td width=\"592\">chi\u1ec1u r\u1ed9ng gi\u1ea5y<\/td>\n<td width=\"893\">210-320mm<\/td>\n<\/tr>\n<tr>\n<td width=\"592\">Kho\u1ea3ng c\u00e1ch t\u1ed1i thi\u1ec3u c\u1ee7a n\u1ebfp nh\u0103n<\/td>\n<td width=\"893\">1mm<\/td>\n<\/tr>\n<tr>\n<td width=\"592\">ch\u01b0\u01a1ng tr\u00ecnh l\u00e0m vi\u1ec7c<\/td>\n<td width=\"893\">30 nh\u00f3m<\/td>\n<\/tr>\n<tr>\n<td width=\"592\">T\u1ee7 d\u01b0\u1edbi c\u00f3 th\u1ec3 di chuy\u1ec3n<\/td>\n<td width=\"893\">20KGS<\/td>\n<\/tr>\n<tr>\n<td width=\"592\">T\u1ed1c \u0111\u1ed9 t\u1ea1o n\u1ebfp g\u1ea5p (m\u1ed9t l\u1ea7n tr\u00ean gi\u1ea5y A4)<\/td>\n<td width=\"893\">4000 chi\u1ebfc \/ gi\u1edd<\/td>\n<\/tr>\n<tr>\n<td width=\"592\">t\u0103ng \u0111\u1ed9 ch\u00ednh x\u00e1c<\/td>\n<td width=\"893\">\u00b10,2mm<\/td>\n<\/tr>\n<tr>\n<td width=\"592\">Quy\u1ec1n l\u1ef1c<\/td>\n<td width=\"893\">220V\/50HZ ho\u1eb7c 110V\/60HZ 200W<\/td>\n<\/tr>\n<tr>\n<td width=\"592\">K\u00edch th\u01b0\u1edbc m\u00e1y<\/td>\n<td width=\"893\">1660*560*490mm<\/td>\n<\/tr>\n<tr>\n<td width=\"592\">K\u00edch th\u01b0\u1edbc \u0111\u00f3ng g\u00f3i<\/td>\n<td width=\"893\">76*68*59cm<\/td>\n<\/tr>\n<tr>\n<td width=\"592\">N\/WGW<\/td>\n<td width=\"893\">78KGS\/85KGS<\/td>\n<\/tr>\n<tr>\n<td width=\"592\">n\u1ebfp g\u1ea5p bi\u1ebfn<\/td>\n<td width=\"893\">\u0110\u00fang<\/td>\n<\/tr>\n<tr>\n<td width=\"592\">ch\u1ee9c n\u0103ng ki\u1ec3m \u0111\u1ebfm<\/td>\n<td width=\"893\">t\u00edch c\u1ef1c v\u00e0 ti\u00eau c\u1ef1c<\/td>\n<\/tr>\n<tr>\n<td width=\"592\">C\u00e1ch n\u1ea1p gi\u1ea5y<\/td>\n<td width=\"893\">h\u00fat kh\u00ed<\/td>\n<\/tr>\n<tr>\n<td width=\"592\">Kho\u1ea3ng c\u00e1ch t\u1ed1i thi\u1ec3u t\u1eeb n\u1ebfp g\u1ea5p \u0111\u1ea7u ti\u00ean \u0111\u1ebfn \u0111\u1ea7u trang gi\u1ea5y<\/td>\n<td width=\"893\">5mm<\/td>\n<\/tr>\n<tr>\n<td width=\"592\">S\u1ed1 l\u01b0\u1ee3ng tr\u00ean n\u1ec1n t\u1ea3ng<\/td>\n<td width=\"893\">100mm<\/td>\n<\/tr>\n<\/tbody>\n<\/table>","protected":false},"excerpt":{"rendered":"<p>ES-YH353A Automatic Digital Paper Creasing Machine We are highly thankful to you for your interested in our\u00a0paper creasing machine. On the basis of our general terms and conditions of sale, we have pleasure to quote you as followings: Specification: Model ES-YH353A Paper thickness 60~400g(creasing) 60~300g(dotted line) Numbers of creasing per every paper 0~32 times Paper [&hellip;]<\/p>","protected":false},"featured_media":696,"template":"","meta":{"site-sidebar-layout":"default","site-content-layout":"default","ast-site-content-layout":"default","site-content-style":"default","site-sidebar-style":"default","ast-global-header-display":"","ast-banner-title-visibility":"","ast-main-header-display":"","ast-hfb-above-header-display":"","ast-hfb-below-header-display":"","ast-hfb-mobile-header-display":"","site-post-title":"","ast-breadcrumbs-content":"","ast-featured-img":"","footer-sml-layout":"","ast-disable-related-posts":"","theme-transparent-header-meta":"default","adv-header-id-meta":"","stick-header-meta":"","header-above-stick-meta":"","header-main-stick-meta":"","header-below-stick-meta":"","astra-migrate-meta-layouts":"default","ast-page-background-enabled":"default","ast-page-background-meta":{"desktop":{"background-color":"","background-image":"","background-repeat":"repeat","background-position":"center center","background-size":"auto","background-attachment":"scroll","background-type":"","background-media":"","overlay-type":"","overlay-color":"","overlay-opacity":"","overlay-gradient":""},"tablet":{"background-color":"","background-image":"","background-repeat":"repeat","background-position":"center center","background-size":"auto","background-attachment":"scroll","background-type":"","background-media":"","overlay-type":"","overlay-color":"","overlay-opacity":"","overlay-gradient":""},"mobile":{"background-color":"","background-image":"","background-repeat":"repeat","background-position":"center center","background-size":"auto","background-attachment":"scroll","background-type":"","background-media":"","overlay-type":"","overlay-color":"","overlay-opacity":"","overlay-gradient":""}},"ast-content-background-meta":{"desktop":{"background-color":"var(--ast-global-color-5)","background-image":"","background-repeat":"repeat","background-position":"center center","background-size":"auto","background-attachment":"scroll","background-type":"","background-media":"","overlay-type":"","overlay-color":"","overlay-opacity":"","overlay-gradient":""},"tablet":{"background-color":"var(--ast-global-color-5)","background-image":"","background-repeat":"repeat","background-position":"center center","background-size":"auto","background-attachment":"scroll","background-type":"","background-media":"","overlay-type":"","overlay-color":"","overlay-opacity":"","overlay-gradient":""},"mobile":{"background-color":"var(--ast-global-color-5)","background-image":"","background-repeat":"repeat","background-position":"center center","background-size":"auto","background-attachment":"scroll","background-type":"","background-media":"","overlay-type":"","overlay-color":"","overlay-opacity":"","overlay-gradient":""}}},"product_brand":[],"product_cat":[53],"product_tag":[],"class_list":{"0":"post-706","1":"product","2":"type-product","3":"status-publish","4":"has-post-thumbnail","6":"product_cat-creasing-machine","7":"desktop-align-center","8":"tablet-align-left","9":"mobile-align-left","11":"first","12":"instock","13":"shipping-taxable","14":"product-type-simple"},"_links":{"self":[{"href":"https:\/\/estarmachinery.com\/vi\/wp-json\/wp\/v2\/product\/706","targetHints":{"allow":["GET"]}}],"collection":[{"href":"https:\/\/estarmachinery.com\/vi\/wp-json\/wp\/v2\/product"}],"about":[{"href":"https:\/\/estarmachinery.com\/vi\/wp-json\/wp\/v2\/types\/product"}],"wp:featuredmedia":[{"embeddable":true,"href":"https:\/\/estarmachinery.com\/vi\/wp-json\/wp\/v2\/media\/696"}],"wp:attachment":[{"href":"https:\/\/estarmachinery.com\/vi\/wp-json\/wp\/v2\/media?parent=706"}],"wp:term":[{"taxonomy":"product_brand","embeddable":true,"href":"https:\/\/estarmachinery.com\/vi\/wp-json\/wp\/v2\/product_brand?post=706"},{"taxonomy":"product_cat","embeddable":true,"href":"https:\/\/estarmachinery.com\/vi\/wp-json\/wp\/v2\/product_cat?post=706"},{"taxonomy":"product_tag","embeddable":true,"href":"https:\/\/estarmachinery.com\/vi\/wp-json\/wp\/v2\/product_tag?post=706"}],"curies":[{"name":"wp","href":"https:\/\/api.w.org\/{rel}","templated":true}]}}