{"id":712,"date":"2023-06-19T01:53:40","date_gmt":"2023-06-19T01:53:40","guid":{"rendered":"https:\/\/estarmachinery.com\/?post_type=product&#038;p=712"},"modified":"2023-07-06T07:13:17","modified_gmt":"2023-07-06T07:13:17","slug":"auto-drawing-folding-machine","status":"publish","type":"product","link":"https:\/\/estarmachinery.com\/vi\/san-pham\/auto-drawing-folding-machine\/","title":{"rendered":"M\u00e1y g\u1ea5p b\u1ea3n v\u1ebd t\u1ef1 \u0111\u1ed9ng"},"content":{"rendered":"<p style=\"text-align: center;\"><strong><b>M\u00e1y g\u1ea5p b\u1ea3n v\u1ebd t\u1ef1 \u0111\u1ed9ng<\/b><\/strong><\/p>\n<p><img fetchpriority=\"high\" decoding=\"async\" class=\"size-full wp-image-716 aligncenter\" src=\"https:\/\/estarmachinery.com\/wp-content\/uploads\/2023\/06\/\u4e3b\u56fe6-3.jpg\" alt=\"Auto Drawing Folding Machine\" width=\"800\" height=\"800\" srcset=\"https:\/\/estarmachinery.com\/wp-content\/uploads\/2023\/06\/\u4e3b\u56fe6-3.jpg 800w, https:\/\/estarmachinery.com\/wp-content\/uploads\/2023\/06\/\u4e3b\u56fe6-3-300x300.jpg 300w, https:\/\/estarmachinery.com\/wp-content\/uploads\/2023\/06\/\u4e3b\u56fe6-3-150x150.jpg 150w, https:\/\/estarmachinery.com\/wp-content\/uploads\/2023\/06\/\u4e3b\u56fe6-3-768x768.jpg 768w, https:\/\/estarmachinery.com\/wp-content\/uploads\/2023\/06\/\u4e3b\u56fe6-3-600x600.jpg 600w, https:\/\/estarmachinery.com\/wp-content\/uploads\/2023\/06\/\u4e3b\u56fe6-3-100x100.jpg 100w\" sizes=\"(max-width: 800px) 100vw, 800px\" \/><\/p>\n<p>Ch\u00fang t\u00f4i r\u1ea5t bi\u1ebft \u01a1n b\u1ea1n \u0111\u00e3 quan t\u00e2m \u0111\u1ebfn m\u00e1y v\u1ebd t\u1ef1 \u0111\u1ed9ng c\u1ee7a ch\u00fang t\u00f4i. Tr\u00ean c\u01a1 s\u1edf c\u00e1c \u0111i\u1ec1u kho\u1ea3n v\u00e0 \u0111i\u1ec1u ki\u1ec7n b\u00e1n h\u00e0ng chung c\u1ee7a ch\u00fang t\u00f4i, ch\u00fang t\u00f4i h\u00e2n h\u1ea1nh b\u00e1o gi\u00e1 cho b\u1ea1n nh\u01b0 sau:<\/p>\n<table>\n<tbody>\n<tr>\n<td colspan=\"2\" width=\"1486\"><strong>S\u1ef1 ch\u1ec9 r\u00f5:<\/strong><\/td>\n<\/tr>\n<tr>\n<td width=\"559\">Ng\u01b0\u1eddi m\u1eabu<\/td>\n<td width=\"926\"><strong><b>ES-A0<\/b><\/strong><\/td>\n<\/tr>\n<tr>\n<td width=\"559\">b\u1ea3ng \u0111i\u1ec1u khi\u1ec3n<\/td>\n<td width=\"926\">\u0110i\u1ec1u khi\u1ec3n m\u00e0n h\u00ecnh c\u1ea3m \u1ee9ng c\u00f4ng nghi\u1ec7p c\u00f3 \u0111\u1ed9 ch\u00ednh x\u00e1c cao<\/td>\n<\/tr>\n<tr>\n<td width=\"559\">t\u1ed1c \u0111\u1ed9 g\u1ea5p<\/td>\n<td width=\"926\">26m\/ph\u00fat, c\u00f3 th\u1ec3 \u0111i\u1ec1u ch\u1ec9nh<\/td>\n<\/tr>\n<tr>\n<td width=\"559\">Chi\u1ec1u r\u1ed9ng g\u1ea5p t\u1ed1i \u0111a<\/td>\n<td width=\"926\">B\u1ea3n v\u1ebd kh\u1ed5 A0<\/td>\n<\/tr>\n<tr>\n<td width=\"559\">Chi\u1ec1u d\u00e0i g\u1ea5p t\u1ed1i \u0111a<\/td>\n<td width=\"926\">Max.3.5meter (Chi\u1ec1u d\u00e0i kh\u00f4ng gi\u1edbi h\u1ea1n ch\u1ec9 khi g\u1eadp theo chi\u1ec1u ngang)<\/td>\n<\/tr>\n<tr>\n<td width=\"559\">\u0111\u1ed9 d\u00e0y c\u1ee7a gi\u1ea5y<\/td>\n<td width=\"926\">60~90gsm<\/td>\n<\/tr>\n<tr>\n<td width=\"559\">Lo\u1ea1i gi\u1ea5y<\/td>\n<td width=\"926\">Gi\u1ea5y sao ch\u00e9p k\u1ef9 thu\u1eadt, gi\u1ea5y b\u1ea3n thi\u1ebft k\u1ebf, b\u1ea3n v\u1ebd ti\u00eau chu\u1ea9n, gi\u1ea5y l\u1edbp, gi\u1ea5y v\u1ebd m\u00e0u<\/td>\n<\/tr>\n<tr>\n<td width=\"559\">Ngu\u1ed3n c\u1ea5p<\/td>\n<td width=\"926\">AC220V\u00b110\uff0c 50\/60hz<\/td>\n<\/tr>\n<tr>\n<td width=\"559\">Quy\u1ec1n l\u1ef1c<\/td>\n<td width=\"926\">2500W<\/td>\n<\/tr>\n<tr>\n<td width=\"559\">Nhi\u1ec7t \u0111\u1ed9 l\u00e0m vi\u1ec7c<\/td>\n<td width=\"926\">5-38\u2103<\/td>\n<\/tr>\n<tr>\n<td width=\"559\">k\u00edch th\u01b0\u1edbc<\/td>\n<td width=\"926\">1145*1180*1060mm<\/td>\n<\/tr>\n<tr>\n<td width=\"559\">C\u00e2n n\u1eb7ng<\/td>\n<td width=\"926\">330kg<\/td>\n<\/tr>\n<\/tbody>\n<\/table>","protected":false},"excerpt":{"rendered":"<p>Auto Drawing Folding Machine We are highly thankful to you for your interested in our\u00a0auto drawing machine. On the basis of our general terms and conditions of sale, we have pleasure to quote you as followings: Specification: Model ES-A0 Operation panel High precision industrial touch screen control Folding speed 26m\/min, adjustable Max.folding width A0 size [&hellip;]<\/p>","protected":false},"featured_media":715,"template":"","meta":{"site-sidebar-layout":"default","site-content-layout":"default","ast-site-content-layout":"default","site-content-style":"default","site-sidebar-style":"default","ast-global-header-display":"","ast-banner-title-visibility":"","ast-main-header-display":"","ast-hfb-above-header-display":"","ast-hfb-below-header-display":"","ast-hfb-mobile-header-display":"","site-post-title":"","ast-breadcrumbs-content":"","ast-featured-img":"","footer-sml-layout":"","ast-disable-related-posts":"","theme-transparent-header-meta":"default","adv-header-id-meta":"","stick-header-meta":"","header-above-stick-meta":"","header-main-stick-meta":"","header-below-stick-meta":"","astra-migrate-meta-layouts":"default","ast-page-background-enabled":"default","ast-page-background-meta":{"desktop":{"background-color":"","background-image":"","background-repeat":"repeat","background-position":"center center","background-size":"auto","background-attachment":"scroll","background-type":"","background-media":"","overlay-type":"","overlay-color":"","overlay-opacity":"","overlay-gradient":""},"tablet":{"background-color":"","background-image":"","background-repeat":"repeat","background-position":"center center","background-size":"auto","background-attachment":"scroll","background-type":"","background-media":"","overlay-type":"","overlay-color":"","overlay-opacity":"","overlay-gradient":""},"mobile":{"background-color":"","background-image":"","background-repeat":"repeat","background-position":"center center","background-size":"auto","background-attachment":"scroll","background-type":"","background-media":"","overlay-type":"","overlay-color":"","overlay-opacity":"","overlay-gradient":""}},"ast-content-background-meta":{"desktop":{"background-color":"var(--ast-global-color-5)","background-image":"","background-repeat":"repeat","background-position":"center center","background-size":"auto","background-attachment":"scroll","background-type":"","background-media":"","overlay-type":"","overlay-color":"","overlay-opacity":"","overlay-gradient":""},"tablet":{"background-color":"var(--ast-global-color-5)","background-image":"","background-repeat":"repeat","background-position":"center center","background-size":"auto","background-attachment":"scroll","background-type":"","background-media":"","overlay-type":"","overlay-color":"","overlay-opacity":"","overlay-gradient":""},"mobile":{"background-color":"var(--ast-global-color-5)","background-image":"","background-repeat":"repeat","background-position":"center center","background-size":"auto","background-attachment":"scroll","background-type":"","background-media":"","overlay-type":"","overlay-color":"","overlay-opacity":"","overlay-gradient":""}}},"product_brand":[],"product_cat":[47],"product_tag":[],"class_list":{"0":"post-712","1":"product","2":"type-product","3":"status-publish","4":"has-post-thumbnail","6":"product_cat-folding-machine","7":"desktop-align-center","8":"tablet-align-left","9":"mobile-align-left","11":"first","12":"instock","13":"shipping-taxable","14":"product-type-simple"},"_links":{"self":[{"href":"https:\/\/estarmachinery.com\/vi\/wp-json\/wp\/v2\/product\/712","targetHints":{"allow":["GET"]}}],"collection":[{"href":"https:\/\/estarmachinery.com\/vi\/wp-json\/wp\/v2\/product"}],"about":[{"href":"https:\/\/estarmachinery.com\/vi\/wp-json\/wp\/v2\/types\/product"}],"wp:featuredmedia":[{"embeddable":true,"href":"https:\/\/estarmachinery.com\/vi\/wp-json\/wp\/v2\/media\/715"}],"wp:attachment":[{"href":"https:\/\/estarmachinery.com\/vi\/wp-json\/wp\/v2\/media?parent=712"}],"wp:term":[{"taxonomy":"product_brand","embeddable":true,"href":"https:\/\/estarmachinery.com\/vi\/wp-json\/wp\/v2\/product_brand?post=712"},{"taxonomy":"product_cat","embeddable":true,"href":"https:\/\/estarmachinery.com\/vi\/wp-json\/wp\/v2\/product_cat?post=712"},{"taxonomy":"product_tag","embeddable":true,"href":"https:\/\/estarmachinery.com\/vi\/wp-json\/wp\/v2\/product_tag?post=712"}],"curies":[{"name":"wp","href":"https:\/\/api.w.org\/{rel}","templated":true}]}}