{"id":724,"date":"2023-06-19T01:59:01","date_gmt":"2023-06-19T01:59:01","guid":{"rendered":"https:\/\/estarmachinery.com\/?post_type=product&#038;p=724"},"modified":"2023-07-06T07:12:00","modified_gmt":"2023-07-06T07:12:00","slug":"es350-semi-auto-sprial-binding-machine","status":"publish","type":"product","link":"https:\/\/estarmachinery.com\/vi\/san-pham\/es350-semi-auto-sprial-binding-machine\/","title":{"rendered":"M\u00e1y \u0111\u00f3ng s\u00e1ch Sprial b\u00e1n t\u1ef1 \u0111\u1ed9ng ES350"},"content":{"rendered":"<p style=\"text-align: center;\"><strong>M\u00e1y \u0111\u00f3ng s\u00e1ch Sprial b\u00e1n t\u1ef1 \u0111\u1ed9ng ES350<\/strong><\/p>\n<p><img fetchpriority=\"high\" decoding=\"async\" class=\"size-full wp-image-726 aligncenter\" src=\"https:\/\/estarmachinery.com\/wp-content\/uploads\/2023\/06\/1685434836758.png\" alt=\"ES350 Semi-auto Sprial Binding Machine\" width=\"800\" height=\"800\" srcset=\"https:\/\/estarmachinery.com\/wp-content\/uploads\/2023\/06\/1685434836758.png 800w, https:\/\/estarmachinery.com\/wp-content\/uploads\/2023\/06\/1685434836758-300x300.png 300w, https:\/\/estarmachinery.com\/wp-content\/uploads\/2023\/06\/1685434836758-150x150.png 150w, https:\/\/estarmachinery.com\/wp-content\/uploads\/2023\/06\/1685434836758-768x768.png 768w, https:\/\/estarmachinery.com\/wp-content\/uploads\/2023\/06\/1685434836758-600x600.png 600w, https:\/\/estarmachinery.com\/wp-content\/uploads\/2023\/06\/1685434836758-100x100.png 100w\" sizes=\"(max-width: 800px) 100vw, 800px\" \/><\/p>\n<table>\n<tbody>\n<tr>\n<td width=\"744\">Ng\u01b0\u1eddi m\u1eabu<\/td>\n<td width=\"744\">ES350<\/td>\n<\/tr>\n<tr>\n<td width=\"744\">T\u1ed1c \u0111\u1ed9<\/td>\n<td width=\"744\">285*285mm<\/td>\n<\/tr>\n<tr>\n<td width=\"744\">K\u00edch th\u01b0\u1edbc r\u00e0ng bu\u1ed9c t\u1ed1i thi\u1ec3u<\/td>\n<td width=\"744\">148*120mm<\/td>\n<\/tr>\n<tr>\n<td width=\"744\">K\u00edch th\u01b0\u1edbc r\u00e0ng bu\u1ed9c t\u1ed1i \u0111a<\/td>\n<td width=\"744\">420*420mm<\/td>\n<\/tr>\n<tr>\n<td width=\"744\">\u0111\u01b0\u1eddng k\u00ednh xo\u1eafn \u1ed1c<\/td>\n<td width=\"744\">120*120mm<\/td>\n<\/tr>\n<tr>\n<td width=\"744\">Quy\u1ec1n l\u1ef1c<\/td>\n<td width=\"744\">2mm<\/td>\n<\/tr>\n<tr>\n<td colspan=\"2\" width=\"1488\">M\u00e1y \u0111\u00f3ng s\u00e1ch xo\u1eafn \u1ed1c nh\u1ef1a XH350 \u0111\u01b0\u1ee3c s\u1eed d\u1ee5ng r\u1ed9ng r\u00e3i trong c\u00e1c lo\u1ea1i s\u00e1ch thi\u1ebfu nhi, album \u1ea3nh, s\u00e1ch \u1ea3nh v\u00e0 s\u00e1ch cu\u1ed9n.<\/td>\n<\/tr>\n<\/tbody>\n<\/table>","protected":false},"excerpt":{"rendered":"<p>ES350 Semi-auto Sprial Binding Machine Model ES350 Speed 285*285mm Min binding size 148*120mm Max binding size 420*420mm Sprial diameter 120*120mm Power 2mm XH350 plastic spiral binding machine is widely used in all kinds of children\u2019s books, picture albums, picture books and coil books.<\/p>","protected":false},"featured_media":725,"template":"","meta":{"site-sidebar-layout":"default","site-content-layout":"default","ast-site-content-layout":"default","site-content-style":"default","site-sidebar-style":"default","ast-global-header-display":"","ast-banner-title-visibility":"","ast-main-header-display":"","ast-hfb-above-header-display":"","ast-hfb-below-header-display":"","ast-hfb-mobile-header-display":"","site-post-title":"","ast-breadcrumbs-content":"","ast-featured-img":"","footer-sml-layout":"","ast-disable-related-posts":"","theme-transparent-header-meta":"default","adv-header-id-meta":"","stick-header-meta":"","header-above-stick-meta":"","header-main-stick-meta":"","header-below-stick-meta":"","astra-migrate-meta-layouts":"default","ast-page-background-enabled":"default","ast-page-background-meta":{"desktop":{"background-color":"","background-image":"","background-repeat":"repeat","background-position":"center center","background-size":"auto","background-attachment":"scroll","background-type":"","background-media":"","overlay-type":"","overlay-color":"","overlay-opacity":"","overlay-gradient":""},"tablet":{"background-color":"","background-image":"","background-repeat":"repeat","background-position":"center center","background-size":"auto","background-attachment":"scroll","background-type":"","background-media":"","overlay-type":"","overlay-color":"","overlay-opacity":"","overlay-gradient":""},"mobile":{"background-color":"","background-image":"","background-repeat":"repeat","background-position":"center center","background-size":"auto","background-attachment":"scroll","background-type":"","background-media":"","overlay-type":"","overlay-color":"","overlay-opacity":"","overlay-gradient":""}},"ast-content-background-meta":{"desktop":{"background-color":"var(--ast-global-color-5)","background-image":"","background-repeat":"repeat","background-position":"center center","background-size":"auto","background-attachment":"scroll","background-type":"","background-media":"","overlay-type":"","overlay-color":"","overlay-opacity":"","overlay-gradient":""},"tablet":{"background-color":"var(--ast-global-color-5)","background-image":"","background-repeat":"repeat","background-position":"center center","background-size":"auto","background-attachment":"scroll","background-type":"","background-media":"","overlay-type":"","overlay-color":"","overlay-opacity":"","overlay-gradient":""},"mobile":{"background-color":"var(--ast-global-color-5)","background-image":"","background-repeat":"repeat","background-position":"center center","background-size":"auto","background-attachment":"scroll","background-type":"","background-media":"","overlay-type":"","overlay-color":"","overlay-opacity":"","overlay-gradient":""}}},"product_brand":[],"product_cat":[54],"product_tag":[],"class_list":{"0":"post-724","1":"product","2":"type-product","3":"status-publish","4":"has-post-thumbnail","6":"product_cat-stitching-machine","7":"desktop-align-center","8":"tablet-align-left","9":"mobile-align-left","11":"first","12":"instock","13":"shipping-taxable","14":"product-type-simple"},"_links":{"self":[{"href":"https:\/\/estarmachinery.com\/vi\/wp-json\/wp\/v2\/product\/724","targetHints":{"allow":["GET"]}}],"collection":[{"href":"https:\/\/estarmachinery.com\/vi\/wp-json\/wp\/v2\/product"}],"about":[{"href":"https:\/\/estarmachinery.com\/vi\/wp-json\/wp\/v2\/types\/product"}],"wp:featuredmedia":[{"embeddable":true,"href":"https:\/\/estarmachinery.com\/vi\/wp-json\/wp\/v2\/media\/725"}],"wp:attachment":[{"href":"https:\/\/estarmachinery.com\/vi\/wp-json\/wp\/v2\/media?parent=724"}],"wp:term":[{"taxonomy":"product_brand","embeddable":true,"href":"https:\/\/estarmachinery.com\/vi\/wp-json\/wp\/v2\/product_brand?post=724"},{"taxonomy":"product_cat","embeddable":true,"href":"https:\/\/estarmachinery.com\/vi\/wp-json\/wp\/v2\/product_cat?post=724"},{"taxonomy":"product_tag","embeddable":true,"href":"https:\/\/estarmachinery.com\/vi\/wp-json\/wp\/v2\/product_tag?post=724"}],"curies":[{"name":"wp","href":"https:\/\/api.w.org\/{rel}","templated":true}]}}