{"id":727,"date":"2023-06-19T02:02:47","date_gmt":"2023-06-19T02:02:47","guid":{"rendered":"https:\/\/estarmachinery.com\/?post_type=product&#038;p=727"},"modified":"2023-07-06T07:11:28","modified_gmt":"2023-07-06T07:11:28","slug":"es-520-double-wire-book-binding-machine-with-hanger","status":"publish","type":"product","link":"https:\/\/estarmachinery.com\/vi\/san-pham\/es-520-double-wire-book-binding-machine-with-hanger\/","title":{"rendered":"M\u00e1y \u0111\u00f3ng s\u00e1ch \u0111\u00f4i ES-520 c\u00f3 m\u00f3c treo"},"content":{"rendered":"<p style=\"text-align: center;\"><strong>ES<\/strong><strong>-520 m\u00e1y \u0111\u00f3ng s\u00e1ch d\u00e2y \u0111\u00f4i<\/strong><strong>\u00a0v\u1edbi m\u00f3c \u00e1o<\/strong><\/p>\n<p><img fetchpriority=\"high\" decoding=\"async\" class=\"size-full wp-image-729 aligncenter\" src=\"https:\/\/estarmachinery.com\/wp-content\/uploads\/2023\/06\/O1CN01LKXJrd1JXRlCA4qyS_6000000001038-0-cib.jpg\" alt=\"ES-520 double wire book binding machine with hanger \" width=\"800\" height=\"800\" srcset=\"https:\/\/estarmachinery.com\/wp-content\/uploads\/2023\/06\/O1CN01LKXJrd1JXRlCA4qyS_6000000001038-0-cib.jpg 800w, https:\/\/estarmachinery.com\/wp-content\/uploads\/2023\/06\/O1CN01LKXJrd1JXRlCA4qyS_6000000001038-0-cib-300x300.jpg 300w, https:\/\/estarmachinery.com\/wp-content\/uploads\/2023\/06\/O1CN01LKXJrd1JXRlCA4qyS_6000000001038-0-cib-150x150.jpg 150w, https:\/\/estarmachinery.com\/wp-content\/uploads\/2023\/06\/O1CN01LKXJrd1JXRlCA4qyS_6000000001038-0-cib-768x768.jpg 768w, https:\/\/estarmachinery.com\/wp-content\/uploads\/2023\/06\/O1CN01LKXJrd1JXRlCA4qyS_6000000001038-0-cib-600x600.jpg 600w, https:\/\/estarmachinery.com\/wp-content\/uploads\/2023\/06\/O1CN01LKXJrd1JXRlCA4qyS_6000000001038-0-cib-100x100.jpg 100w\" sizes=\"(max-width: 800px) 100vw, 800px\" \/><\/p>\n<table>\n<tbody>\n<tr>\n<td width=\"744\">t\u1ed1i \u0111a. chi\u1ec1u r\u1ed9ng gi\u1ea5y<\/td>\n<td width=\"744\">520mm<\/td>\n<\/tr>\n<tr>\n<td width=\"744\">t\u1ed1i \u0111a. chi\u1ec1u r\u1ed9ng r\u00e0ng bu\u1ed9c<\/td>\n<td width=\"744\">507mm<\/td>\n<\/tr>\n<tr>\n<td width=\"744\">t\u1ed1i thi\u1ec3u chi\u1ec1u d\u00e0i gi\u1ea5y<\/td>\n<td width=\"744\">75mm<\/td>\n<\/tr>\n<tr>\n<td width=\"744\">\u0110\u01b0\u1eddng k\u00ednh d\u00e2y<\/td>\n<td width=\"744\">1\/4\u2033 5\/16\u2033 3\/8\u2033 7\/16\u2033 1\/2\u2033 9\/16\u2033 5\/8\u2033 t\u1ef7 l\u1ec7 3:1<\/p>\n<p>5\/8\u2033 3\/4\u2033 7\/8\u2033 t\u1ef7 l\u1ec7 2:1<\/td>\n<\/tr>\n<tr>\n<td width=\"744\">t\u1ed1c \u0111\u1ed9 l\u00e0m vi\u1ec7c<\/td>\n<td width=\"744\">800-2000 cu\u1ed1n\/h<\/td>\n<\/tr>\n<tr>\n<td width=\"744\">K\u00edch th\u01b0\u1edbc b\u00e0n l\u00e0m vi\u1ec7c (WxD)<\/td>\n<td width=\"744\">660x300mm<\/td>\n<\/tr>\n<tr>\n<td width=\"744\">Ngu\u1ed3n c\u1ea5p<\/td>\n<td width=\"744\">220V 50Hz<\/td>\n<\/tr>\n<tr>\n<td width=\"744\">M\u00e1y n\u00e9n kh\u00ed (kh\u00f4ng bao g\u1ed3m)<\/td>\n<td width=\"744\">1,5KW<\/td>\n<\/tr>\n<tr>\n<td width=\"744\">\u00c1p su\u1ea5t kh\u00f4ng kh\u00ed<\/td>\n<td width=\"744\">6-8<\/td>\n<\/tr>\n<tr>\n<td width=\"744\">K\u00edch th\u01b0\u1edbc m\u00e1y (WxDxH)<\/td>\n<td width=\"744\">1800x760x1230mm<\/td>\n<\/tr>\n<tr>\n<td width=\"744\">Tr\u1ecdng l\u01b0\u1ee3ng t\u1ecbnh (kh\u00f4ng bao g\u1ed3m b\u1ed9 ngu\u1ed3n)<\/td>\n<td width=\"744\">380kg<\/td>\n<\/tr>\n<tr>\n<td width=\"744\">K\u00edch th\u01b0\u1edbc c\u1ee7a \u0111\u01a1n v\u1ecb Py-off<\/td>\n<td width=\"744\">490x760x1230mm<\/td>\n<\/tr>\n<tr>\n<td width=\"744\">Tr\u1ecdng l\u01b0\u1ee3ng c\u1ee7a \u0111\u01a1n v\u1ecb Py-off<\/td>\n<td width=\"744\">65kg<\/td>\n<\/tr>\n<tr>\n<td colspan=\"2\" width=\"1488\">t\u1ef1 \u0111\u1ed9ng c\u1eaft, t\u1ef1 \u0111\u1ed9ng li\u00ean k\u1ebft, t\u1ef1 \u0111\u1ed9ng \u0111\u00f3ng<\/p>\n<p>M\u00f3c treo \u0111\u1ed3 t\u1ef1 \u0111\u1ed9ng<\/p>\n<p>H\u01b0\u1edbng d\u1eabn ch\u1ebf \u0111\u1ed9 cho \u0103n<\/p>\n<p>X\u1eed l\u00fd d\u00e2y \u0111\u00f4i T\u1ef1 \u0111\u1ed9ng c\u1eaft, ch\u00e8n v\u00e0 \u0111\u00f3ng<\/p>\n<p>Th\u00f4ng s\u1ed1 k\u1ef9 thu\u1eadt d\u00e2y \u0110\u01b0\u1eddng k\u00ednh 1\/4\u2033-3\/4\u2033 B\u01b0\u1edbc 3:1, 2:1<\/td>\n<\/tr>\n<\/tbody>\n<\/table>","protected":false},"excerpt":{"rendered":"<p>ES-520 double wire book binding machine\u00a0with hanger Max. paper width 520mm Max. binding width 507mm Min. paper length 75mm Wire diameter 1\/4&#8243; 5\/16&#8243; 3\/8&#8243; 7\/16&#8243; 1\/2&#8243; 9\/16&#8243;5\/8&#8243; pitch 3:1 5\/8&#8243; 3\/4&#8243; 7\/8&#8243; pitch 2:1 Working speed 800-2000 books\/h Size of worktable(WxD) 660x300mm Power supply 220V 50HZ Air compressor(not included) 1.5KW Air pressure 6-8 Machine dimensions(WxDxH) [&hellip;]<\/p>","protected":false},"featured_media":732,"template":"","meta":{"site-sidebar-layout":"default","site-content-layout":"default","ast-site-content-layout":"default","site-content-style":"default","site-sidebar-style":"default","ast-global-header-display":"","ast-banner-title-visibility":"","ast-main-header-display":"","ast-hfb-above-header-display":"","ast-hfb-below-header-display":"","ast-hfb-mobile-header-display":"","site-post-title":"","ast-breadcrumbs-content":"","ast-featured-img":"","footer-sml-layout":"","ast-disable-related-posts":"","theme-transparent-header-meta":"default","adv-header-id-meta":"","stick-header-meta":"","header-above-stick-meta":"","header-main-stick-meta":"","header-below-stick-meta":"","astra-migrate-meta-layouts":"default","ast-page-background-enabled":"default","ast-page-background-meta":{"desktop":{"background-color":"","background-image":"","background-repeat":"repeat","background-position":"center center","background-size":"auto","background-attachment":"scroll","background-type":"","background-media":"","overlay-type":"","overlay-color":"","overlay-opacity":"","overlay-gradient":""},"tablet":{"background-color":"","background-image":"","background-repeat":"repeat","background-position":"center center","background-size":"auto","background-attachment":"scroll","background-type":"","background-media":"","overlay-type":"","overlay-color":"","overlay-opacity":"","overlay-gradient":""},"mobile":{"background-color":"","background-image":"","background-repeat":"repeat","background-position":"center center","background-size":"auto","background-attachment":"scroll","background-type":"","background-media":"","overlay-type":"","overlay-color":"","overlay-opacity":"","overlay-gradient":""}},"ast-content-background-meta":{"desktop":{"background-color":"var(--ast-global-color-5)","background-image":"","background-repeat":"repeat","background-position":"center center","background-size":"auto","background-attachment":"scroll","background-type":"","background-media":"","overlay-type":"","overlay-color":"","overlay-opacity":"","overlay-gradient":""},"tablet":{"background-color":"var(--ast-global-color-5)","background-image":"","background-repeat":"repeat","background-position":"center center","background-size":"auto","background-attachment":"scroll","background-type":"","background-media":"","overlay-type":"","overlay-color":"","overlay-opacity":"","overlay-gradient":""},"mobile":{"background-color":"var(--ast-global-color-5)","background-image":"","background-repeat":"repeat","background-position":"center center","background-size":"auto","background-attachment":"scroll","background-type":"","background-media":"","overlay-type":"","overlay-color":"","overlay-opacity":"","overlay-gradient":""}}},"product_brand":[],"product_cat":[54],"product_tag":[],"class_list":{"0":"post-727","1":"product","2":"type-product","3":"status-publish","4":"has-post-thumbnail","6":"product_cat-stitching-machine","7":"desktop-align-center","8":"tablet-align-left","9":"mobile-align-left","11":"first","12":"instock","13":"shipping-taxable","14":"product-type-simple"},"_links":{"self":[{"href":"https:\/\/estarmachinery.com\/vi\/wp-json\/wp\/v2\/product\/727","targetHints":{"allow":["GET"]}}],"collection":[{"href":"https:\/\/estarmachinery.com\/vi\/wp-json\/wp\/v2\/product"}],"about":[{"href":"https:\/\/estarmachinery.com\/vi\/wp-json\/wp\/v2\/types\/product"}],"wp:featuredmedia":[{"embeddable":true,"href":"https:\/\/estarmachinery.com\/vi\/wp-json\/wp\/v2\/media\/732"}],"wp:attachment":[{"href":"https:\/\/estarmachinery.com\/vi\/wp-json\/wp\/v2\/media?parent=727"}],"wp:term":[{"taxonomy":"product_brand","embeddable":true,"href":"https:\/\/estarmachinery.com\/vi\/wp-json\/wp\/v2\/product_brand?post=727"},{"taxonomy":"product_cat","embeddable":true,"href":"https:\/\/estarmachinery.com\/vi\/wp-json\/wp\/v2\/product_cat?post=727"},{"taxonomy":"product_tag","embeddable":true,"href":"https:\/\/estarmachinery.com\/vi\/wp-json\/wp\/v2\/product_tag?post=727"}],"curies":[{"name":"wp","href":"https:\/\/api.w.org\/{rel}","templated":true}]}}