{"id":733,"date":"2023-06-19T02:13:28","date_gmt":"2023-06-19T02:13:28","guid":{"rendered":"https:\/\/estarmachinery.com\/?post_type=product&#038;p=733"},"modified":"2023-07-06T07:10:41","modified_gmt":"2023-07-06T07:10:41","slug":"6-trays-10-trays-12-trays-digital-paper-collator-machine","status":"publish","type":"product","link":"https:\/\/estarmachinery.com\/vi\/san-pham\/6-trays-10-trays-12-trays-digital-paper-collator-machine\/","title":{"rendered":"6 khay\/10 khay\/12 khay M\u00e1y chia gi\u1ea5y k\u1ef9 thu\u1eadt s\u1ed1"},"content":{"rendered":"<p style=\"text-align: center;\"><strong><b>6 khay\/10 khay\/12 khay <\/b><\/strong><strong><b>M\u00e1y c\u1eaft gi\u1ea5y k\u1ef9 thu\u1eadt s\u1ed1<\/b><\/strong><\/p>\n<p><img fetchpriority=\"high\" decoding=\"async\" class=\"size-full wp-image-738 aligncenter\" src=\"https:\/\/estarmachinery.com\/wp-content\/uploads\/2023\/06\/\u5fae\u4fe1\u622a\u56fe_20230619101142.png\" alt=\"6 trays\/10 trays\/12 trays Digital Paper Collator Machine \" width=\"776\" height=\"399\" srcset=\"https:\/\/estarmachinery.com\/wp-content\/uploads\/2023\/06\/\u5fae\u4fe1\u622a\u56fe_20230619101142.png 776w, https:\/\/estarmachinery.com\/wp-content\/uploads\/2023\/06\/\u5fae\u4fe1\u622a\u56fe_20230619101142-300x154.png 300w, https:\/\/estarmachinery.com\/wp-content\/uploads\/2023\/06\/\u5fae\u4fe1\u622a\u56fe_20230619101142-768x395.png 768w, https:\/\/estarmachinery.com\/wp-content\/uploads\/2023\/06\/\u5fae\u4fe1\u622a\u56fe_20230619101142-600x309.png 600w\" sizes=\"(max-width: 776px) 100vw, 776px\" \/><\/p>\n<table>\n<tbody>\n<tr>\n<td width=\"229\">Ng\u01b0\u1eddi m\u1eabu<\/td>\n<td width=\"415\">ES-P6<\/td>\n<td width=\"434\">ES-P10<\/td>\n<td width=\"431\">ES-P12<\/td>\n<\/tr>\n<tr>\n<td width=\"229\">Ga t\u00e0u<\/td>\n<td width=\"415\">6<\/td>\n<td width=\"434\">10<\/td>\n<td width=\"431\">12<\/td>\n<\/tr>\n<tr>\n<td width=\"229\">T\u1ed1c \u0111\u1ed9<\/td>\n<td width=\"415\">2800 t\u1edd\/gi\u1edd (kh\u1ed5 gi\u1ea5y A4)<\/p>\n<p>2200 t\u1edd\/gi\u1edd (kh\u1ed5 gi\u1ea5y A3)<\/td>\n<td width=\"434\">3000 t\u1edd\/gi\u1edd (kh\u1ed5 gi\u1ea5y A4)<\/p>\n<p>2500 t\u1edd\/gi\u1edd (kh\u1ed5 gi\u1ea5y A3)<\/td>\n<td width=\"431\">3800 t\u1edd\/gi\u1edd (kh\u1ed5 gi\u1ea5y A4)<\/p>\n<p>3000 t\u1edd\/gi\u1edd (kh\u1ed5 gi\u1ea5y A3)<\/td>\n<\/tr>\n<tr>\n<td width=\"229\">kh\u1ed5 gi\u1ea5y<\/td>\n<td colspan=\"3\" width=\"1282\">A3-A5<\/td>\n<\/tr>\n<tr>\n<td width=\"229\">ch\u1ea5t l\u01b0\u1ee3ng gi\u1ea5y<\/td>\n<td colspan=\"3\" width=\"1282\">40-210g\/m\u00b2 \uff08t\u1edd \u0111\u1ea7u ti\u00ean v\u00e0 t\u1edd cu\u1ed1i c\u00f9ng\uff09<\/p>\n<p>55 \u2013 120 gsm ( t\u1edd gi\u1eefa )<\/td>\n<\/tr>\n<tr>\n<td width=\"229\">c\u00f4ng su\u1ea5t tr\u1ea1m<\/td>\n<td colspan=\"3\" width=\"1282\">250 t\u1edd<\/td>\n<\/tr>\n<tr>\n<td width=\"229\">kh\u1ea3 n\u0103ng x\u1ebfp ch\u1ed3ng<\/td>\n<td colspan=\"3\" width=\"1282\">600 t\u1edd<\/td>\n<\/tr>\n<tr>\n<td width=\"229\">thi\u1ebft b\u1ecb x\u1ebfp ch\u1ed3ng<\/td>\n<td colspan=\"3\" width=\"1282\">\u0111\u1ed1i chi\u1ebfu ch\u00e9o<\/td>\n<\/tr>\n<tr>\n<td width=\"229\">Hi\u1ec3n th\u1ecb l\u1ed7i<\/td>\n<td colspan=\"3\" width=\"1282\">N\u1ea1p gi\u1ea5y hai l\u1ea7n, k\u1eb9t gi\u1ea5y, h\u1ebft gi\u1ea5y, kh\u00f4ng c\u00f3 gi\u1ea5y, khay n\u1ea1p \u0111\u1ea7y, n\u1ea1p nh\u1ea7m gi\u1ea5y, c\u1eeda sau m\u1edf.<\/td>\n<\/tr>\n<tr>\n<td width=\"229\">Quy\u1ec1n l\u1ef1c<\/td>\n<td colspan=\"3\" width=\"1282\">AC220V 180W<\/td>\n<\/tr>\n<tr>\n<td width=\"229\">Kh\u1ed1i l\u01b0\u1ee3ng t\u1ecbnh<\/td>\n<td width=\"415\">kho\u1ea3ng.63kg<\/td>\n<td width=\"434\">73kg<\/td>\n<td width=\"431\">90kg<\/td>\n<\/tr>\n<tr>\n<td width=\"229\">Tr\u1ecdng l\u01b0\u1ee3ng th\u00f4<\/td>\n<td width=\"415\">kho\u1ea3ng 78kg<\/td>\n<td width=\"434\">93kg<\/td>\n<td width=\"431\">110kg<\/td>\n<\/tr>\n<tr>\n<td width=\"229\">\u00c2m l\u01b0\u1ee3ng<\/td>\n<td colspan=\"3\" width=\"1282\">\u00a0\u00a0900*710*970mm(XH-C6) 1270*710*970mm(XH-C10) 1300*710*970mm(XH-C12)<\/td>\n<\/tr>\n<tr>\n<td colspan=\"4\" width=\"1512\"><strong>HI\u1ec6U SU\u1ea4T V\u00c0 T\u00cdNH N\u0102NG <\/strong><\/p>\n<p>S\u1ed1 l\u01b0\u1ee3ng b\u1ea3n sao \u0111\u1eb7t tr\u01b0\u1edbc c\u00f3 s\u1eb5n.<\/p>\n<p>T\u1ef1 \u0111\u1ed9ng t\u1eaft hi\u1ec3n th\u1ecb l\u1ed7i, ch\u1eb3ng h\u1ea1n nh\u01b0 n\u1ea1p hai t\u1edd, k\u1eb9t gi\u1ea5y, h\u1ebft gi\u1ea5y, khay gi\u1ea5y \u0111\u1ea7y, v.v.<\/p>\n<p>Cung c\u1ea5p hai ch\u1ebf \u0111\u1ed9 x\u1ebfp ch\u1ed3ng: Ch\u1ebf \u0111\u1ed9 x\u1ebfp ch\u1ed3ng ch\u00e9o, ch\u1ebf \u0111\u1ed9 x\u1ebfp th\u1eb3ng<\/p>\n<p><strong>GIAO DI\u1ec6N \u0110\u1ed8C \u0110\u00c1O<\/strong><\/p>\n<p>B\u1ed9 chia gi\u1ea5y k\u1ef9 thu\u1eadt s\u1ed1 XSHEEN \u0111\u01b0\u1ee3c trang b\u1ecb m\u00e0n h\u00ecnh tinh th\u1ec3 l\u1ecfng c\u1ea3m \u1ee9ng m\u1ec1m, thao t\u00e1c d\u1ec5 d\u00e0ng v\u00e0 \u0111\u01a1n gi\u1ea3n<\/p>\n<p><strong>CH\u1ebe \u0110\u1ed8 \u0110\u1ebeM LINH HO\u1ea0T <\/strong><\/p>\n<p>B\u1ed9 \u0111\u1ed1i chi\u1ebfu gi\u1ea5y k\u1ef9 thu\u1eadt s\u1ed1 XSHEEN cung c\u1ea5p hai ch\u1ebf \u0111\u1ed9 \u0111\u1ebfm:<\/p>\n<p>Ch\u1ebf \u0111\u1ed9 \u0111\u1ebfm ng\u01b0\u1ee3c v\u00e0 ch\u1ebf \u0111\u1ed9 \u0111\u1ebfm ng\u01b0\u1ee3c<\/p>\n<p>Ch\u1ebf \u0111\u1ed9 \u0111\u1ebfm ng\u01b0\u1ee3c: \u0111\u1eb7t s\u1ed1 \u0111\u1ed1i chi\u1ebfu mong mu\u1ed1n tr\u01b0\u1edbc khi b\u1eaft \u0111\u1ea7u. M\u00e1y \u0111\u1ed1i chi\u1ebfu \u0111\u1ebfm ng\u01b0\u1ee3c. M\u00e1y t\u1ef1 \u0111\u1ed9ng d\u1eebng khi s\u1ed1 quay v\u1ec1 0.<\/p>\n<p>Ch\u1ebf \u0111\u1ed9 \u0111\u1ebfm t\u1edbi: M\u00e1y chia b\u1ed9 \u0111\u1ebfm t\u1edbi \u0111\u01a1n v\u1ecb t\u1ea5t c\u1ea3 c\u00e1c t\u1edd \u0111\u00e3 in \u0111\u01b0\u1ee3c \u0111\u1ed1i chi\u1ebfu ho\u00e0n to\u00e0n.<\/td>\n<\/tr>\n<\/tbody>\n<\/table>","protected":false},"excerpt":{"rendered":"<p>6 trays\/10 trays\/12 trays Digital Paper Collator Machine Model ES-P6 ES-P10 ES-P12 Station 6 10 12 Speed 2800shets\/hour\u00a0(A4\u00a0size paper) 2200sheets\/hour (A3 size paper) 3000shets\/hour\u00a0(A4\u00a0size paper) 2500sheets\/hour (A3 size paper) 3800shets\/hour\u00a0(A4\u00a0size paper) 3000sheets\/hour (A3 size paper) Paper size A3-A5 Paper\u00a0quality 40-210g\/m\u00b2 \uff08the first sheet and the last sheet \uff09 55 \u2013 120 gsm ( the middle [&hellip;]<\/p>","protected":false},"featured_media":736,"template":"","meta":{"site-sidebar-layout":"default","site-content-layout":"default","ast-site-content-layout":"default","site-content-style":"default","site-sidebar-style":"default","ast-global-header-display":"","ast-banner-title-visibility":"","ast-main-header-display":"","ast-hfb-above-header-display":"","ast-hfb-below-header-display":"","ast-hfb-mobile-header-display":"","site-post-title":"","ast-breadcrumbs-content":"","ast-featured-img":"","footer-sml-layout":"","theme-transparent-header-meta":"default","adv-header-id-meta":"","stick-header-meta":"","header-above-stick-meta":"","header-main-stick-meta":"","header-below-stick-meta":"","astra-migrate-meta-layouts":"default","ast-page-background-enabled":"default","ast-page-background-meta":{"desktop":{"background-color":"","background-image":"","background-repeat":"repeat","background-position":"center center","background-size":"auto","background-attachment":"scroll","background-type":"","background-media":"","overlay-type":"","overlay-color":"","overlay-opacity":"","overlay-gradient":""},"tablet":{"background-color":"","background-image":"","background-repeat":"repeat","background-position":"center center","background-size":"auto","background-attachment":"scroll","background-type":"","background-media":"","overlay-type":"","overlay-color":"","overlay-opacity":"","overlay-gradient":""},"mobile":{"background-color":"","background-image":"","background-repeat":"repeat","background-position":"center center","background-size":"auto","background-attachment":"scroll","background-type":"","background-media":"","overlay-type":"","overlay-color":"","overlay-opacity":"","overlay-gradient":""}},"ast-content-background-meta":{"desktop":{"background-color":"var(--ast-global-color-5)","background-image":"","background-repeat":"repeat","background-position":"center center","background-size":"auto","background-attachment":"scroll","background-type":"","background-media":"","overlay-type":"","overlay-color":"","overlay-opacity":"","overlay-gradient":""},"tablet":{"background-color":"var(--ast-global-color-5)","background-image":"","background-repeat":"repeat","background-position":"center center","background-size":"auto","background-attachment":"scroll","background-type":"","background-media":"","overlay-type":"","overlay-color":"","overlay-opacity":"","overlay-gradient":""},"mobile":{"background-color":"var(--ast-global-color-5)","background-image":"","background-repeat":"repeat","background-position":"center center","background-size":"auto","background-attachment":"scroll","background-type":"","background-media":"","overlay-type":"","overlay-color":"","overlay-opacity":"","overlay-gradient":""}}},"product_brand":[],"product_cat":[46],"product_tag":[],"class_list":{"0":"post-733","1":"product","2":"type-product","3":"status-publish","4":"has-post-thumbnail","6":"product_cat-paper-collator","7":"desktop-align-center","8":"tablet-align-left","9":"mobile-align-left","11":"first","12":"instock","13":"shipping-taxable","14":"product-type-simple"},"_links":{"self":[{"href":"https:\/\/estarmachinery.com\/vi\/wp-json\/wp\/v2\/product\/733","targetHints":{"allow":["GET"]}}],"collection":[{"href":"https:\/\/estarmachinery.com\/vi\/wp-json\/wp\/v2\/product"}],"about":[{"href":"https:\/\/estarmachinery.com\/vi\/wp-json\/wp\/v2\/types\/product"}],"wp:featuredmedia":[{"embeddable":true,"href":"https:\/\/estarmachinery.com\/vi\/wp-json\/wp\/v2\/media\/736"}],"wp:attachment":[{"href":"https:\/\/estarmachinery.com\/vi\/wp-json\/wp\/v2\/media?parent=733"}],"wp:term":[{"taxonomy":"product_brand","embeddable":true,"href":"https:\/\/estarmachinery.com\/vi\/wp-json\/wp\/v2\/product_brand?post=733"},{"taxonomy":"product_cat","embeddable":true,"href":"https:\/\/estarmachinery.com\/vi\/wp-json\/wp\/v2\/product_cat?post=733"},{"taxonomy":"product_tag","embeddable":true,"href":"https:\/\/estarmachinery.com\/vi\/wp-json\/wp\/v2\/product_tag?post=733"}],"curies":[{"name":"wp","href":"https:\/\/api.w.org\/{rel}","templated":true}]}}