{"id":739,"date":"2023-06-19T02:16:07","date_gmt":"2023-06-19T02:16:07","guid":{"rendered":"https:\/\/estarmachinery.com\/?post_type=product&#038;p=739"},"modified":"2023-07-13T08:55:36","modified_gmt":"2023-07-13T08:55:36","slug":"digital-paper-collator-machine","status":"publish","type":"product","link":"https:\/\/estarmachinery.com\/vi\/san-pham\/digital-paper-collator-machine\/","title":{"rendered":"M\u00e1y c\u1eaft gi\u1ea5y k\u1ef9 thu\u1eadt s\u1ed1"},"content":{"rendered":"<p style=\"text-align: center;\"><strong><b>M\u00e1y c\u1eaft gi\u1ea5y k\u1ef9 thu\u1eadt s\u1ed1<\/b><\/strong><\/p>\n<p><img fetchpriority=\"high\" decoding=\"async\" class=\"size-full wp-image-742 aligncenter\" src=\"https:\/\/estarmachinery.com\/wp-content\/uploads\/2023\/06\/e9dc6efbbb44751d22fbe67b9d81593.jpg\" alt=\"Digital Paper Collator Machine\" width=\"800\" height=\"800\" srcset=\"https:\/\/estarmachinery.com\/wp-content\/uploads\/2023\/06\/e9dc6efbbb44751d22fbe67b9d81593.jpg 800w, https:\/\/estarmachinery.com\/wp-content\/uploads\/2023\/06\/e9dc6efbbb44751d22fbe67b9d81593-300x300.jpg 300w, https:\/\/estarmachinery.com\/wp-content\/uploads\/2023\/06\/e9dc6efbbb44751d22fbe67b9d81593-150x150.jpg 150w, https:\/\/estarmachinery.com\/wp-content\/uploads\/2023\/06\/e9dc6efbbb44751d22fbe67b9d81593-768x768.jpg 768w, https:\/\/estarmachinery.com\/wp-content\/uploads\/2023\/06\/e9dc6efbbb44751d22fbe67b9d81593-600x600.jpg 600w, https:\/\/estarmachinery.com\/wp-content\/uploads\/2023\/06\/e9dc6efbbb44751d22fbe67b9d81593-100x100.jpg 100w\" sizes=\"(max-width: 800px) 100vw, 800px\" \/><\/p>\n<table>\n<tbody>\n<tr>\n<td width=\"329\">Ng\u01b0\u1eddi m\u1eabu<\/td>\n<td width=\"376\">ES-P4-440<\/td>\n<td width=\"301\">ES-P6-560<\/td>\n<td colspan=\"2\" width=\"478\">ES-P14-650<\/td>\n<\/tr>\n<tr>\n<td width=\"329\">t\u1ed1i \u0111a. kh\u1ed5 gi\u1ea5y<\/td>\n<td width=\"376\">440*300mm<\/td>\n<td width=\"301\">560*400mm<\/td>\n<td colspan=\"2\" width=\"478\">650*450mm<\/td>\n<\/tr>\n<tr>\n<td colspan=\"5\" width=\"1486\">PS: Ph\u1ea7n may l\u00e0 t\u00f9y ch\u1ecdn, chi ph\u00ed l\u00e0 6000 USD cho ph\u1ea7n may th\u00eam<\/td>\n<\/tr>\n<tr>\n<td width=\"329\">t\u1ed1i thi\u1ec3u kh\u1ed5 gi\u1ea5y<\/td>\n<td colspan=\"4\" width=\"1156\">297*210mm<\/td>\n<\/tr>\n<tr>\n<td width=\"329\">\u0111\u1ed9 d\u00e0y c\u1ee7a gi\u1ea5y<\/td>\n<td colspan=\"4\" width=\"1156\">30-1000GSM<\/td>\n<\/tr>\n<tr>\n<td width=\"329\">Chi\u1ec1u cao t\u1ea3i t\u1ed1i \u0111a<\/td>\n<td colspan=\"4\" width=\"1156\">450mm<\/td>\n<\/tr>\n<tr>\n<td width=\"329\">t\u1ed1i \u0111a. t\u1ed1c \u0111\u1ed9<\/td>\n<td colspan=\"4\" width=\"1156\">2000 t\u1edd\/gi\u1edd<\/td>\n<\/tr>\n<tr>\n<td width=\"329\">Quy\u1ec1n l\u1ef1c<\/td>\n<td width=\"376\">380V 50Hz 5,5kw<\/td>\n<td colspan=\"2\" width=\"348\">380V 50Hz 6,8kw<\/td>\n<td width=\"430\">380V 50Hz 10kw<\/td>\n<\/tr>\n<tr>\n<td width=\"329\">k\u00edch th\u01b0\u1edbc<\/td>\n<td width=\"376\">3200x1700x1300mm<\/td>\n<td colspan=\"2\" width=\"348\">3800x1400x1300mm<\/td>\n<td width=\"430\">8500x1900x1400mm<\/td>\n<\/tr>\n<tr>\n<td width=\"329\">C\u00e2n n\u1eb7ng<\/td>\n<td width=\"376\">800kg<\/td>\n<td colspan=\"2\" width=\"348\">1000kg<\/td>\n<td width=\"430\">1700kg<\/td>\n<\/tr>\n<tr>\n<td colspan=\"5\" width=\"1486\"><strong>T\u00ednh n\u0103ng m\u00e1y:<\/strong><\/p>\n<p>1. M\u00e1y c\u00f3 c\u1ea5u tr\u00fac nh\u1ecf g\u1ecdn, di\u1ec7n t\u00edch nh\u1ecf. N\u00f3 c\u00f3 th\u1ec3 \u0111\u01b0\u1ee3c t\u00f9y ch\u1ec9nh \u0111\u1ec3 \u0111\u1ed1i chi\u1ebfu nhi\u1ec1u trang h\u01a1n m\u00e0 kh\u00f4ng \u1ea3nh h\u01b0\u1edfng \u0111\u1ebfn t\u1ed1c \u0111\u1ed9 \u0111\u1ed1i chi\u1ebfu.<\/p>\n<p>2. \u0110i\u1ec1u khi\u1ec3n m\u00e0n h\u00ecnh c\u1ea3m \u1ee9ng PLC n\u00e2ng cao<\/p>\n<p>3. N\u1ea1p gi\u1ea5y theo h\u01b0\u1edbng th\u1eb3ng \u0111\u1ee9ng v\u00e0 gi\u1ea5y \u0111\u01b0\u1ee3c v\u1eadn chuy\u1ec3n theo h\u01b0\u1edbng ngang b\u1eb1ng thi\u1ebft b\u1ecb v\u1eadn chuy\u1ec3n b\u0103ng t\u1ea3i \u0111\u1ecbnh th\u1eddi ch\u00ednh x\u00e1c. Gi\u1ea5y \u0111\u01b0\u1ee3c thu th\u1eadp b\u1eb1ng c\u00e1ch rung \u0111\u1ec3 \u0111\u1ea3m b\u1ea3o s\u1ef1 ng\u0103n n\u1eafp c\u1ee7a c\u00e1c trang \u0111\u01b0\u1ee3c \u0111\u1ed1i chi\u1ebfu cu\u1ed1i c\u00f9ng.<\/p>\n<p>4. \u0110\u01b0\u1ee3c trang b\u1ecb thi\u1ebft b\u1ecb ph\u00e1t hi\u1ec7n gi\u1ea5y r\u1ea5t ti\u00ean ti\u1ebfn nh\u01b0 trang b\u1ecb thi\u1ebfu s\u1ebd t\u1ef1 \u0111\u1ed9ng \u0111\u01b0\u1ee3c \u0111i\u1ec1n, thi\u1ebft b\u1ecb c\u1ea3nh b\u00e1o hai t\u1edd, v.v.<\/p>\n<p>5. B\u1ed9 ph\u1eadn may s\u00e1ch ho\u1eb7c kh\u00e2u s\u00e1ch l\u00e0 t\u00f9y ch\u1ecdn.<\/td>\n<\/tr>\n<\/tbody>\n<\/table>","protected":false},"excerpt":{"rendered":"<p>Digital Paper Collator Machine Model ES-P4-440 ES-P6-560 ES-P14-650 Max. paper size 440*300mm 560*400mm 650*450mm PS: The sewing part is optional, the cost is USD6000 for extra sewing part Min. paper size 297*210mm Paper thickness 30-1000GSM Max .loading height 450mm Max. speed 2000 sheets\/hour Power 380V 50Hz 5.5kw 380V 50Hz 6.8kw 380V 50Hz 10kw Dimensions 3200x1700x1300mm [&hellip;]<\/p>","protected":false},"featured_media":740,"template":"","meta":{"site-sidebar-layout":"default","site-content-layout":"default","ast-site-content-layout":"default","site-content-style":"default","site-sidebar-style":"default","ast-global-header-display":"","ast-banner-title-visibility":"","ast-main-header-display":"","ast-hfb-above-header-display":"","ast-hfb-below-header-display":"","ast-hfb-mobile-header-display":"","site-post-title":"","ast-breadcrumbs-content":"","ast-featured-img":"","footer-sml-layout":"","theme-transparent-header-meta":"default","adv-header-id-meta":"","stick-header-meta":"","header-above-stick-meta":"","header-main-stick-meta":"","header-below-stick-meta":"","astra-migrate-meta-layouts":"default","ast-page-background-enabled":"default","ast-page-background-meta":{"desktop":{"background-color":"","background-image":"","background-repeat":"repeat","background-position":"center center","background-size":"auto","background-attachment":"scroll","background-type":"","background-media":"","overlay-type":"","overlay-color":"","overlay-opacity":"","overlay-gradient":""},"tablet":{"background-color":"","background-image":"","background-repeat":"repeat","background-position":"center center","background-size":"auto","background-attachment":"scroll","background-type":"","background-media":"","overlay-type":"","overlay-color":"","overlay-opacity":"","overlay-gradient":""},"mobile":{"background-color":"","background-image":"","background-repeat":"repeat","background-position":"center center","background-size":"auto","background-attachment":"scroll","background-type":"","background-media":"","overlay-type":"","overlay-color":"","overlay-opacity":"","overlay-gradient":""}},"ast-content-background-meta":{"desktop":{"background-color":"var(--ast-global-color-5)","background-image":"","background-repeat":"repeat","background-position":"center center","background-size":"auto","background-attachment":"scroll","background-type":"","background-media":"","overlay-type":"","overlay-color":"","overlay-opacity":"","overlay-gradient":""},"tablet":{"background-color":"var(--ast-global-color-5)","background-image":"","background-repeat":"repeat","background-position":"center center","background-size":"auto","background-attachment":"scroll","background-type":"","background-media":"","overlay-type":"","overlay-color":"","overlay-opacity":"","overlay-gradient":""},"mobile":{"background-color":"var(--ast-global-color-5)","background-image":"","background-repeat":"repeat","background-position":"center center","background-size":"auto","background-attachment":"scroll","background-type":"","background-media":"","overlay-type":"","overlay-color":"","overlay-opacity":"","overlay-gradient":""}}},"product_brand":[],"product_cat":[60,46],"product_tag":[],"class_list":{"0":"post-739","1":"product","2":"type-product","3":"status-publish","4":"has-post-thumbnail","6":"product_cat-hot-machine","7":"product_cat-paper-collator","8":"desktop-align-center","9":"tablet-align-left","10":"mobile-align-left","12":"first","13":"instock","14":"shipping-taxable","15":"product-type-simple"},"_links":{"self":[{"href":"https:\/\/estarmachinery.com\/vi\/wp-json\/wp\/v2\/product\/739","targetHints":{"allow":["GET"]}}],"collection":[{"href":"https:\/\/estarmachinery.com\/vi\/wp-json\/wp\/v2\/product"}],"about":[{"href":"https:\/\/estarmachinery.com\/vi\/wp-json\/wp\/v2\/types\/product"}],"wp:featuredmedia":[{"embeddable":true,"href":"https:\/\/estarmachinery.com\/vi\/wp-json\/wp\/v2\/media\/740"}],"wp:attachment":[{"href":"https:\/\/estarmachinery.com\/vi\/wp-json\/wp\/v2\/media?parent=739"}],"wp:term":[{"taxonomy":"product_brand","embeddable":true,"href":"https:\/\/estarmachinery.com\/vi\/wp-json\/wp\/v2\/product_brand?post=739"},{"taxonomy":"product_cat","embeddable":true,"href":"https:\/\/estarmachinery.com\/vi\/wp-json\/wp\/v2\/product_cat?post=739"},{"taxonomy":"product_tag","embeddable":true,"href":"https:\/\/estarmachinery.com\/vi\/wp-json\/wp\/v2\/product_tag?post=739"}],"curies":[{"name":"wp","href":"https:\/\/api.w.org\/{rel}","templated":true}]}}