{"id":760,"date":"2023-06-19T02:28:41","date_gmt":"2023-06-19T02:28:41","guid":{"rendered":"https:\/\/estarmachinery.com\/?post_type=product&#038;p=760"},"modified":"2023-07-06T07:04:34","modified_gmt":"2023-07-06T07:04:34","slug":"xh4fc-a3-desktop-paper-folding-machine","status":"publish","type":"product","link":"https:\/\/estarmachinery.com\/vi\/san-pham\/xh4fc-a3-desktop-paper-folding-machine\/","title":{"rendered":"M\u00e1y g\u1ea5p gi\u1ea5y \u0111\u1ec3 b\u00e0n XH4FC-A3"},"content":{"rendered":"<p style=\"text-align: center;\"><strong>XH2F-A3<\/strong><strong> M\u00e1y g\u1ea5p gi\u1ea5y \u0111\u1ec3 b\u00e0n<\/strong><\/p>\n<p><img fetchpriority=\"high\" decoding=\"async\" class=\"size-full wp-image-753 aligncenter\" src=\"https:\/\/estarmachinery.com\/wp-content\/uploads\/2023\/06\/\u8c03\u6574\u5927\u5c0f-\u516d\u68b3\u673a\u6b63\u9762\u56fe.jpg\" alt=\"\" width=\"800\" height=\"800\" srcset=\"https:\/\/estarmachinery.com\/wp-content\/uploads\/2023\/06\/\u8c03\u6574\u5927\u5c0f-\u516d\u68b3\u673a\u6b63\u9762\u56fe.jpg 800w, https:\/\/estarmachinery.com\/wp-content\/uploads\/2023\/06\/\u8c03\u6574\u5927\u5c0f-\u516d\u68b3\u673a\u6b63\u9762\u56fe-300x300.jpg 300w, https:\/\/estarmachinery.com\/wp-content\/uploads\/2023\/06\/\u8c03\u6574\u5927\u5c0f-\u516d\u68b3\u673a\u6b63\u9762\u56fe-150x150.jpg 150w, https:\/\/estarmachinery.com\/wp-content\/uploads\/2023\/06\/\u8c03\u6574\u5927\u5c0f-\u516d\u68b3\u673a\u6b63\u9762\u56fe-768x768.jpg 768w, https:\/\/estarmachinery.com\/wp-content\/uploads\/2023\/06\/\u8c03\u6574\u5927\u5c0f-\u516d\u68b3\u673a\u6b63\u9762\u56fe-600x600.jpg 600w, https:\/\/estarmachinery.com\/wp-content\/uploads\/2023\/06\/\u8c03\u6574\u5927\u5c0f-\u516d\u68b3\u673a\u6b63\u9762\u56fe-100x100.jpg 100w\" sizes=\"(max-width: 800px) 100vw, 800px\" \/><\/p>\n<table>\n<tbody>\n<tr>\n<td colspan=\"2\" width=\"1296\"><strong>S\u1ef1 ch\u1ec9 r\u00f5<\/strong><\/td>\n<\/tr>\n<tr>\n<td width=\"336\">Ph\u01b0\u01a1ng ph\u00e1p cho \u0103n<\/td>\n<td width=\"960\">con l\u0103n \u0111\u00f3n<\/td>\n<\/tr>\n<tr>\n<td width=\"336\">Ngu\u1ed3n c\u1ea5p<\/td>\n<td width=\"960\">220V50Hz 0,4A 120W<\/td>\n<\/tr>\n<tr>\n<td width=\"336\">Kh\u1ed5 gi\u1ea5y<\/td>\n<td width=\"960\">T\u1ed1i \u0111a297(W)x432(L)mm T\u1ed1i thi\u1ec3u 68 (W)x86(L)mm<\/td>\n<\/tr>\n<tr>\n<td width=\"336\">Lo\u1ea1i gi\u1ea5y<\/td>\n<td width=\"960\">50g-180g Gi\u1ea5y ch\u1ea5t l\u01b0\u1ee3ng t\u1ed1t, Gi\u1ea5y t\u00e1i ch\u1ebf, Gi\u1ea5y tr\u00e1i phi\u1ebfu<\/td>\n<\/tr>\n<tr>\n<td width=\"336\">Qu\u1ea7y t\u00ednh ti\u1ec1n :<\/td>\n<td width=\"960\">4 ch\u1eef s\u1ed1 (\u0111\u1ebfm l\u00ean), 3 ch\u1eef s\u1ed1 (\u0111\u1ebfm xu\u1ed1ng)<\/td>\n<\/tr>\n<tr>\n<td width=\"336\">T\u1eadp tin \u0111\u00ednh k\u00e8m<\/td>\n<td width=\"960\">M\u1ed9t nh\u00f3m c\u00e1c con l\u0103n \u00e9p d\u00f2ng (h\u01a1n ba)<\/td>\n<\/tr>\n<tr>\n<td width=\"336\">T\u1ed1c \u0111\u1ed9<\/td>\n<td width=\"960\">120 t\u1edd m\u1ed7i ph\u00fat (220V, gi\u1ea5y A4 ch\u1ea5t l\u01b0\u1ee3ng t\u1ed1t 80 g \/\u33a1, g\u1ea5p m\u1ed9t l\u1ea7n)<\/td>\n<\/tr>\n<tr>\n<td width=\"336\">Kh\u1ea3 n\u0103ng n\u1ea1p gi\u1ea5y<\/td>\n<td width=\"960\">500 t\u1edd<\/td>\n<\/tr>\n<tr>\n<td width=\"336\">K\u00edch th\u01b0\u1edbc:<\/td>\n<td width=\"960\">1240(W)\u00d7 550 (D)\u00d7 464(H)<\/td>\n<\/tr>\n<tr>\n<td width=\"336\">Kh\u1ed1i l\u01b0\u1ee3ng t\u1ecbnh:<\/td>\n<td width=\"960\">48kg<\/td>\n<\/tr>\n<\/tbody>\n<\/table>\n<p><img decoding=\"async\" class=\"alignnone  wp-image-761\" src=\"https:\/\/estarmachinery.com\/wp-content\/uploads\/2023\/06\/111.png\" alt=\"\" width=\"1042\" height=\"308\" srcset=\"https:\/\/estarmachinery.com\/wp-content\/uploads\/2023\/06\/111.png 989w, https:\/\/estarmachinery.com\/wp-content\/uploads\/2023\/06\/111-300x89.png 300w, https:\/\/estarmachinery.com\/wp-content\/uploads\/2023\/06\/111-768x227.png 768w, https:\/\/estarmachinery.com\/wp-content\/uploads\/2023\/06\/111-600x177.png 600w\" sizes=\"(max-width: 1042px) 100vw, 1042px\" \/><\/p>\n<p>&nbsp;<\/p>","protected":false},"excerpt":{"rendered":"<p>XH2F-A3 Desktop paper folding machine Specification Feeding Method Pickup roller Power supply 220V50Hz 0.4A 120W Paper Size Max.297(W)x432(L)mm \u00a0\u00a0Min.68 (W)x86(L)mm Paper Type 50g-180g \u00a0Fine quality paper, Recycled paper, Bond paper Counter : 4 digits (count up), 3 digits (count down) Attachment A group of line press rollers (more than three) Speed 120 sheets per minute [&hellip;]<\/p>","protected":false},"featured_media":754,"template":"","meta":{"site-sidebar-layout":"default","site-content-layout":"default","ast-site-content-layout":"default","site-content-style":"default","site-sidebar-style":"default","ast-global-header-display":"","ast-banner-title-visibility":"","ast-main-header-display":"","ast-hfb-above-header-display":"","ast-hfb-below-header-display":"","ast-hfb-mobile-header-display":"","site-post-title":"","ast-breadcrumbs-content":"","ast-featured-img":"","footer-sml-layout":"","theme-transparent-header-meta":"default","adv-header-id-meta":"","stick-header-meta":"","header-above-stick-meta":"","header-main-stick-meta":"","header-below-stick-meta":"","astra-migrate-meta-layouts":"default","ast-page-background-enabled":"default","ast-page-background-meta":{"desktop":{"background-color":"","background-image":"","background-repeat":"repeat","background-position":"center center","background-size":"auto","background-attachment":"scroll","background-type":"","background-media":"","overlay-type":"","overlay-color":"","overlay-opacity":"","overlay-gradient":""},"tablet":{"background-color":"","background-image":"","background-repeat":"repeat","background-position":"center center","background-size":"auto","background-attachment":"scroll","background-type":"","background-media":"","overlay-type":"","overlay-color":"","overlay-opacity":"","overlay-gradient":""},"mobile":{"background-color":"","background-image":"","background-repeat":"repeat","background-position":"center center","background-size":"auto","background-attachment":"scroll","background-type":"","background-media":"","overlay-type":"","overlay-color":"","overlay-opacity":"","overlay-gradient":""}},"ast-content-background-meta":{"desktop":{"background-color":"var(--ast-global-color-5)","background-image":"","background-repeat":"repeat","background-position":"center center","background-size":"auto","background-attachment":"scroll","background-type":"","background-media":"","overlay-type":"","overlay-color":"","overlay-opacity":"","overlay-gradient":""},"tablet":{"background-color":"var(--ast-global-color-5)","background-image":"","background-repeat":"repeat","background-position":"center center","background-size":"auto","background-attachment":"scroll","background-type":"","background-media":"","overlay-type":"","overlay-color":"","overlay-opacity":"","overlay-gradient":""},"mobile":{"background-color":"var(--ast-global-color-5)","background-image":"","background-repeat":"repeat","background-position":"center center","background-size":"auto","background-attachment":"scroll","background-type":"","background-media":"","overlay-type":"","overlay-color":"","overlay-opacity":"","overlay-gradient":""}}},"product_brand":[],"product_cat":[47],"product_tag":[],"class_list":{"0":"post-760","1":"product","2":"type-product","3":"status-publish","4":"has-post-thumbnail","6":"product_cat-folding-machine","7":"desktop-align-center","8":"tablet-align-left","9":"mobile-align-left","11":"first","12":"instock","13":"shipping-taxable","14":"product-type-simple"},"_links":{"self":[{"href":"https:\/\/estarmachinery.com\/vi\/wp-json\/wp\/v2\/product\/760","targetHints":{"allow":["GET"]}}],"collection":[{"href":"https:\/\/estarmachinery.com\/vi\/wp-json\/wp\/v2\/product"}],"about":[{"href":"https:\/\/estarmachinery.com\/vi\/wp-json\/wp\/v2\/types\/product"}],"wp:featuredmedia":[{"embeddable":true,"href":"https:\/\/estarmachinery.com\/vi\/wp-json\/wp\/v2\/media\/754"}],"wp:attachment":[{"href":"https:\/\/estarmachinery.com\/vi\/wp-json\/wp\/v2\/media?parent=760"}],"wp:term":[{"taxonomy":"product_brand","embeddable":true,"href":"https:\/\/estarmachinery.com\/vi\/wp-json\/wp\/v2\/product_brand?post=760"},{"taxonomy":"product_cat","embeddable":true,"href":"https:\/\/estarmachinery.com\/vi\/wp-json\/wp\/v2\/product_cat?post=760"},{"taxonomy":"product_tag","embeddable":true,"href":"https:\/\/estarmachinery.com\/vi\/wp-json\/wp\/v2\/product_tag?post=760"}],"curies":[{"name":"wp","href":"https:\/\/api.w.org\/{rel}","templated":true}]}}